{"id":93,"date":"2023-08-09T13:13:37","date_gmt":"2023-08-09T16:13:37","guid":{"rendered":"http:\/\/desabhc.ticma.com.ar\/?page_id=93"},"modified":"2024-12-17T15:56:37","modified_gmt":"2024-12-17T18:56:37","slug":"visitas","status":"publish","type":"page","link":"https:\/\/bodegahcanale.com\/por\/visitas\/","title":{"rendered":"Visitas"},"content":{"rendered":"<div data-elementor-type=\"wp-page\" data-elementor-id=\"93\" class=\"elementor elementor-93\" data-elementor-post-type=\"page\">\n\t\t\t\t<div class=\"elementor-element elementor-element-549d09d6 e-con-full e-flex e-con e-parent\" data-id=\"549d09d6\" data-element_type=\"container\" data-settings=\"{&quot;background_background&quot;:&quot;classic&quot;}\">\n\t\t\t\t<\/div>\n\t\t<div class=\"elementor-element elementor-element-30838f24 e-con-full e-flex e-con e-parent\" data-id=\"30838f24\" data-element_type=\"container\">\n\t\t<div class=\"elementor-element elementor-element-5b764878 e-con-full e-flex e-con e-child\" data-id=\"5b764878\" data-element_type=\"container\" data-settings=\"{&quot;background_background&quot;:&quot;classic&quot;}\">\n\t\t\t\t<div class=\"elementor-element elementor-element-282b9053 elementor-widget elementor-widget-image\" data-id=\"282b9053\" data-element_type=\"widget\" data-widget_type=\"image.default\">\n\t\t\t\t<div class=\"elementor-widget-container\">\n\t\t\t\t\t\t\t\t\t\t\t\t\t\t\t<img fetchpriority=\"high\" decoding=\"async\" width=\"960\" height=\"890\" src=\"https:\/\/bodegahcanale.com\/wp-content\/uploads\/2023\/10\/IMG_2762-scaled-1.jpg\" class=\"attachment-full size-full wp-image-2146\" alt=\"\" srcset=\"https:\/\/bodegahcanale.com\/wp-content\/uploads\/2023\/10\/IMG_2762-scaled-1.jpg 960w, https:\/\/bodegahcanale.com\/wp-content\/uploads\/2023\/10\/IMG_2762-scaled-1-300x278.jpg 300w, https:\/\/bodegahcanale.com\/wp-content\/uploads\/2023\/10\/IMG_2762-scaled-1-768x712.jpg 768w\" sizes=\"(max-width: 960px) 100vw, 960px\" \/>\t\t\t\t\t\t\t\t\t\t\t\t\t\t\t<\/div>\n\t\t\t\t<\/div>\n\t\t\t\t<\/div>\n\t\t<div class=\"elementor-element elementor-element-68b406e7 e-con-full elementor-hidden-mobile elementor-hidden-mobile_extra e-flex e-con e-child\" data-id=\"68b406e7\" data-element_type=\"container\">\n\t\t\t\t<\/div>\n\t\t<div class=\"elementor-element elementor-element-ab31e45 e-con-full e-flex e-con e-child\" data-id=\"ab31e45\" data-element_type=\"container\">\n\t\t\t\t<div class=\"elementor-element elementor-element-6f3f7357 elementor-widget elementor-widget-heading\" data-id=\"6f3f7357\" data-element_type=\"widget\" data-widget_type=\"heading.default\">\n\t\t\t\t<div class=\"elementor-widget-container\">\n\t\t\t\t\t<h2 class=\"elementor-heading-title elementor-size-default\">Visitas di\u00e1rias<\/h2>\t\t\t\t<\/div>\n\t\t\t\t<\/div>\n\t\t<div class=\"elementor-element elementor-element-5b5f723e e-con-full e-flex e-con e-child\" data-id=\"5b5f723e\" data-element_type=\"container\">\n\t\t\t\t<div class=\"elementor-element elementor-element-217dd4e2 elementor-widget elementor-widget-text-editor\" data-id=\"217dd4e2\" data-element_type=\"widget\" data-widget_type=\"text-editor.default\">\n\t\t\t\t<div class=\"elementor-widget-container\">\n\t\t\t\t\t\t\t\t\t<p>Convidamo-lo a visitar a nossa adega e saborear os nossos vinhos. Oferecemos visitas guiadas todos os dias e viagens especialmente concebidas para que voc\u00ea possa sentir a experi\u00eancia de viver a Patag\u00f4nia: Trekking nas vinhas, participando na colheita, flutuando no rio e muitas outras atividades. Entre em contato conosco e descobri mais sobre nossas propostas.<\/p>\t\t\t\t\t\t\t\t<\/div>\n\t\t\t\t<\/div>\n\t\t\t\t<div class=\"elementor-element elementor-element-687681a2 elementor-widget elementor-widget-text-editor\" data-id=\"687681a2\" data-element_type=\"widget\" data-widget_type=\"text-editor.default\">\n\t\t\t\t<div class=\"elementor-widget-container\">\n\t\t\t\t\t\t\t\t\t<p><span> <\/span><\/p>\t\t\t\t\t\t\t\t<\/div>\n\t\t\t\t<\/div>\n\t\t\t\t<div class=\"elementor-element elementor-element-2f7d191 elementor-widget elementor-widget-text-editor\" data-id=\"2f7d191\" data-element_type=\"widget\" data-widget_type=\"text-editor.default\">\n\t\t\t\t<div class=\"elementor-widget-container\">\n\t\t\t\t\t\t\t\t\t<p>Quarta a sexta: sa\u00eddas \u00e0s 11h.<\/p>\t\t\t\t\t\t\t\t<\/div>\n\t\t\t\t<\/div>\n\t\t\t\t<div class=\"elementor-element elementor-element-ffefb2f elementor-widget elementor-widget-text-editor\" data-id=\"ffefb2f\" data-element_type=\"widget\" data-widget_type=\"text-editor.default\">\n\t\t\t\t<div class=\"elementor-widget-container\">\n\t\t\t\t\t\t\t\t\t<p>S\u00e1bados e domingos: sa\u00eddas \u00e0s 12h.<\/p>\t\t\t\t\t\t\t\t<\/div>\n\t\t\t\t<\/div>\n\t\t\t\t<div class=\"elementor-element elementor-element-4e00c937 elementor-widget elementor-widget-eael-creative-button\" data-id=\"4e00c937\" data-element_type=\"widget\" data-widget_type=\"eael-creative-button.default\">\n\t\t\t\t<div class=\"elementor-widget-container\">\n\t\t\t\t\t        <div class=\"eael-creative-button-wrapper\">\n\n            <a class=\"eael-creative-button eael-creative-button--default\" href=\"https:\/\/wa.me\/+5492984549396\" target=\"_blank\" data-text=\"\">\n\n\t    \n                <div class=\"creative-button-inner\">\n\n                    \n                    <span class=\"cretive-button-text\">CONTATO<\/span>\n\n                                    <\/div>\n\t                        <\/a>\n        <\/div>\n\t\t\t\t<\/div>\n\t\t\t\t<\/div>\n\t\t\t\t<\/div>\n\t\t\t\t<\/div>\n\t\t\t\t<\/div>\n\t\t<div class=\"elementor-element elementor-element-374dd694 e-con-full e-flex e-con e-parent\" data-id=\"374dd694\" data-element_type=\"container\" data-settings=\"{&quot;background_background&quot;:&quot;classic&quot;}\">\n\t\t\t\t<div class=\"elementor-element elementor-element-17430eaa elementor-invisible elementor-widget elementor-widget-heading\" data-id=\"17430eaa\" data-element_type=\"widget\" data-settings=\"{&quot;_animation&quot;:&quot;zoomIn&quot;}\" data-widget_type=\"heading.default\">\n\t\t\t\t<div class=\"elementor-widget-container\">\n\t\t\t\t\t<h2 class=\"elementor-heading-title elementor-size-default\">Meio-dia nas vinhas<\/h2>\t\t\t\t<\/div>\n\t\t\t\t<\/div>\n\t\t\t\t<div class=\"elementor-element elementor-element-09821d3 elementor-widget elementor-widget-eael-creative-button\" data-id=\"09821d3\" data-element_type=\"widget\" data-widget_type=\"eael-creative-button.default\">\n\t\t\t\t<div class=\"elementor-widget-container\">\n\t\t\t\t\t        <div class=\"eael-creative-button-wrapper\">\n\n            <a class=\"eael-creative-button eael-creative-button--default\" href=\"https:\/\/wa.me\/+5492984549396\" target=\"_blank\" data-text=\"\">\n\n\t    \n                <div class=\"creative-button-inner\">\n\n                    \n                    <span class=\"cretive-button-text\">RESERVA<\/span>\n\n                                    <\/div>\n\t                        <\/a>\n        <\/div>\n\t\t\t\t<\/div>\n\t\t\t\t<\/div>\n\t\t\t\t<\/div>\n\t\t<div class=\"elementor-element elementor-element-c2587d4 e-con-full e-flex e-con e-parent\" data-id=\"c2587d4\" data-element_type=\"container\">\n\t\t\t\t<div class=\"elementor-element elementor-element-b1051d8 experiencia elementor-invisible elementor-widget elementor-widget-heading\" data-id=\"b1051d8\" data-element_type=\"widget\" id=\"experiencia\" data-settings=\"{&quot;_animation&quot;:&quot;zoomIn&quot;}\" data-widget_type=\"heading.default\">\n\t\t\t\t<div class=\"elementor-widget-container\">\n\t\t\t\t\t<h2 class=\"elementor-heading-title elementor-size-default\">Compartilhe sua experi\u00eancia em<\/h2>\t\t\t\t<\/div>\n\t\t\t\t<\/div>\n\t\t\t\t<div class=\"elementor-element elementor-element-83bc6e8 elementor-widget elementor-widget-eael-creative-button\" data-id=\"83bc6e8\" data-element_type=\"widget\" data-widget_type=\"eael-creative-button.default\">\n\t\t\t\t<div class=\"elementor-widget-container\">\n\t\t\t\t\t        <div class=\"eael-creative-button-wrapper\">\n\n            <a class=\"eael-creative-button eael-creative-button--default\" href=\"https:\/\/www.tripadvisor.com.ar\/Attraction_Review-g1203070-d8364759-Reviews-Humberto_Canale_Bodega-General_Roca_Province_of_Rio_Negro_Patagonia.html?m=19907\" target=\"_blank\" data-text=\"\">\n\n\t    \n                <div class=\"creative-button-inner\">\n\n                                            <span class=\"eael-creative-button-icon-left\"><svg xmlns=\"http:\/\/www.w3.org\/2000\/svg\" xmlns:xlink=\"http:\/\/www.w3.org\/1999\/xlink\" id=\"Layer_1\" x=\"0px\" y=\"0px\" width=\"3354.111px\" height=\"713.496px\" viewbox=\"0 0 3354.111 713.496\" xml:space=\"preserve\"> <g> <path d=\"M3335.258,476.767c-10.404,0-18.854,8.45-18.854,18.854c0,10.404,8.449,18.854,18.854,18.854 c10.402,0,18.854-8.45,18.854-18.854C3354.111,485.217,3345.66,476.767,3335.258,476.767z M3335.258,511.485 c-8.77,0-15.865-7.136-15.865-15.864c0-8.77,7.135-15.864,15.865-15.864c8.77,0,15.904,7.135,15.904,15.864 C3351.162,504.35,3344.027,511.485,3335.258,511.485z M3341.396,492.392c0-3.428-2.432-5.461-6.02-5.461h-6.02v17.18h2.949v-6.218 h3.229l3.109,6.218h3.189l-3.428-6.855C3340.24,496.418,3341.396,494.743,3341.396,492.392z M3335.258,495.222h-2.91v-5.699h2.91 c1.992,0,3.188,0.996,3.188,2.83C3338.445,494.226,3337.211,495.222,3335.258,495.222z M1063.508,285.956v-45.6h-69.914v271.288 h69.914V348.976c0-29.457,18.894-43.927,48.351-43.927h38.266v-64.692h-32.686C1091.849,240.356,1069.607,253.709,1063.508,285.956 z M1215.615,133.053c-23.916,0-42.252,18.894-42.252,42.81c0,23.358,18.336,42.252,42.252,42.252s42.252-18.894,42.252-42.252 C1257.866,151.946,1239.531,133.053,1215.615,133.053z M1180.737,511.645h69.756V240.356h-69.756V511.645z M1582.766,376 c0,77.448-62.779,140.229-140.228,140.229c-31.251,0-59.591-10.244-82.312-27.544v102.601h-69.755V240.356h69.755v22.959 c22.721-17.299,51.061-27.543,82.312-27.543C1519.987,235.772,1582.766,298.552,1582.766,376z M1512.573,376 c0-42.052-34.12-76.173-76.173-76.173s-76.173,34.121-76.173,76.173c0,42.053,34.121,76.173,76.173,76.173 C1478.453,452.173,1512.573,418.093,1512.573,376z M2795.152,352.204l-40.697-11.161c-26.785-6.976-37.189-15.187-37.189-29.337 c0-13.792,14.668-23.438,35.635-23.438c19.971,0,35.635,13.074,35.635,29.815v1.554h64.295v-1.554 c0-49.228-40.139-82.312-99.93-82.312c-59.191,0-102.201,33.044-102.201,78.604c0,35.436,23.477,62.142,64.453,73.223 l38.984,10.643c29.615,8.211,40.617,17.3,40.617,33.603c0,17.18-15.904,28.739-39.582,28.739 c-24.674,0-41.295-15.626-41.295-38.824v-1.555h-68.24v1.555c0,55.645,44.803,94.548,108.979,94.548 c61.822,0,106.705-37.986,106.705-90.283C2861.32,400.354,2849.84,366.793,2795.152,352.204z M1830.219,240.356h69.754v271.288 h-69.754v-22.96c-22.721,17.3-51.062,27.544-82.312,27.544c-77.447,0-140.227-62.78-140.227-140.229s62.78-140.228,140.227-140.228 c31.25,0,59.592,10.244,82.312,27.543V240.356z M1830.219,376L1830.219,376c0-42.092-34.121-76.173-76.174-76.173 s-76.172,34.121-76.172,76.173c0,42.053,34.119,76.173,76.172,76.173C1796.137,452.173,1830.219,418.093,1830.219,376z M2151.85,143.815h69.756v367.869h-69.756v-22.96c-22.721,17.3-51.061,27.544-82.311,27.544 c-77.449,0-140.229-62.78-140.229-140.229s62.779-140.228,140.229-140.228c31.25,0,59.59,10.244,82.311,27.543V143.815z M2151.85,376c0-42.052-34.121-76.173-76.174-76.173c-42.051,0-76.172,34.121-76.172,76.173c0,42.053,34.08,76.173,76.172,76.173 C2117.729,452.173,2151.85,418.093,2151.85,376z M2545.469,511.645h69.754V240.356h-69.754V511.645z M2580.346,133.053 c-23.916,0-42.252,18.894-42.252,42.81c0,23.358,18.336,42.252,42.252,42.252s42.252-18.894,42.252-42.252 C2622.598,151.946,2604.262,133.053,2580.346,133.053z M3162.822,376c0,77.448-62.779,140.229-140.229,140.229 c-77.447,0-140.227-62.78-140.227-140.229s62.779-140.228,140.227-140.228C3100.043,235.772,3162.822,298.552,3162.822,376z M3098.768,376c0-42.052-34.121-76.173-76.174-76.173s-76.172,34.121-76.172,76.173c0,42.053,34.08,76.173,76.172,76.173 C3064.646,452.173,3098.768,418.093,3098.768,376z M1027.793,143.815H760.212v62.222h99.053v305.607h69.516V206.037h99.053v-62.222 H1027.793z M2381.006,437.345l-62.062-196.988h-73.264l93.074,271.288h83.945l93.631-271.288h-73.264L2381.006,437.345z M3265.023,285.956v-45.6h-69.914v271.288h69.914V348.976c0-29.457,18.895-43.927,48.35-43.927h38.266v-64.692h-32.684 C3293.363,240.356,3271.162,253.709,3265.023,285.956z\"><\/path> <circle fill=\"#34E0A1\" cx=\"356.749\" cy=\"356.748\" r=\"356.748\"><\/circle> <path d=\"M577.095,287.152l43.049-46.836h-95.465c-47.792-32.646-105.51-51.659-167.931-51.659 c-62.342,0-119.899,19.054-167.612,51.659H93.432l43.049,46.836c-26.387,24.075-42.929,58.754-42.929,97.259 c0,72.665,58.914,131.578,131.579,131.578c34.519,0,65.968-13.313,89.446-35.077l42.172,45.919l42.172-45.879 c23.478,21.764,54.887,35.037,89.406,35.037c72.665,0,131.658-58.913,131.658-131.578 C620.024,345.866,603.483,311.188,577.095,287.152z M225.17,473.458c-49.188,0-89.047-39.859-89.047-89.047 s39.86-89.048,89.047-89.048c49.187,0,89.047,39.86,89.047,89.048S274.357,473.458,225.17,473.458z M356.788,381.82 c0-58.595-42.61-108.898-98.853-130.383c30.413-12.716,63.776-19.771,98.813-19.771s68.439,7.055,98.853,19.771 C399.399,272.962,356.788,323.226,356.788,381.82z M488.367,473.458c-49.188,0-89.048-39.859-89.048-89.047 s39.86-89.048,89.048-89.048s89.047,39.86,89.047,89.048S537.554,473.458,488.367,473.458z M488.367,337.694 c-25.79,0-46.677,20.887-46.677,46.677c0,25.789,20.887,46.676,46.677,46.676c25.789,0,46.676-20.887,46.676-46.676 C535.042,358.621,514.156,337.694,488.367,337.694z M271.846,384.411c0,25.789-20.887,46.676-46.676,46.676 s-46.676-20.887-46.676-46.676c0-25.79,20.887-46.677,46.676-46.677C250.959,337.694,271.846,358.621,271.846,384.411z\"><\/path> <\/g> <\/svg><\/span>                    \n                    <span class=\"cretive-button-text\"><\/span>\n\n                                    <\/div>\n\t                        <\/a>\n        <\/div>\n\t\t\t\t<\/div>\n\t\t\t\t<\/div>\n\t\t\t\t<\/div>\n\t\t\t\t<\/div>","protected":false},"excerpt":{"rendered":"<p>Visitas diarias Ven\u00ed a conocer la bodega y los vi\u00f1edos junto a nuestros especialistas y degustar nuestros vinos. Nuestros vinos son la excusa perfecta para contar nuestra historia y transmitir el legado de cinco generaciones en el Alto Valle de R\u00edo Negro. Mi\u00e9rcoles a viernes: salidas 11 hs. S\u00e1bados y domingos: salidas 12 hs. CONTACTAR [&hellip;]<\/p>","protected":false},"author":1,"featured_media":0,"parent":0,"menu_order":0,"comment_status":"closed","ping_status":"closed","template":"elementor_header_footer","meta":{"footnotes":""},"class_list":["post-93","page","type-page","status-publish","hentry"],"blocksy_meta":[],"_links":{"self":[{"href":"https:\/\/bodegahcanale.com\/por\/wp-json\/wp\/v2\/pages\/93","targetHints":{"allow":["GET"]}}],"collection":[{"href":"https:\/\/bodegahcanale.com\/por\/wp-json\/wp\/v2\/pages"}],"about":[{"href":"https:\/\/bodegahcanale.com\/por\/wp-json\/wp\/v2\/types\/page"}],"author":[{"embeddable":true,"href":"https:\/\/bodegahcanale.com\/por\/wp-json\/wp\/v2\/users\/1"}],"replies":[{"embeddable":true,"href":"https:\/\/bodegahcanale.com\/por\/wp-json\/wp\/v2\/comments?post=93"}],"version-history":[{"count":133,"href":"https:\/\/bodegahcanale.com\/por\/wp-json\/wp\/v2\/pages\/93\/revisions"}],"predecessor-version":[{"id":2993,"href":"https:\/\/bodegahcanale.com\/por\/wp-json\/wp\/v2\/pages\/93\/revisions\/2993"}],"wp:attachment":[{"href":"https:\/\/bodegahcanale.com\/por\/wp-json\/wp\/v2\/media?parent=93"}],"curies":[{"name":"wp","href":"https:\/\/api.w.org\/{rel}","templated":true}]}}