{"id":916,"date":"2023-08-24T17:37:29","date_gmt":"2023-08-24T20:37:29","guid":{"rendered":"http:\/\/desabhc.ticma.com.ar\/?page_id=916"},"modified":"2023-11-21T10:26:10","modified_gmt":"2023-11-21T13:26:10","slug":"intimo-suavignon-semillon","status":"publish","type":"page","link":"https:\/\/bodegahcanale.com\/por\/intimo-suavignon-semillon\/","title":{"rendered":"Intimo Suavignon Semillon"},"content":{"rendered":"<div data-elementor-type=\"wp-page\" data-elementor-id=\"916\" class=\"elementor elementor-916\" data-elementor-post-type=\"page\">\n\t\t\t\t<div class=\"elementor-element elementor-element-357d925e e-flex e-con-boxed e-con e-parent\" data-id=\"357d925e\" data-element_type=\"container\">\n\t\t\t\t\t<div class=\"e-con-inner\">\n\t\t<div class=\"elementor-element elementor-element-421e3842 e-con-full e-flex e-con e-child\" data-id=\"421e3842\" data-element_type=\"container\">\n\t\t\t\t<div class=\"elementor-element elementor-element-d1736e8 elementor-widget elementor-widget-image\" data-id=\"d1736e8\" data-element_type=\"widget\" data-widget_type=\"image.default\">\n\t\t\t\t<div class=\"elementor-widget-container\">\n\t\t\t\t\t\t\t\t\t\t\t\t\t\t\t<img fetchpriority=\"high\" decoding=\"async\" width=\"411\" height=\"1600\" src=\"https:\/\/bodegahcanale.com\/wp-content\/uploads\/2023\/10\/blanco.png\" class=\"attachment-full size-full wp-image-2139\" alt=\"\" srcset=\"https:\/\/bodegahcanale.com\/wp-content\/uploads\/2023\/10\/blanco.png 411w, https:\/\/bodegahcanale.com\/wp-content\/uploads\/2023\/10\/blanco-77x300.png 77w, https:\/\/bodegahcanale.com\/wp-content\/uploads\/2023\/10\/blanco-263x1024.png 263w\" sizes=\"(max-width: 411px) 100vw, 411px\" \/>\t\t\t\t\t\t\t\t\t\t\t\t\t\t\t<\/div>\n\t\t\t\t<\/div>\n\t\t\t\t<\/div>\n\t\t<div class=\"elementor-element elementor-element-16fd8d0f e-con-full e-flex e-con e-child\" data-id=\"16fd8d0f\" data-element_type=\"container\">\n\t\t\t\t<div class=\"elementor-element elementor-element-7e4d9c7c elementor-widget elementor-widget-heading\" data-id=\"7e4d9c7c\" data-element_type=\"widget\" data-widget_type=\"heading.default\">\n\t\t\t\t<div class=\"elementor-widget-container\">\n\t\t\t\t\t<h2 class=\"elementor-heading-title elementor-size-default\">COMPOSI\u00c7\u00c3O<\/h2>\t\t\t\t<\/div>\n\t\t\t\t<\/div>\n\t\t\t\t<div class=\"elementor-element elementor-element-2ae4b2df elementor-widget elementor-widget-text-editor\" data-id=\"2ae4b2df\" data-element_type=\"widget\" data-widget_type=\"text-editor.default\">\n\t\t\t\t<div class=\"elementor-widget-container\">\n\t\t\t\t\t\t\t\t\t<p><span style=\"font-weight: 400;\">Sauvignon 60%, Semill\u00f3n 40%.<\/span><\/p>\t\t\t\t\t\t\t\t<\/div>\n\t\t\t\t<\/div>\n\t\t\t\t<div class=\"elementor-element elementor-element-bd267b9 elementor-widget elementor-widget-heading\" data-id=\"bd267b9\" data-element_type=\"widget\" data-widget_type=\"heading.default\">\n\t\t\t\t<div class=\"elementor-widget-container\">\n\t\t\t\t\t<h2 class=\"elementor-heading-title elementor-size-default\">ORIGEM<\/h2>\t\t\t\t<\/div>\n\t\t\t\t<\/div>\n\t\t\t\t<div class=\"elementor-element elementor-element-5eb9ca1f elementor-widget elementor-widget-text-editor\" data-id=\"5eb9ca1f\" data-element_type=\"widget\" data-widget_type=\"text-editor.default\">\n\t\t\t\t<div class=\"elementor-widget-container\">\n\t\t\t\t\t\t\t\t\t<p><span style=\"font-weight: 400;\">Vinhedos pr\u00f3prios em General Roca, Vale Superior do Rio Negro, Patag\u00f4nia, de mais de 35 anos de vida.<\/span><\/p>\t\t\t\t\t\t\t\t<\/div>\n\t\t\t\t<\/div>\n\t\t\t\t<div class=\"elementor-element elementor-element-1730ce00 elementor-widget elementor-widget-heading\" data-id=\"1730ce00\" data-element_type=\"widget\" data-widget_type=\"heading.default\">\n\t\t\t\t<div class=\"elementor-widget-container\">\n\t\t\t\t\t<h2 class=\"elementor-heading-title elementor-size-default\">SALVAR<\/h2>\t\t\t\t<\/div>\n\t\t\t\t<\/div>\n\t\t\t\t<div class=\"elementor-element elementor-element-23e59bd2 elementor-widget elementor-widget-text-editor\" data-id=\"23e59bd2\" data-element_type=\"widget\" data-widget_type=\"text-editor.default\">\n\t\t\t\t<div class=\"elementor-widget-container\">\n\t\t\t\t\t\t\t\t\t<p>3 anos<\/p>\t\t\t\t\t\t\t\t<\/div>\n\t\t\t\t<\/div>\n\t\t\t\t<div class=\"elementor-element elementor-element-3f405e88 elementor-widget elementor-widget-heading\" data-id=\"3f405e88\" data-element_type=\"widget\" data-widget_type=\"heading.default\">\n\t\t\t\t<div class=\"elementor-widget-container\">\n\t\t\t\t\t<h2 class=\"elementor-heading-title elementor-size-default\">NOTAS DE DEGUSTA\u00c7\u00c3O<\/h2>\t\t\t\t<\/div>\n\t\t\t\t<\/div>\n\t\t\t\t<div class=\"elementor-element elementor-element-548f1778 elementor-widget elementor-widget-text-editor\" data-id=\"548f1778\" data-element_type=\"widget\" data-widget_type=\"text-editor.default\">\n\t\t\t\t<div class=\"elementor-widget-container\">\n\t\t\t\t\t\t\t\t\t<p><span style=\"font-weight: 400;\">Cor de palha esverdeada atraente, no nariz a primeira coisa que \u00e9 percebida s\u00e3o aromas c\u00edtricos com notas de grosseria contribu\u00eddo pelo Sauvignon Blanc e em uma segunda etapa os aromas tropicais t\u00edpicos dos milh\u00f5es s\u00e3o. Na boca a entrada \u00e9 doce, amig\u00e1vel, suave, com boa amplitude e acabamento bem equilibrado.<\/span><\/p>\t\t\t\t\t\t\t\t<\/div>\n\t\t\t\t<\/div>\n\t\t\t\t<div class=\"elementor-element elementor-element-62adf0c1 elementor-widget elementor-widget-eael-creative-button\" data-id=\"62adf0c1\" data-element_type=\"widget\" data-widget_type=\"eael-creative-button.default\">\n\t\t\t\t<div class=\"elementor-widget-container\">\n\t\t\t\t\t        <div class=\"eael-creative-button-wrapper\">\n\n            <a class=\"eael-creative-button eael-creative-button--default\" href=\"http:\/\/bodegahcanale.com\/wp-content\/uploads\/2023\/11\/FE_INTIMO_SVB_eng.pdf\" target=\"_blank\" data-text=\"\">\n\n\t    \n                <div class=\"creative-button-inner\">\n\n                    \n                    <span class=\"cretive-button-text\">FICHA T\u00c9CNICA<\/span>\n\n                                    <\/div>\n\t                        <\/a>\n        <\/div>\n\t\t\t\t<\/div>\n\t\t\t\t<\/div>\n\t\t\t\t<\/div>\n\t\t\t\t\t<\/div>\n\t\t\t\t<\/div>\n\t\t\t\t<\/div>","protected":false},"excerpt":{"rendered":"<p>COMPOSICI\u00d3N Sauvignon 60%, Semill\u00f3n 40%. ORIGEN Vi\u00f1edos propios en General Roca, Alto Valle de R\u00edo Negro, Patagonia, de m\u00e1s de 35 a\u00f1os de vida. GUARDA 3 a\u00f1os NOTA DE CATA Atractivo color pajizo verdoso, en la nariz lo primero que se percibe son aromas c\u00edtricos con notas de ruda aportados por el Sauvignon Blanc y [&hellip;]<\/p>","protected":false},"author":1,"featured_media":0,"parent":0,"menu_order":0,"comment_status":"closed","ping_status":"closed","template":"","meta":{"footnotes":""},"class_list":["post-916","page","type-page","status-publish","hentry"],"blocksy_meta":[],"_links":{"self":[{"href":"https:\/\/bodegahcanale.com\/por\/wp-json\/wp\/v2\/pages\/916","targetHints":{"allow":["GET"]}}],"collection":[{"href":"https:\/\/bodegahcanale.com\/por\/wp-json\/wp\/v2\/pages"}],"about":[{"href":"https:\/\/bodegahcanale.com\/por\/wp-json\/wp\/v2\/types\/page"}],"author":[{"embeddable":true,"href":"https:\/\/bodegahcanale.com\/por\/wp-json\/wp\/v2\/users\/1"}],"replies":[{"embeddable":true,"href":"https:\/\/bodegahcanale.com\/por\/wp-json\/wp\/v2\/comments?post=916"}],"version-history":[{"count":22,"href":"https:\/\/bodegahcanale.com\/por\/wp-json\/wp\/v2\/pages\/916\/revisions"}],"predecessor-version":[{"id":2623,"href":"https:\/\/bodegahcanale.com\/por\/wp-json\/wp\/v2\/pages\/916\/revisions\/2623"}],"wp:attachment":[{"href":"https:\/\/bodegahcanale.com\/por\/wp-json\/wp\/v2\/media?parent=916"}],"curies":[{"name":"wp","href":"https:\/\/api.w.org\/{rel}","templated":true}]}}