{"id":903,"date":"2023-08-24T17:30:36","date_gmt":"2023-08-24T20:30:36","guid":{"rendered":"http:\/\/desabhc.ticma.com.ar\/?page_id=903"},"modified":"2023-11-21T10:25:16","modified_gmt":"2023-11-21T13:25:16","slug":"intimo-cabernet-merlot-malbec","status":"publish","type":"page","link":"https:\/\/bodegahcanale.com\/por\/intimo-cabernet-merlot-malbec\/","title":{"rendered":"Intimo Cabernet Merlot Malbec"},"content":{"rendered":"<div data-elementor-type=\"wp-page\" data-elementor-id=\"903\" class=\"elementor elementor-903\" data-elementor-post-type=\"page\">\n\t\t\t\t<div class=\"elementor-element elementor-element-70cc1797 e-flex e-con-boxed e-con e-parent\" data-id=\"70cc1797\" data-element_type=\"container\">\n\t\t\t\t\t<div class=\"e-con-inner\">\n\t\t<div class=\"elementor-element elementor-element-1438c79c e-con-full e-flex e-con e-child\" data-id=\"1438c79c\" data-element_type=\"container\">\n\t\t\t\t<div class=\"elementor-element elementor-element-5749641e elementor-widget elementor-widget-image\" data-id=\"5749641e\" data-element_type=\"widget\" data-widget_type=\"image.default\">\n\t\t\t\t<div class=\"elementor-widget-container\">\n\t\t\t\t\t\t\t\t\t\t\t\t\t\t\t<img fetchpriority=\"high\" decoding=\"async\" width=\"198\" height=\"772\" src=\"https:\/\/bodegahcanale.com\/wp-content\/uploads\/2023\/08\/HCCMMFT.png\" class=\"attachment-full size-full wp-image-704\" alt=\"\" srcset=\"https:\/\/bodegahcanale.com\/wp-content\/uploads\/2023\/08\/HCCMMFT.png 198w, https:\/\/bodegahcanale.com\/wp-content\/uploads\/2023\/08\/HCCMMFT-77x300.png 77w\" sizes=\"(max-width: 198px) 100vw, 198px\" \/>\t\t\t\t\t\t\t\t\t\t\t\t\t\t\t<\/div>\n\t\t\t\t<\/div>\n\t\t\t\t<\/div>\n\t\t<div class=\"elementor-element elementor-element-3daa74ba e-con-full e-flex e-con e-child\" data-id=\"3daa74ba\" data-element_type=\"container\">\n\t\t\t\t<div class=\"elementor-element elementor-element-3a384eae elementor-widget elementor-widget-heading\" data-id=\"3a384eae\" data-element_type=\"widget\" data-widget_type=\"heading.default\">\n\t\t\t\t<div class=\"elementor-widget-container\">\n\t\t\t\t\t<h2 class=\"elementor-heading-title elementor-size-default\">COMPOSI\u00c7\u00c3O<\/h2>\t\t\t\t<\/div>\n\t\t\t\t<\/div>\n\t\t\t\t<div class=\"elementor-element elementor-element-5c03327 elementor-widget elementor-widget-text-editor\" data-id=\"5c03327\" data-element_type=\"widget\" data-widget_type=\"text-editor.default\">\n\t\t\t\t<div class=\"elementor-widget-container\">\n\t\t\t\t\t\t\t\t\t<p><span style=\"font-weight: 400;\">45 Cabernet Sauvignon, 45 Merlot, 10 Malbec<\/span><\/p>\t\t\t\t\t\t\t\t<\/div>\n\t\t\t\t<\/div>\n\t\t\t\t<div class=\"elementor-element elementor-element-6f5812e0 elementor-widget elementor-widget-heading\" data-id=\"6f5812e0\" data-element_type=\"widget\" data-widget_type=\"heading.default\">\n\t\t\t\t<div class=\"elementor-widget-container\">\n\t\t\t\t\t<h2 class=\"elementor-heading-title elementor-size-default\">ORIGEM<\/h2>\t\t\t\t<\/div>\n\t\t\t\t<\/div>\n\t\t\t\t<div class=\"elementor-element elementor-element-4f83787d elementor-widget elementor-widget-text-editor\" data-id=\"4f83787d\" data-element_type=\"widget\" data-widget_type=\"text-editor.default\">\n\t\t\t\t<div class=\"elementor-widget-container\">\n\t\t\t\t\t\t\t\t\t<p><span style=\"font-weight: 400;\">Vinhedos pr\u00f3prios em General Roca, Vale Superior do Rio Negro, Patag\u00f4nia.<\/span><\/p>\t\t\t\t\t\t\t\t<\/div>\n\t\t\t\t<\/div>\n\t\t\t\t<div class=\"elementor-element elementor-element-7624ba61 elementor-widget elementor-widget-heading\" data-id=\"7624ba61\" data-element_type=\"widget\" data-widget_type=\"heading.default\">\n\t\t\t\t<div class=\"elementor-widget-container\">\n\t\t\t\t\t<h2 class=\"elementor-heading-title elementor-size-default\">SALVAR<\/h2>\t\t\t\t<\/div>\n\t\t\t\t<\/div>\n\t\t\t\t<div class=\"elementor-element elementor-element-4afa5e00 elementor-widget elementor-widget-text-editor\" data-id=\"4afa5e00\" data-element_type=\"widget\" data-widget_type=\"text-editor.default\">\n\t\t\t\t<div class=\"elementor-widget-container\">\n\t\t\t\t\t\t\t\t\t<p><span style=\"font-weight: 400;\">7 anos<\/span><\/p>\t\t\t\t\t\t\t\t<\/div>\n\t\t\t\t<\/div>\n\t\t\t\t<div class=\"elementor-element elementor-element-3dbdd4b7 elementor-widget elementor-widget-heading\" data-id=\"3dbdd4b7\" data-element_type=\"widget\" data-widget_type=\"heading.default\">\n\t\t\t\t<div class=\"elementor-widget-container\">\n\t\t\t\t\t<h2 class=\"elementor-heading-title elementor-size-default\">NOTAS DE DEGUSTA\u00c7\u00c3O<\/h2>\t\t\t\t<\/div>\n\t\t\t\t<\/div>\n\t\t\t\t<div class=\"elementor-element elementor-element-701e2d4f elementor-widget elementor-widget-text-editor\" data-id=\"701e2d4f\" data-element_type=\"widget\" data-widget_type=\"text-editor.default\">\n\t\t\t\t<div class=\"elementor-widget-container\">\n\t\t\t\t\t\t\t\t\t<p><span style=\"font-weight: 400;\">Cor vermelha purp\u00fareo. No nariz, bagas vermelhas s\u00e3o vistos com especiarias e Aguaribay (pimenta rosa). Na boca \u00e9 franca, t\u00edpica, de boa harmonia e equil\u00edbrio. A passagem de carvalho d\u00e1-lhe notas de baunilha e coco.<\/span><\/p>\t\t\t\t\t\t\t\t<\/div>\n\t\t\t\t<\/div>\n\t\t\t\t<div class=\"elementor-element elementor-element-23b20dcf elementor-widget elementor-widget-eael-creative-button\" data-id=\"23b20dcf\" data-element_type=\"widget\" data-widget_type=\"eael-creative-button.default\">\n\t\t\t\t<div class=\"elementor-widget-container\">\n\t\t\t\t\t        <div class=\"eael-creative-button-wrapper\">\n\n            <a class=\"eael-creative-button eael-creative-button--default\" href=\"http:\/\/bodegahcanale.com\/wp-content\/uploads\/2023\/11\/FE_INTIMO_CMM_eng.pdf\" target=\"_blank\" data-text=\"\">\n\n\t    \n                <div class=\"creative-button-inner\">\n\n                    \n                    <span class=\"cretive-button-text\">FICHA T\u00c9CNICA<\/span>\n\n                                    <\/div>\n\t                        <\/a>\n        <\/div>\n\t\t\t\t<\/div>\n\t\t\t\t<\/div>\n\t\t\t\t<\/div>\n\t\t\t\t\t<\/div>\n\t\t\t\t<\/div>\n\t\t\t\t<\/div>","protected":false},"excerpt":{"rendered":"<p>COMPOSICI\u00d3N 45% Cabernet Sauvignon, 45% Merlot, 10% Malbec. ORIGEN Vi\u00f1edos propios en General Roca, Alto Valle de R\u00edo Negro, Patagonia. GUARDA 7 a\u00f1os. NOTA DE CATA Color rojo rub\u00ed de muy buena intensidad. Nariz compleja y elegante con presencia de frutos rojos, con notas de vainilla y tabaco aportadas en el pasaje por roble. En [&hellip;]<\/p>","protected":false},"author":1,"featured_media":0,"parent":0,"menu_order":0,"comment_status":"closed","ping_status":"closed","template":"","meta":{"footnotes":""},"class_list":["post-903","page","type-page","status-publish","hentry"],"blocksy_meta":[],"_links":{"self":[{"href":"https:\/\/bodegahcanale.com\/por\/wp-json\/wp\/v2\/pages\/903","targetHints":{"allow":["GET"]}}],"collection":[{"href":"https:\/\/bodegahcanale.com\/por\/wp-json\/wp\/v2\/pages"}],"about":[{"href":"https:\/\/bodegahcanale.com\/por\/wp-json\/wp\/v2\/types\/page"}],"author":[{"embeddable":true,"href":"https:\/\/bodegahcanale.com\/por\/wp-json\/wp\/v2\/users\/1"}],"replies":[{"embeddable":true,"href":"https:\/\/bodegahcanale.com\/por\/wp-json\/wp\/v2\/comments?post=903"}],"version-history":[{"count":20,"href":"https:\/\/bodegahcanale.com\/por\/wp-json\/wp\/v2\/pages\/903\/revisions"}],"predecessor-version":[{"id":2620,"href":"https:\/\/bodegahcanale.com\/por\/wp-json\/wp\/v2\/pages\/903\/revisions\/2620"}],"wp:attachment":[{"href":"https:\/\/bodegahcanale.com\/por\/wp-json\/wp\/v2\/media?parent=903"}],"curies":[{"name":"wp","href":"https:\/\/api.w.org\/{rel}","templated":true}]}}