{"id":87,"date":"2023-08-09T13:13:03","date_gmt":"2023-08-09T16:13:03","guid":{"rendered":"http:\/\/desabhc.ticma.com.ar\/?page_id=87"},"modified":"2024-12-17T15:56:10","modified_gmt":"2024-12-17T18:56:10","slug":"nosotros","status":"publish","type":"page","link":"https:\/\/bodegahcanale.com\/por\/nosotros\/","title":{"rendered":"Sobre N\u00f3s"},"content":{"rendered":"<div data-elementor-type=\"wp-page\" data-elementor-id=\"87\" class=\"elementor elementor-87\" data-elementor-post-type=\"page\">\n\t\t\t\t<div class=\"elementor-element elementor-element-60b96334 e-con-full e-flex e-con e-parent\" data-id=\"60b96334\" data-element_type=\"container\" data-settings=\"{&quot;background_background&quot;:&quot;classic&quot;}\">\n\t\t\t\t<\/div>\n\t\t<div class=\"elementor-element elementor-element-36aea49c e-flex e-con-boxed e-con e-parent\" data-id=\"36aea49c\" data-element_type=\"container\" data-settings=\"{&quot;background_background&quot;:&quot;classic&quot;}\">\n\t\t\t\t\t<div class=\"e-con-inner\">\n\t\t<div class=\"elementor-element elementor-element-4991abac e-flex e-con-boxed e-con e-child\" data-id=\"4991abac\" data-element_type=\"container\">\n\t\t\t\t\t<div class=\"e-con-inner\">\n\t\t\t\t<div class=\"elementor-element elementor-element-68556479 elementor-widget elementor-widget-text-editor\" data-id=\"68556479\" data-element_type=\"widget\" data-widget_type=\"text-editor.default\">\n\t\t\t\t<div class=\"elementor-widget-container\">\n\t\t\t\t\t\t\t\t\t<p>A Patag\u00f4nia \u00e9 o nosso lugar de vida, onde nossas ra\u00edzes, valores e nosso conceito de fam\u00edlia s\u00e3o. Atrav\u00e9s de nossos vinhos contamos quem somos, o presente de cinco gera\u00e7\u00f5es elaborando vinhos na regi\u00e3o do vale superior do Rio Negro.<\/p>\t\t\t\t\t\t\t\t<\/div>\n\t\t\t\t<\/div>\n\t\t\t\t<div class=\"elementor-element elementor-element-08465aa elementor-widget elementor-widget-text-editor\" data-id=\"08465aa\" data-element_type=\"widget\" data-widget_type=\"text-editor.default\">\n\t\t\t\t<div class=\"elementor-widget-container\">\n\t\t\t\t\t\t\t\t\t<p><span> <\/span><\/p>\t\t\t\t\t\t\t\t<\/div>\n\t\t\t\t<\/div>\n\t\t\t\t\t<\/div>\n\t\t\t\t<\/div>\n\t\t\t\t\t<\/div>\n\t\t\t\t<\/div>\n\t\t<div class=\"elementor-element elementor-element-7c9e35ac e-con-full e-flex e-con e-parent\" data-id=\"7c9e35ac\" data-element_type=\"container\">\n\t\t<div class=\"elementor-element elementor-element-57248633 e-con-full e-flex e-con e-child\" data-id=\"57248633\" data-element_type=\"container\" data-settings=\"{&quot;background_background&quot;:&quot;classic&quot;}\">\n\t\t\t\t<div class=\"elementor-element elementor-element-791dd00a elementor-widget elementor-widget-image\" data-id=\"791dd00a\" data-element_type=\"widget\" data-widget_type=\"image.default\">\n\t\t\t\t<div class=\"elementor-widget-container\">\n\t\t\t\t\t\t\t\t\t\t\t\t\t\t\t<img fetchpriority=\"high\" decoding=\"async\" width=\"960\" height=\"890\" src=\"https:\/\/bodegahcanale.com\/wp-content\/uploads\/2023\/08\/HomeNosotros.webp\" class=\"attachment-full size-full wp-image-257\" alt=\"\" srcset=\"https:\/\/bodegahcanale.com\/wp-content\/uploads\/2023\/08\/HomeNosotros.webp 960w, https:\/\/bodegahcanale.com\/wp-content\/uploads\/2023\/08\/HomeNosotros-300x278.webp 300w, https:\/\/bodegahcanale.com\/wp-content\/uploads\/2023\/08\/HomeNosotros-768x712.webp 768w\" sizes=\"(max-width: 960px) 100vw, 960px\" \/>\t\t\t\t\t\t\t\t\t\t\t\t\t\t\t<\/div>\n\t\t\t\t<\/div>\n\t\t\t\t<\/div>\n\t\t<div class=\"elementor-element elementor-element-61ec0373 e-con-full elementor-hidden-mobile elementor-hidden-mobile_extra e-flex e-con e-child\" data-id=\"61ec0373\" data-element_type=\"container\">\n\t\t\t\t<\/div>\n\t\t<div class=\"elementor-element elementor-element-26cb3d44 e-con-full e-flex e-con e-child\" data-id=\"26cb3d44\" data-element_type=\"container\">\n\t\t\t\t<div class=\"elementor-element elementor-element-5e2cfb5b elementor-widget elementor-widget-heading\" data-id=\"5e2cfb5b\" data-element_type=\"widget\" data-widget_type=\"heading.default\">\n\t\t\t\t<div class=\"elementor-widget-container\">\n\t\t\t\t\t<h2 class=\"elementor-heading-title elementor-size-default\">Nossa Hist\u00f3ria<\/h2>\t\t\t\t<\/div>\n\t\t\t\t<\/div>\n\t\t<div class=\"elementor-element elementor-element-7267226e e-con-full e-flex e-con e-child\" data-id=\"7267226e\" data-element_type=\"container\">\n\t\t\t\t<div class=\"elementor-element elementor-element-1d1c85a5 elementor-widget elementor-widget-text-editor\" data-id=\"1d1c85a5\" data-element_type=\"widget\" data-widget_type=\"text-editor.default\">\n\t\t\t\t<div class=\"elementor-widget-container\">\n\t\t\t\t\t\t\t\t\t<p>Nossa hist\u00f3ria come\u00e7a com a chegada de Humberto Canale a R\u00edo Negro, tio de Guillermo Barzi Canale, e est\u00e1 intimamente ligado ao crescimento da Argentina e ao desenvolvimento produtivo da Patag\u00f4nia, um projeto que foi poss\u00edvel com a chegada da ferrovia \u00e0s terras mais mais meridional do mundo e \u00e0 constru\u00e7\u00e3o do sistema de irriga\u00e7\u00e3o do vale superior de rio negro no come\u00e7o de 1900.<\/p>\t\t\t\t\t\t\t\t<\/div>\n\t\t\t\t<\/div>\n\t\t\t\t<div class=\"elementor-element elementor-element-187b3ce elementor-widget elementor-widget-text-editor\" data-id=\"187b3ce\" data-element_type=\"widget\" data-widget_type=\"text-editor.default\">\n\t\t\t\t<div class=\"elementor-widget-container\">\n\t\t\t\t\t\t\t\t\t<p class=\" translation-block\">O olhar afiado de Humberto Canale naqueles dias levou-o a adquirir 400 hectares num territ\u00f3rio in\u00f3spito e a importar as ferramentas necess\u00e1rias para desenvolver na regi\u00e3o uma viticultura relevante. Em 1912, as vinhas foram implantadas e em meados do s\u00e9culo XX a imagem da vin\u00edcola familiar consolidou-se.<\/p>\t\t\t\t\t\t\t\t<\/div>\n\t\t\t\t<\/div>\n\t\t\t\t<\/div>\n\t\t\t\t<\/div>\n\t\t\t\t<\/div>\n\t\t<div class=\"elementor-element elementor-element-f3087d1 e-con-full e-flex e-con e-parent\" data-id=\"f3087d1\" data-element_type=\"container\" data-settings=\"{&quot;background_background&quot;:&quot;classic&quot;}\">\n\t\t<div class=\"elementor-element elementor-element-bfdbffa e-con-full e-flex e-con e-child\" data-id=\"bfdbffa\" data-element_type=\"container\">\n\t\t\t\t<div class=\"elementor-element elementor-element-3e32b08 elementor-widget elementor-widget-heading\" data-id=\"3e32b08\" data-element_type=\"widget\" data-widget_type=\"heading.default\">\n\t\t\t\t<div class=\"elementor-widget-container\">\n\t\t\t\t\t<h2 class=\"elementor-heading-title elementor-size-default\">Paix\u00e3o pelo vinho desde 1909<\/h2>\t\t\t\t<\/div>\n\t\t\t\t<\/div>\n\t\t\t\t<div class=\"elementor-element elementor-element-9b91be8 elementor-widget elementor-widget-text-editor\" data-id=\"9b91be8\" data-element_type=\"widget\" data-widget_type=\"text-editor.default\">\n\t\t\t\t<div class=\"elementor-widget-container\">\n\t\t\t\t\t\t\t\t\t<p class=\" translation-block\">Guillermo Barzi Canale \u00e9 hoje a alma da mais antiga e mais importante adega da Patag\u00f4nia. Ele reencarna o sonho de seu tio, Humberto Canale, o fundador desta empresa centen\u00e1ria.<\/p>\t\t\t\t\t\t\t\t<\/div>\n\t\t\t\t<\/div>\n\t\t\t\t<div class=\"elementor-element elementor-element-467447c elementor-widget elementor-widget-text-editor\" data-id=\"467447c\" data-element_type=\"widget\" data-widget_type=\"text-editor.default\">\n\t\t\t\t<div class=\"elementor-widget-container\">\n\t\t\t\t\t\t\t\t\t<p>Depois de mais de cinco d\u00e9cadas liderando a fam\u00edlia vin\u00edcola Humberto Canale, Guillermo Barzi hoje \u00e9 acompanhado pela pr\u00f3xima gera\u00e7\u00e3o, que est\u00e1 empenhada em respeitar os mesmos valores humanos e \u00e9ticos que t\u00eam guiado a nossa empresa ao longo do anos.<\/p>\t\t\t\t\t\t\t\t<\/div>\n\t\t\t\t<\/div>\n\t\t\t\t<div class=\"elementor-element elementor-element-bb58e82 elementor-widget elementor-widget-text-editor\" data-id=\"bb58e82\" data-element_type=\"widget\" data-widget_type=\"text-editor.default\">\n\t\t\t\t<div class=\"elementor-widget-container\">\n\t\t\t\t\t\t\t\t\t<p class=\" translation-block\"><span> <\/span><\/p>\t\t\t\t\t\t\t\t<\/div>\n\t\t\t\t<\/div>\n\t\t\t\t<div class=\"elementor-element elementor-element-5da159d elementor-widget elementor-widget-text-editor\" data-id=\"5da159d\" data-element_type=\"widget\" data-widget_type=\"text-editor.default\">\n\t\t\t\t<div class=\"elementor-widget-container\">\n\t\t\t\t\t\t\t\t\t<p class=\" translation-block\"><span> <\/span><\/p>\t\t\t\t\t\t\t\t<\/div>\n\t\t\t\t<\/div>\n\t\t\t\t<\/div>\n\t\t<div class=\"elementor-element elementor-element-b06831f e-con-full e-flex e-con e-child\" data-id=\"b06831f\" data-element_type=\"container\">\n\t\t\t\t<div class=\"elementor-element elementor-element-66241e0 elementor-widget elementor-widget-image\" data-id=\"66241e0\" data-element_type=\"widget\" data-widget_type=\"image.default\">\n\t\t\t\t<div class=\"elementor-widget-container\">\n\t\t\t\t\t\t\t\t\t\t\t\t\t\t\t<img decoding=\"async\" width=\"666\" height=\"444\" src=\"https:\/\/bodegahcanale.com\/wp-content\/uploads\/2023\/08\/canale-hermanos-a-666x444-1.jpg\" class=\"attachment-large size-large wp-image-1472\" alt=\"\" srcset=\"https:\/\/bodegahcanale.com\/wp-content\/uploads\/2023\/08\/canale-hermanos-a-666x444-1.jpg 666w, https:\/\/bodegahcanale.com\/wp-content\/uploads\/2023\/08\/canale-hermanos-a-666x444-1-300x200.jpg 300w\" sizes=\"(max-width: 666px) 100vw, 666px\" \/>\t\t\t\t\t\t\t\t\t\t\t\t\t\t\t<\/div>\n\t\t\t\t<\/div>\n\t\t\t\t<\/div>\n\t\t\t\t<\/div>\n\t\t<div class=\"elementor-element elementor-element-de78374 e-flex e-con-boxed e-con e-parent\" data-id=\"de78374\" data-element_type=\"container\">\n\t\t\t\t\t<div class=\"e-con-inner\">\n\t\t<div class=\"elementor-element elementor-element-77e3e84 e-con-full e-flex e-con e-child\" data-id=\"77e3e84\" data-element_type=\"container\">\n\t\t\t\t<div class=\"elementor-element elementor-element-5cac9a6 elementor-widget elementor-widget-heading\" data-id=\"5cac9a6\" data-element_type=\"widget\" data-widget_type=\"heading.default\">\n\t\t\t\t<div class=\"elementor-widget-container\">\n\t\t\t\t\t<h2 class=\"elementor-heading-title elementor-size-default\">O presente de 5 gera\u00e7\u00f5es<\/h2>\t\t\t\t<\/div>\n\t\t\t\t<\/div>\n\t\t\t\t<\/div>\n\t\t<div class=\"elementor-element elementor-element-2515b31 e-con-full e-flex e-con e-child\" data-id=\"2515b31\" data-element_type=\"container\">\n\t\t\t\t<div class=\"elementor-element elementor-element-2f8d834 elementor-widget elementor-widget-image\" data-id=\"2f8d834\" data-element_type=\"widget\" data-widget_type=\"image.default\">\n\t\t\t\t<div class=\"elementor-widget-container\">\n\t\t\t\t\t\t\t\t\t\t\t\t\t\t\t<img decoding=\"async\" width=\"924\" height=\"924\" src=\"https:\/\/bodegahcanale.com\/wp-content\/uploads\/2023\/08\/HCWEBSITE12-copia.jpg\" class=\"elementor-animation-bob attachment-large size-large wp-image-1691\" alt=\"\" srcset=\"https:\/\/bodegahcanale.com\/wp-content\/uploads\/2023\/08\/HCWEBSITE12-copia.jpg 924w, https:\/\/bodegahcanale.com\/wp-content\/uploads\/2023\/08\/HCWEBSITE12-copia-300x300.jpg 300w, https:\/\/bodegahcanale.com\/wp-content\/uploads\/2023\/08\/HCWEBSITE12-copia-150x150.jpg 150w, https:\/\/bodegahcanale.com\/wp-content\/uploads\/2023\/08\/HCWEBSITE12-copia-768x768.jpg 768w\" sizes=\"(max-width: 924px) 100vw, 924px\" \/>\t\t\t\t\t\t\t\t\t\t\t\t\t\t\t<\/div>\n\t\t\t\t<\/div>\n\t\t\t\t<div class=\"elementor-element elementor-element-c34059f elementor-widget elementor-widget-heading\" data-id=\"c34059f\" data-element_type=\"widget\" data-widget_type=\"heading.default\">\n\t\t\t\t<div class=\"elementor-widget-container\">\n\t\t\t\t\t<h2 class=\"elementor-heading-title elementor-size-default\">GUILLERMO BARZI<\/h2>\t\t\t\t<\/div>\n\t\t\t\t<\/div>\n\t\t\t\t<div class=\"elementor-element elementor-element-b4dc35a elementor-widget elementor-widget-text-editor\" data-id=\"b4dc35a\" data-element_type=\"widget\" data-widget_type=\"text-editor.default\">\n\t\t\t\t<div class=\"elementor-widget-container\">\n\t\t\t\t\t\t\t\t\t<p><span style=\"font-weight: 400;\">Presidente<\/span><\/p>\t\t\t\t\t\t\t\t<\/div>\n\t\t\t\t<\/div>\n\t\t\t\t<\/div>\n\t\t<div class=\"elementor-element elementor-element-febfc6f e-con-full e-flex e-con e-child\" data-id=\"febfc6f\" data-element_type=\"container\">\n\t\t\t\t<div class=\"elementor-element elementor-element-27305e8 elementor-widget elementor-widget-image\" data-id=\"27305e8\" data-element_type=\"widget\" data-widget_type=\"image.default\">\n\t\t\t\t<div class=\"elementor-widget-container\">\n\t\t\t\t\t\t\t\t\t\t\t\t\t\t\t<img loading=\"lazy\" decoding=\"async\" width=\"800\" height=\"800\" src=\"https:\/\/bodegahcanale.com\/wp-content\/uploads\/2023\/08\/IMG_3101-1.jpg\" class=\"elementor-animation-bob attachment-large size-large wp-image-1694\" alt=\"\" srcset=\"https:\/\/bodegahcanale.com\/wp-content\/uploads\/2023\/08\/IMG_3101-1.jpg 800w, https:\/\/bodegahcanale.com\/wp-content\/uploads\/2023\/08\/IMG_3101-1-300x300.jpg 300w, https:\/\/bodegahcanale.com\/wp-content\/uploads\/2023\/08\/IMG_3101-1-150x150.jpg 150w, https:\/\/bodegahcanale.com\/wp-content\/uploads\/2023\/08\/IMG_3101-1-768x768.jpg 768w\" sizes=\"(max-width: 800px) 100vw, 800px\" \/>\t\t\t\t\t\t\t\t\t\t\t\t\t\t\t<\/div>\n\t\t\t\t<\/div>\n\t\t\t\t<div class=\"elementor-element elementor-element-ffbb584 elementor-widget elementor-widget-heading\" data-id=\"ffbb584\" data-element_type=\"widget\" data-widget_type=\"heading.default\">\n\t\t\t\t<div class=\"elementor-widget-container\">\n\t\t\t\t\t<h2 class=\"elementor-heading-title elementor-size-default\">GUILLO BARZI<\/h2>\t\t\t\t<\/div>\n\t\t\t\t<\/div>\n\t\t\t\t<div class=\"elementor-element elementor-element-0b25702 elementor-widget elementor-widget-text-editor\" data-id=\"0b25702\" data-element_type=\"widget\" data-widget_type=\"text-editor.default\">\n\t\t\t\t<div class=\"elementor-widget-container\">\n\t\t\t\t\t\t\t\t\t<p><span style=\"font-weight: 400;\">Diretor<\/span><\/p>\t\t\t\t\t\t\t\t<\/div>\n\t\t\t\t<\/div>\n\t\t\t\t<\/div>\n\t\t<div class=\"elementor-element elementor-element-a0b6ade e-con-full e-flex e-con e-child\" data-id=\"a0b6ade\" data-element_type=\"container\">\n\t\t\t\t<div class=\"elementor-element elementor-element-87e7e68 elementor-widget elementor-widget-image\" data-id=\"87e7e68\" data-element_type=\"widget\" data-widget_type=\"image.default\">\n\t\t\t\t<div class=\"elementor-widget-container\">\n\t\t\t\t\t\t\t\t\t\t\t\t\t\t\t<img loading=\"lazy\" decoding=\"async\" width=\"800\" height=\"800\" src=\"https:\/\/bodegahcanale.com\/wp-content\/uploads\/2023\/08\/IMG_2351-1.jpg\" class=\"elementor-animation-bob attachment-large size-large wp-image-1693\" alt=\"\" srcset=\"https:\/\/bodegahcanale.com\/wp-content\/uploads\/2023\/08\/IMG_2351-1.jpg 800w, https:\/\/bodegahcanale.com\/wp-content\/uploads\/2023\/08\/IMG_2351-1-300x300.jpg 300w, https:\/\/bodegahcanale.com\/wp-content\/uploads\/2023\/08\/IMG_2351-1-150x150.jpg 150w, https:\/\/bodegahcanale.com\/wp-content\/uploads\/2023\/08\/IMG_2351-1-768x768.jpg 768w\" sizes=\"(max-width: 800px) 100vw, 800px\" \/>\t\t\t\t\t\t\t\t\t\t\t\t\t\t\t<\/div>\n\t\t\t\t<\/div>\n\t\t\t\t<div class=\"elementor-element elementor-element-0bb6d98 elementor-widget elementor-widget-heading\" data-id=\"0bb6d98\" data-element_type=\"widget\" data-widget_type=\"heading.default\">\n\t\t\t\t<div class=\"elementor-widget-container\">\n\t\t\t\t\t<h2 class=\"elementor-heading-title elementor-size-default\">LUCRECIA BARZI<\/h2>\t\t\t\t<\/div>\n\t\t\t\t<\/div>\n\t\t\t\t<div class=\"elementor-element elementor-element-09c8845 elementor-widget elementor-widget-text-editor\" data-id=\"09c8845\" data-element_type=\"widget\" data-widget_type=\"text-editor.default\">\n\t\t\t\t<div class=\"elementor-widget-container\">\n\t\t\t\t\t\t\t\t\t<p><span style=\"font-weight: 400;\">Gerente de Marketing<\/span><\/p>\t\t\t\t\t\t\t\t<\/div>\n\t\t\t\t<\/div>\n\t\t\t\t<\/div>\n\t\t<div class=\"elementor-element elementor-element-5b9bafb e-con-full e-flex e-con e-child\" data-id=\"5b9bafb\" data-element_type=\"container\">\n\t\t\t\t<div class=\"elementor-element elementor-element-d101f9e elementor-widget elementor-widget-image\" data-id=\"d101f9e\" data-element_type=\"widget\" data-widget_type=\"image.default\">\n\t\t\t\t<div class=\"elementor-widget-container\">\n\t\t\t\t\t\t\t\t\t\t\t\t\t\t\t<img loading=\"lazy\" decoding=\"async\" width=\"951\" height=\"951\" src=\"https:\/\/bodegahcanale.com\/wp-content\/uploads\/2023\/08\/HCWEBSITE28-copia.jpg\" class=\"elementor-animation-bob attachment-large size-large wp-image-1697\" alt=\"\" srcset=\"https:\/\/bodegahcanale.com\/wp-content\/uploads\/2023\/08\/HCWEBSITE28-copia.jpg 951w, https:\/\/bodegahcanale.com\/wp-content\/uploads\/2023\/08\/HCWEBSITE28-copia-300x300.jpg 300w, https:\/\/bodegahcanale.com\/wp-content\/uploads\/2023\/08\/HCWEBSITE28-copia-150x150.jpg 150w, https:\/\/bodegahcanale.com\/wp-content\/uploads\/2023\/08\/HCWEBSITE28-copia-768x768.jpg 768w\" sizes=\"(max-width: 951px) 100vw, 951px\" \/>\t\t\t\t\t\t\t\t\t\t\t\t\t\t\t<\/div>\n\t\t\t\t<\/div>\n\t\t\t\t<div class=\"elementor-element elementor-element-0a4cbf1 elementor-widget elementor-widget-heading\" data-id=\"0a4cbf1\" data-element_type=\"widget\" data-widget_type=\"heading.default\">\n\t\t\t\t<div class=\"elementor-widget-container\">\n\t\t\t\t\t<h2 class=\"elementor-heading-title elementor-size-default\">GERM\u00c1N BARZI<\/h2>\t\t\t\t<\/div>\n\t\t\t\t<\/div>\n\t\t\t\t<div class=\"elementor-element elementor-element-5f65ed8 elementor-widget elementor-widget-text-editor\" data-id=\"5f65ed8\" data-element_type=\"widget\" data-widget_type=\"text-editor.default\">\n\t\t\t\t<div class=\"elementor-widget-container\">\n\t\t\t\t\t\t\t\t\t<p><span style=\"font-weight: 400;\">Diretor<\/span><\/p>\t\t\t\t\t\t\t\t<\/div>\n\t\t\t\t<\/div>\n\t\t\t\t<\/div>\n\t\t<div class=\"elementor-element elementor-element-50df01c e-con-full e-flex e-con e-child\" data-id=\"50df01c\" data-element_type=\"container\">\n\t\t\t\t<div class=\"elementor-element elementor-element-3bd0c32 elementor-widget elementor-widget-image\" data-id=\"3bd0c32\" data-element_type=\"widget\" data-widget_type=\"image.default\">\n\t\t\t\t<div class=\"elementor-widget-container\">\n\t\t\t\t\t\t\t\t\t\t\t\t\t\t\t<img loading=\"lazy\" decoding=\"async\" width=\"800\" height=\"800\" src=\"https:\/\/bodegahcanale.com\/wp-content\/uploads\/2023\/08\/juan-martin-vidiri-bodega-h-canale-mini-1.jpg\" class=\"elementor-animation-bob attachment-large size-large wp-image-1695\" alt=\"\" srcset=\"https:\/\/bodegahcanale.com\/wp-content\/uploads\/2023\/08\/juan-martin-vidiri-bodega-h-canale-mini-1.jpg 800w, https:\/\/bodegahcanale.com\/wp-content\/uploads\/2023\/08\/juan-martin-vidiri-bodega-h-canale-mini-1-300x300.jpg 300w, https:\/\/bodegahcanale.com\/wp-content\/uploads\/2023\/08\/juan-martin-vidiri-bodega-h-canale-mini-1-150x150.jpg 150w, https:\/\/bodegahcanale.com\/wp-content\/uploads\/2023\/08\/juan-martin-vidiri-bodega-h-canale-mini-1-768x768.jpg 768w\" sizes=\"(max-width: 800px) 100vw, 800px\" \/>\t\t\t\t\t\t\t\t\t\t\t\t\t\t\t<\/div>\n\t\t\t\t<\/div>\n\t\t\t\t<div class=\"elementor-element elementor-element-7dd2ee2 elementor-widget elementor-widget-heading\" data-id=\"7dd2ee2\" data-element_type=\"widget\" data-widget_type=\"heading.default\">\n\t\t\t\t<div class=\"elementor-widget-container\">\n\t\t\t\t\t<h2 class=\"elementor-heading-title elementor-size-default\">JUAN MART\u00cdN VIDIRI<\/h2>\t\t\t\t<\/div>\n\t\t\t\t<\/div>\n\t\t\t\t<div class=\"elementor-element elementor-element-83ed3b8 elementor-widget elementor-widget-text-editor\" data-id=\"83ed3b8\" data-element_type=\"widget\" data-widget_type=\"text-editor.default\">\n\t\t\t\t<div class=\"elementor-widget-container\">\n\t\t\t\t\t\t\t\t\t<p><span style=\"font-weight: 400;\">Director de Producci\u00f3n<\/span><\/p>\t\t\t\t\t\t\t\t<\/div>\n\t\t\t\t<\/div>\n\t\t\t\t<\/div>\n\t\t<div class=\"elementor-element elementor-element-c0d8107 e-con-full e-flex e-con e-child\" data-id=\"c0d8107\" data-element_type=\"container\">\n\t\t\t\t<div class=\"elementor-element elementor-element-e9970e3 elementor-widget elementor-widget-image\" data-id=\"e9970e3\" data-element_type=\"widget\" data-widget_type=\"image.default\">\n\t\t\t\t<div class=\"elementor-widget-container\">\n\t\t\t\t\t\t\t\t\t\t\t\t\t\t\t<img loading=\"lazy\" decoding=\"async\" width=\"800\" height=\"800\" src=\"https:\/\/bodegahcanale.com\/wp-content\/uploads\/2023\/10\/horario-1.jpg\" class=\"elementor-animation-bob attachment-large size-large wp-image-2250\" alt=\"\" srcset=\"https:\/\/bodegahcanale.com\/wp-content\/uploads\/2023\/10\/horario-1.jpg 800w, https:\/\/bodegahcanale.com\/wp-content\/uploads\/2023\/10\/horario-1-300x300.jpg 300w, https:\/\/bodegahcanale.com\/wp-content\/uploads\/2023\/10\/horario-1-150x150.jpg 150w, https:\/\/bodegahcanale.com\/wp-content\/uploads\/2023\/10\/horario-1-768x768.jpg 768w\" sizes=\"(max-width: 800px) 100vw, 800px\" \/>\t\t\t\t\t\t\t\t\t\t\t\t\t\t\t<\/div>\n\t\t\t\t<\/div>\n\t\t\t\t<div class=\"elementor-element elementor-element-9aa2e4d elementor-widget elementor-widget-heading\" data-id=\"9aa2e4d\" data-element_type=\"widget\" data-widget_type=\"heading.default\">\n\t\t\t\t<div class=\"elementor-widget-container\">\n\t\t\t\t\t<h2 class=\"elementor-heading-title elementor-size-default\">HORACIO BIBILONI<\/h2>\t\t\t\t<\/div>\n\t\t\t\t<\/div>\n\t\t\t\t<div class=\"elementor-element elementor-element-d49b0c5 elementor-widget elementor-widget-text-editor\" data-id=\"d49b0c5\" data-element_type=\"widget\" data-widget_type=\"text-editor.default\">\n\t\t\t\t<div class=\"elementor-widget-container\">\n\t\t\t\t\t\t\t\t\t<p><span style=\"font-weight: 400;\">En\u00f3logo<\/span><\/p>\t\t\t\t\t\t\t\t<\/div>\n\t\t\t\t<\/div>\n\t\t\t\t<\/div>\n\t\t\t\t\t<\/div>\n\t\t\t\t<\/div>\n\t\t\t\t<\/div>","protected":false},"excerpt":{"rendered":"<p>El Alto Valle de R\u00edo Negro es nuestro lugar en el mundo, donde est\u00e1n nuestras ra\u00edces, valores y nuestro sentido de familia desde 1909. Nuestros vinos son la excusa perfecta para contar la historia de esta familia centenaria y transmitir el legado y experiencia de cinco generaciones en el Alto Valle de R\u00edo Negro. Fuimos [&hellip;]<\/p>","protected":false},"author":1,"featured_media":0,"parent":0,"menu_order":0,"comment_status":"closed","ping_status":"closed","template":"elementor_header_footer","meta":{"footnotes":""},"class_list":["post-87","page","type-page","status-publish","hentry"],"blocksy_meta":[],"_links":{"self":[{"href":"https:\/\/bodegahcanale.com\/por\/wp-json\/wp\/v2\/pages\/87","targetHints":{"allow":["GET"]}}],"collection":[{"href":"https:\/\/bodegahcanale.com\/por\/wp-json\/wp\/v2\/pages"}],"about":[{"href":"https:\/\/bodegahcanale.com\/por\/wp-json\/wp\/v2\/types\/page"}],"author":[{"embeddable":true,"href":"https:\/\/bodegahcanale.com\/por\/wp-json\/wp\/v2\/users\/1"}],"replies":[{"embeddable":true,"href":"https:\/\/bodegahcanale.com\/por\/wp-json\/wp\/v2\/comments?post=87"}],"version-history":[{"count":169,"href":"https:\/\/bodegahcanale.com\/por\/wp-json\/wp\/v2\/pages\/87\/revisions"}],"predecessor-version":[{"id":2990,"href":"https:\/\/bodegahcanale.com\/por\/wp-json\/wp\/v2\/pages\/87\/revisions\/2990"}],"wp:attachment":[{"href":"https:\/\/bodegahcanale.com\/por\/wp-json\/wp\/v2\/media?parent=87"}],"curies":[{"name":"wp","href":"https:\/\/api.w.org\/{rel}","templated":true}]}}