{"id":85,"date":"2023-08-09T13:09:10","date_gmt":"2023-08-09T16:09:10","guid":{"rendered":"http:\/\/desabhc.ticma.com.ar\/?page_id=85"},"modified":"2024-12-17T15:51:11","modified_gmt":"2024-12-17T18:51:11","slug":"inicio","status":"publish","type":"page","link":"https:\/\/bodegahcanale.com\/por\/","title":{"rendered":"Inicio"},"content":{"rendered":"<div data-elementor-type=\"wp-page\" data-elementor-id=\"85\" class=\"elementor elementor-85\" data-elementor-post-type=\"page\">\n\t\t\t\t<div class=\"elementor-element elementor-element-378bdca e-con-full e-flex e-con e-parent\" data-id=\"378bdca\" data-element_type=\"container\" data-settings=\"{&quot;background_background&quot;:&quot;classic&quot;}\">\n\t\t\t\t<div class=\"elementor-element elementor-element-df109c8 elementor-invisible elementor-widget elementor-widget-heading\" data-id=\"df109c8\" data-element_type=\"widget\" data-settings=\"{&quot;_animation&quot;:&quot;zoomIn&quot;}\" data-widget_type=\"heading.default\">\n\t\t\t\t<div class=\"elementor-widget-container\">\n\t\t\t\t\t<h1 class=\"elementor-heading-title elementor-size-default\">Pioneiros na Patag\u00f4nia<\/h1>\t\t\t\t<\/div>\n\t\t\t\t<\/div>\n\t\t\t\t<\/div>\n\t\t<div class=\"elementor-element elementor-element-0f27290 e-con-full e-flex e-con e-parent\" data-id=\"0f27290\" data-element_type=\"container\">\n\t\t<div class=\"elementor-element elementor-element-7db0fcf e-con-full e-flex e-con e-child\" data-id=\"7db0fcf\" data-element_type=\"container\" data-settings=\"{&quot;background_background&quot;:&quot;classic&quot;}\">\n\t\t\t\t<div class=\"elementor-element elementor-element-d70053e elementor-widget elementor-widget-image\" data-id=\"d70053e\" data-element_type=\"widget\" data-widget_type=\"image.default\">\n\t\t\t\t<div class=\"elementor-widget-container\">\n\t\t\t\t\t\t\t\t\t\t\t\t\t\t\t<img fetchpriority=\"high\" decoding=\"async\" width=\"960\" height=\"890\" src=\"https:\/\/bodegahcanale.com\/wp-content\/uploads\/2023\/09\/contacto.jpg\" class=\"attachment-full size-full wp-image-1963\" alt=\"\" srcset=\"https:\/\/bodegahcanale.com\/wp-content\/uploads\/2023\/09\/contacto.jpg 960w, https:\/\/bodegahcanale.com\/wp-content\/uploads\/2023\/09\/contacto-300x278.jpg 300w, https:\/\/bodegahcanale.com\/wp-content\/uploads\/2023\/09\/contacto-768x712.jpg 768w\" sizes=\"(max-width: 960px) 100vw, 960px\" \/>\t\t\t\t\t\t\t\t\t\t\t\t\t\t\t<\/div>\n\t\t\t\t<\/div>\n\t\t\t\t<\/div>\n\t\t<div class=\"elementor-element elementor-element-5b6514a e-con-full elementor-hidden-mobile elementor-hidden-mobile_extra e-flex e-con e-child\" data-id=\"5b6514a\" data-element_type=\"container\">\n\t\t\t\t<\/div>\n\t\t<div class=\"elementor-element elementor-element-58e91e0 e-con-full e-flex e-con e-child\" data-id=\"58e91e0\" data-element_type=\"container\">\n\t\t\t\t<div class=\"elementor-element elementor-element-6830fe1 elementor-widget elementor-widget-heading\" data-id=\"6830fe1\" data-element_type=\"widget\" data-widget_type=\"heading.default\">\n\t\t\t\t<div class=\"elementor-widget-container\">\n\t\t\t\t\t<h2 class=\"elementor-heading-title elementor-size-default\">Sobre N\u00f3s<\/h2>\t\t\t\t<\/div>\n\t\t\t\t<\/div>\n\t\t\t\t<div class=\"elementor-element elementor-element-a00f283 elementor-widget elementor-widget-text-editor\" data-id=\"a00f283\" data-element_type=\"widget\" data-widget_type=\"text-editor.default\">\n\t\t\t\t<div class=\"elementor-widget-container\">\n\t\t\t\t\t\t\t\t\t<p class=\" translation-block\">A Patag\u00f4nia \u00e9 o nosso lugar de vida, onde nossas ra\u00edzes, valores e nosso conceito de fam\u00edlia s\u00e3o.<\/p><p class=\" translation-block\">Atrav\u00e9s de nossos vinhos contamos quem somos, o presente de cinco gera\u00e7\u00f5es elaborando vinhos na regi\u00e3o do vale superior do Rio Negro.<\/p>\t\t\t\t\t\t\t\t<\/div>\n\t\t\t\t<\/div>\n\t\t\t\t<div class=\"elementor-element elementor-element-50c205a elementor-widget elementor-widget-text-editor\" data-id=\"50c205a\" data-element_type=\"widget\" data-widget_type=\"text-editor.default\">\n\t\t\t\t<div class=\"elementor-widget-container\">\n\t\t\t\t\t\t\t\t\t<p>Com um percurso centen\u00e1rio de trajet\u00f3ria s\u00f3lida no mercado nacional e internacional, hoje n\u00f3s projetamos, acompanhando as novas tend\u00eancias ecol\u00f3gicas, como uma vin\u00edcola empreendedora e inovadora da viticultura da regi\u00e3o patag\u00f4nica.<\/p>\t\t\t\t\t\t\t\t<\/div>\n\t\t\t\t<\/div>\n\t\t\t\t<div class=\"elementor-element elementor-element-5cefca5 elementor-widget elementor-widget-eael-creative-button\" data-id=\"5cefca5\" data-element_type=\"widget\" data-widget_type=\"eael-creative-button.default\">\n\t\t\t\t<div class=\"elementor-widget-container\">\n\t\t\t\t\t        <div class=\"eael-creative-button-wrapper\">\n\n            <a class=\"eael-creative-button eael-creative-button--default\" href=\"https:\/\/bodegahcanale.com\/por\/nosotros\/\" data-text=\"\">\n\n\t    \n                <div class=\"creative-button-inner\">\n\n                    \n                    <span class=\"cretive-button-text\">SOBRE N\u00d3S<\/span>\n\n                                    <\/div>\n\t                        <\/a>\n        <\/div>\n\t\t\t\t<\/div>\n\t\t\t\t<\/div>\n\t\t\t\t<\/div>\n\t\t\t\t<\/div>\n\t\t<div class=\"elementor-element elementor-element-8999ca7 e-con-full e-flex e-con e-parent\" data-id=\"8999ca7\" data-element_type=\"container\" data-settings=\"{&quot;background_background&quot;:&quot;classic&quot;}\">\n\t\t\t\t<\/div>\n\t\t<div class=\"elementor-element elementor-element-8ac1572 e-flex e-con-boxed e-con e-parent\" data-id=\"8ac1572\" data-element_type=\"container\">\n\t\t\t\t\t<div class=\"e-con-inner\">\n\t\t<div class=\"elementor-element elementor-element-5f92c7a e-flex e-con-boxed e-con e-child\" data-id=\"5f92c7a\" data-element_type=\"container\">\n\t\t\t\t\t<div class=\"e-con-inner\">\n\t\t\t\t<div class=\"elementor-element elementor-element-4ea9162 elementor-widget elementor-widget-text-editor\" data-id=\"4ea9162\" data-element_type=\"widget\" data-widget_type=\"text-editor.default\">\n\t\t\t\t<div class=\"elementor-widget-container\">\n\t\t\t\t\t\t\t\t\t<p>\u201cPorque amamos a nossa terra e o seu ambiente natural, o seu cuidado ser\u00e1 sempre a nossa prioridade. Assumimos o compromisso de cuidar do ambiente em cada uma das etapas da elabora\u00e7\u00e3o dos nossos vinhos.\u201d<\/p>\t\t\t\t\t\t\t\t<\/div>\n\t\t\t\t<\/div>\n\t\t\t\t<div class=\"elementor-element elementor-element-8cde4ff elementor-widget elementor-widget-heading\" data-id=\"8cde4ff\" data-element_type=\"widget\" data-widget_type=\"heading.default\">\n\t\t\t\t<div class=\"elementor-widget-container\">\n\t\t\t\t\t<h5 class=\"elementor-heading-title elementor-size-default\">- Guillermo Barzi Canale<\/h5>\t\t\t\t<\/div>\n\t\t\t\t<\/div>\n\t\t\t\t<div class=\"elementor-element elementor-element-8825fb1 elementor-widget elementor-widget-eael-creative-button\" data-id=\"8825fb1\" data-element_type=\"widget\" data-widget_type=\"eael-creative-button.default\">\n\t\t\t\t<div class=\"elementor-widget-container\">\n\t\t\t\t\t        <div class=\"eael-creative-button-wrapper\">\n\n            <a class=\"eael-creative-button eael-creative-button--default\" href=\"https:\/\/bodegahcanale.com\/por\/terroir\/\" data-text=\"\">\n\n\t    \n                <div class=\"creative-button-inner\">\n\n                    \n                    <span class=\"cretive-button-text\">TERROIR<\/span>\n\n                                    <\/div>\n\t                        <\/a>\n        <\/div>\n\t\t\t\t<\/div>\n\t\t\t\t<\/div>\n\t\t\t\t\t<\/div>\n\t\t\t\t<\/div>\n\t\t\t\t\t<\/div>\n\t\t\t\t<\/div>\n\t\t<div class=\"elementor-element elementor-element-27002a6 e-con-full e-flex e-con e-parent\" data-id=\"27002a6\" data-element_type=\"container\" data-settings=\"{&quot;background_background&quot;:&quot;classic&quot;}\">\n\t\t<div class=\"elementor-element elementor-element-fd92765 e-con-full animated-slow e-flex elementor-invisible e-con e-child\" data-id=\"fd92765\" data-element_type=\"container\" data-settings=\"{&quot;animation&quot;:&quot;fadeIn&quot;,&quot;animation_delay&quot;:100}\">\n\t\t\t\t<div class=\"elementor-element elementor-element-90bc511 elementor-widget elementor-widget-image\" data-id=\"90bc511\" data-element_type=\"widget\" data-widget_type=\"image.default\">\n\t\t\t\t<div class=\"elementor-widget-container\">\n\t\t\t\t\t\t\t\t\t\t\t\t\t\t\t<img decoding=\"async\" width=\"198\" height=\"772\" src=\"https:\/\/bodegahcanale.com\/wp-content\/uploads\/2023\/08\/HCMBCFT.png\" class=\"elementor-animation-grow attachment-large size-large wp-image-705\" alt=\"\" srcset=\"https:\/\/bodegahcanale.com\/wp-content\/uploads\/2023\/08\/HCMBCFT.png 198w, https:\/\/bodegahcanale.com\/wp-content\/uploads\/2023\/08\/HCMBCFT-77x300.png 77w\" sizes=\"(max-width: 198px) 100vw, 198px\" \/>\t\t\t\t\t\t\t\t\t\t\t\t\t\t\t<\/div>\n\t\t\t\t<\/div>\n\t\t\t\t<\/div>\n\t\t<div class=\"elementor-element elementor-element-5b009ee e-con-full animated-slow e-flex elementor-invisible e-con e-child\" data-id=\"5b009ee\" data-element_type=\"container\" data-settings=\"{&quot;animation&quot;:&quot;fadeIn&quot;,&quot;animation_delay&quot;:150}\">\n\t\t\t\t<div class=\"elementor-element elementor-element-6aa4eef elementor-widget elementor-widget-image\" data-id=\"6aa4eef\" data-element_type=\"widget\" data-widget_type=\"image.default\">\n\t\t\t\t<div class=\"elementor-widget-container\">\n\t\t\t\t\t\t\t\t\t\t\t\t\t\t\t<img decoding=\"async\" width=\"198\" height=\"772\" src=\"https:\/\/bodegahcanale.com\/wp-content\/uploads\/2023\/08\/HC-Merlot-01.png\" class=\"elementor-animation-grow attachment-large size-large wp-image-688\" alt=\"\" srcset=\"https:\/\/bodegahcanale.com\/wp-content\/uploads\/2023\/08\/HC-Merlot-01.png 198w, https:\/\/bodegahcanale.com\/wp-content\/uploads\/2023\/08\/HC-Merlot-01-77x300.png 77w\" sizes=\"(max-width: 198px) 100vw, 198px\" \/>\t\t\t\t\t\t\t\t\t\t\t\t\t\t\t<\/div>\n\t\t\t\t<\/div>\n\t\t\t\t<\/div>\n\t\t<div class=\"elementor-element elementor-element-cb1b493 e-con-full animated-slow e-flex elementor-invisible e-con e-child\" data-id=\"cb1b493\" data-element_type=\"container\" data-settings=\"{&quot;animation&quot;:&quot;fadeIn&quot;,&quot;animation_delay&quot;:200}\">\n\t\t\t\t<div class=\"elementor-element elementor-element-3302934 elementor-widget elementor-widget-image\" data-id=\"3302934\" data-element_type=\"widget\" data-widget_type=\"image.default\">\n\t\t\t\t<div class=\"elementor-widget-container\">\n\t\t\t\t\t\t\t\t\t\t\t\t\t\t\t<img loading=\"lazy\" decoding=\"async\" width=\"238\" height=\"772\" src=\"https:\/\/bodegahcanale.com\/wp-content\/uploads\/2024\/08\/Humberto-Canale-470OTRO.png\" class=\"elementor-animation-grow attachment-large size-large wp-image-2752\" alt=\"\" srcset=\"https:\/\/bodegahcanale.com\/wp-content\/uploads\/2024\/08\/Humberto-Canale-470OTRO.png 238w, https:\/\/bodegahcanale.com\/wp-content\/uploads\/2024\/08\/Humberto-Canale-470OTRO-4x12.png 4w\" sizes=\"(max-width: 238px) 100vw, 238px\" \/>\t\t\t\t\t\t\t\t\t\t\t\t\t\t\t<\/div>\n\t\t\t\t<\/div>\n\t\t\t\t<\/div>\n\t\t<div class=\"elementor-element elementor-element-92d3ac5 e-con-full animated-slow e-flex elementor-invisible e-con e-child\" data-id=\"92d3ac5\" data-element_type=\"container\" data-settings=\"{&quot;animation&quot;:&quot;fadeIn&quot;,&quot;animation_delay&quot;:250}\">\n\t\t\t\t<div class=\"elementor-element elementor-element-99f6894 elementor-widget elementor-widget-image\" data-id=\"99f6894\" data-element_type=\"widget\" data-widget_type=\"image.default\">\n\t\t\t\t<div class=\"elementor-widget-container\">\n\t\t\t\t\t\t\t\t\t\t\t\t\t\t\t<img loading=\"lazy\" decoding=\"async\" width=\"238\" height=\"772\" src=\"https:\/\/bodegahcanale.com\/wp-content\/uploads\/2023\/08\/Humberto-Canale-470OTRO.png\" class=\"elementor-animation-grow attachment-large size-large wp-image-708\" alt=\"\" \/>\t\t\t\t\t\t\t\t\t\t\t\t\t\t\t<\/div>\n\t\t\t\t<\/div>\n\t\t\t\t<\/div>\n\t\t<div class=\"elementor-element elementor-element-710cee0 e-con-full animated-slow e-flex elementor-invisible e-con e-child\" data-id=\"710cee0\" data-element_type=\"container\" data-settings=\"{&quot;animation&quot;:&quot;fadeIn&quot;,&quot;animation_delay&quot;:300}\">\n\t\t\t\t<div class=\"elementor-element elementor-element-2af55e4 elementor-widget elementor-widget-image\" data-id=\"2af55e4\" data-element_type=\"widget\" data-widget_type=\"image.default\">\n\t\t\t\t<div class=\"elementor-widget-container\">\n\t\t\t\t\t\t\t\t\t\t\t\t\t\t\t<img loading=\"lazy\" decoding=\"async\" width=\"198\" height=\"772\" src=\"https:\/\/bodegahcanale.com\/wp-content\/uploads\/2023\/08\/BZOCK-1.png\" class=\"elementor-animation-grow attachment-large size-large wp-image-1335\" alt=\"\" srcset=\"https:\/\/bodegahcanale.com\/wp-content\/uploads\/2023\/08\/BZOCK-1.png 198w, https:\/\/bodegahcanale.com\/wp-content\/uploads\/2023\/08\/BZOCK-1-77x300.png 77w\" sizes=\"(max-width: 198px) 100vw, 198px\" \/>\t\t\t\t\t\t\t\t\t\t\t\t\t\t\t<\/div>\n\t\t\t\t<\/div>\n\t\t\t\t<\/div>\n\t\t\t\t<\/div>\n\t\t<div class=\"elementor-element elementor-element-3cc186c e-flex e-con-boxed e-con e-parent\" data-id=\"3cc186c\" data-element_type=\"container\" data-settings=\"{&quot;background_background&quot;:&quot;classic&quot;}\">\n\t\t\t\t\t<div class=\"e-con-inner\">\n\t\t\t\t<div class=\"elementor-element elementor-element-5d5b2b0 elementor-hidden-mobile elementor-widget elementor-widget-heading\" data-id=\"5d5b2b0\" data-element_type=\"widget\" data-widget_type=\"heading.default\">\n\t\t\t\t<div class=\"elementor-widget-container\">\n\t\t\t\t\t<h2 class=\"elementor-heading-title elementor-size-default\">Uma cole\u00e7\u00e3o com hist\u00f3ria<\/h2>\t\t\t\t<\/div>\n\t\t\t\t<\/div>\n\t\t\t\t<div class=\"elementor-element elementor-element-ff2ea9e elementor-hidden-widescreen elementor-hidden-desktop elementor-hidden-laptop elementor-hidden-tablet_extra elementor-hidden-tablet elementor-hidden-mobile_extra elementor-widget elementor-widget-heading\" data-id=\"ff2ea9e\" data-element_type=\"widget\" data-widget_type=\"heading.default\">\n\t\t\t\t<div class=\"elementor-widget-container\">\n\t\t\t\t\t<h2 class=\"elementor-heading-title elementor-size-default\">Una colecci\u00f3n <br> con historia<\/h2>\t\t\t\t<\/div>\n\t\t\t\t<\/div>\n\t\t\t\t<div class=\"elementor-element elementor-element-32ed67b elementor-hidden-mobile elementor-widget elementor-widget-heading\" data-id=\"32ed67b\" data-element_type=\"widget\" data-widget_type=\"heading.default\">\n\t\t\t\t<div class=\"elementor-widget-container\">\n\t\t\t\t\t<h2 class=\"elementor-heading-title elementor-size-default\">DESCOBRI O ESP\u00cdRITO DE HUMBERTO CANALE<\/h2>\t\t\t\t<\/div>\n\t\t\t\t<\/div>\n\t\t\t\t<div class=\"elementor-element elementor-element-4aaab58 elementor-hidden-widescreen elementor-hidden-desktop elementor-hidden-laptop elementor-hidden-tablet_extra elementor-hidden-tablet elementor-hidden-mobile_extra elementor-widget elementor-widget-heading\" data-id=\"4aaab58\" data-element_type=\"widget\" data-widget_type=\"heading.default\">\n\t\t\t\t<div class=\"elementor-widget-container\">\n\t\t\t\t\t<h2 class=\"elementor-heading-title elementor-size-default\">DESCUBR\u00cd EL ESP\u00cdRITU  <br> HUMBERTO CANALE<\/h2>\t\t\t\t<\/div>\n\t\t\t\t<\/div>\n\t\t\t\t<div class=\"elementor-element elementor-element-c4eda13 elementor-widget elementor-widget-eael-creative-button\" data-id=\"c4eda13\" data-element_type=\"widget\" data-widget_type=\"eael-creative-button.default\">\n\t\t\t\t<div class=\"elementor-widget-container\">\n\t\t\t\t\t        <div class=\"eael-creative-button-wrapper\">\n\n            <a class=\"eael-creative-button eael-creative-button--default\" href=\"https:\/\/bodegahcanale.com\/por\/vinos\/\" data-text=\"\">\n\n\t    \n                <div class=\"creative-button-inner\">\n\n                    \n                    <span class=\"cretive-button-text\">VINHOS<\/span>\n\n                                    <\/div>\n\t                        <\/a>\n        <\/div>\n\t\t\t\t<\/div>\n\t\t\t\t<\/div>\n\t\t\t\t\t<\/div>\n\t\t\t\t<\/div>\n\t\t<div class=\"elementor-element elementor-element-0524f8b e-con-full e-flex e-con e-parent\" data-id=\"0524f8b\" data-element_type=\"container\">\n\t\t<div class=\"elementor-element elementor-element-8bd88bb e-con-full e-flex e-con e-child\" data-id=\"8bd88bb\" data-element_type=\"container\">\n\t\t\t\t<div class=\"elementor-element elementor-element-8f11d60 elementor-widget elementor-widget-heading\" data-id=\"8f11d60\" data-element_type=\"widget\" data-widget_type=\"heading.default\">\n\t\t\t\t<div class=\"elementor-widget-container\">\n\t\t\t\t\t<h4 class=\"elementor-heading-title elementor-size-default\">Visitas<\/h4>\t\t\t\t<\/div>\n\t\t\t\t<\/div>\n\t\t\t\t<div class=\"elementor-element elementor-element-9335cff elementor-widget elementor-widget-text-editor\" data-id=\"9335cff\" data-element_type=\"widget\" data-widget_type=\"text-editor.default\">\n\t\t\t\t<div class=\"elementor-widget-container\">\n\t\t\t\t\t\t\t\t\t<p>Convidamo-lo a conhecer Humberto Canale, o ambiente paradis\u00edaco e a provar os nossos vinhos.<\/p>\t\t\t\t\t\t\t\t<\/div>\n\t\t\t\t<\/div>\n\t\t\t\t<div class=\"elementor-element elementor-element-bc45524 elementor-widget elementor-widget-text-editor\" data-id=\"bc45524\" data-element_type=\"widget\" data-widget_type=\"text-editor.default\">\n\t\t\t\t<div class=\"elementor-widget-container\">\n\t\t\t\t\t\t\t\t\t<p>Fazemos visitas guiadas todos os dias e passeios especialmente pensados \u200b\u200bpara que voc\u00ea possa sentir a experi\u00eancia de viver a Patag\u00f4nia: passeios pelos vinhedos, participar da colheita, degustar nossos vinhos, desfrutar de experi\u00eancias gourmet \u00fanicas, flutua\u00e7\u00f5es no Rio Negro e muitas mais atividades.<\/p>\t\t\t\t\t\t\t\t<\/div>\n\t\t\t\t<\/div>\n\t\t\t\t<div class=\"elementor-element elementor-element-6594f25 elementor-widget elementor-widget-text-editor\" data-id=\"6594f25\" data-element_type=\"widget\" data-widget_type=\"text-editor.default\">\n\t\t\t\t<div class=\"elementor-widget-container\">\n\t\t\t\t\t\t\t\t\t<p>Entre em contato e saiba mais sobre nossas propostas.<\/p>\t\t\t\t\t\t\t\t<\/div>\n\t\t\t\t<\/div>\n\t\t\t\t<div class=\"elementor-element elementor-element-1f8b180 elementor-widget elementor-widget-eael-creative-button\" data-id=\"1f8b180\" data-element_type=\"widget\" data-widget_type=\"eael-creative-button.default\">\n\t\t\t\t<div class=\"elementor-widget-container\">\n\t\t\t\t\t        <div class=\"eael-creative-button-wrapper\">\n\n            <a class=\"eael-creative-button eael-creative-button--default\" href=\"https:\/\/bodegahcanale.com\/por\/visitas\/\" data-text=\"\">\n\n\t    \n                <div class=\"creative-button-inner\">\n\n                    \n                    <span class=\"cretive-button-text\">VISITAS<\/span>\n\n                                    <\/div>\n\t                        <\/a>\n        <\/div>\n\t\t\t\t<\/div>\n\t\t\t\t<\/div>\n\t\t\t\t<\/div>\n\t\t<div class=\"elementor-element elementor-element-823ebf4 e-con-full elementor-hidden-mobile e-flex e-con e-child\" data-id=\"823ebf4\" data-element_type=\"container\">\n\t\t\t\t<\/div>\n\t\t<div class=\"elementor-element elementor-element-51c6312 e-con-full e-flex e-con e-child\" data-id=\"51c6312\" data-element_type=\"container\" data-settings=\"{&quot;background_background&quot;:&quot;classic&quot;}\">\n\t\t\t\t<div class=\"elementor-element elementor-element-fa63e3c elementor-widget elementor-widget-image\" data-id=\"fa63e3c\" data-element_type=\"widget\" data-widget_type=\"image.default\">\n\t\t\t\t<div class=\"elementor-widget-container\">\n\t\t\t\t\t\t\t\t\t\t\t\t\t\t\t<img loading=\"lazy\" decoding=\"async\" width=\"960\" height=\"890\" src=\"https:\/\/bodegahcanale.com\/wp-content\/uploads\/2023\/08\/HomeVisitas-1.webp\" class=\"attachment-full size-full wp-image-255\" alt=\"\" srcset=\"https:\/\/bodegahcanale.com\/wp-content\/uploads\/2023\/08\/HomeVisitas-1.webp 960w, https:\/\/bodegahcanale.com\/wp-content\/uploads\/2023\/08\/HomeVisitas-1-300x278.webp 300w, https:\/\/bodegahcanale.com\/wp-content\/uploads\/2023\/08\/HomeVisitas-1-768x712.webp 768w\" sizes=\"(max-width: 960px) 100vw, 960px\" \/>\t\t\t\t\t\t\t\t\t\t\t\t\t\t\t<\/div>\n\t\t\t\t<\/div>\n\t\t\t\t<\/div>\n\t\t\t\t<\/div>\n\t\t\t\t<\/div>","protected":false},"excerpt":{"rendered":"<p>Pioneros en la Patagonia Nosotros Patagonia es nuestro lugar en el mundo, donde est\u00e1n nuestras ra\u00edces, nuestros valores y nuestro sentido de familia. Nuestra bodega se encuentra a s\u00f3lo 8 km de General Roca. Aqu\u00ed nuestros vi\u00f1edos ocupan 160 ha de excelentes y a\u00f1osas vides. Fundada en 1909, Humberto Canale tuvo un papel fundamental en [&hellip;]<\/p>","protected":false},"author":1,"featured_media":0,"parent":0,"menu_order":0,"comment_status":"closed","ping_status":"closed","template":"elementor_header_footer","meta":{"footnotes":""},"class_list":["post-85","page","type-page","status-publish","hentry"],"blocksy_meta":[],"_links":{"self":[{"href":"https:\/\/bodegahcanale.com\/por\/wp-json\/wp\/v2\/pages\/85","targetHints":{"allow":["GET"]}}],"collection":[{"href":"https:\/\/bodegahcanale.com\/por\/wp-json\/wp\/v2\/pages"}],"about":[{"href":"https:\/\/bodegahcanale.com\/por\/wp-json\/wp\/v2\/types\/page"}],"author":[{"embeddable":true,"href":"https:\/\/bodegahcanale.com\/por\/wp-json\/wp\/v2\/users\/1"}],"replies":[{"embeddable":true,"href":"https:\/\/bodegahcanale.com\/por\/wp-json\/wp\/v2\/comments?post=85"}],"version-history":[{"count":473,"href":"https:\/\/bodegahcanale.com\/por\/wp-json\/wp\/v2\/pages\/85\/revisions"}],"predecessor-version":[{"id":2987,"href":"https:\/\/bodegahcanale.com\/por\/wp-json\/wp\/v2\/pages\/85\/revisions\/2987"}],"wp:attachment":[{"href":"https:\/\/bodegahcanale.com\/por\/wp-json\/wp\/v2\/media?parent=85"}],"curies":[{"name":"wp","href":"https:\/\/api.w.org\/{rel}","templated":true}]}}