{"id":747,"date":"2023-08-23T15:34:27","date_gmt":"2023-08-23T18:34:27","guid":{"rendered":"http:\/\/desabhc.ticma.com.ar\/?page_id=747"},"modified":"2024-12-17T11:24:30","modified_gmt":"2024-12-17T14:24:30","slug":"humberto-canale-intimo","status":"publish","type":"page","link":"https:\/\/bodegahcanale.com\/por\/humberto-canale-intimo\/","title":{"rendered":"Humberto Canale Intimo"},"content":{"rendered":"<div data-elementor-type=\"wp-page\" data-elementor-id=\"747\" class=\"elementor elementor-747\" data-elementor-post-type=\"page\">\n\t\t\t\t<div class=\"elementor-element elementor-element-27db2625 e-con-full e-flex e-con e-parent\" data-id=\"27db2625\" data-element_type=\"container\" data-settings=\"{&quot;background_background&quot;:&quot;classic&quot;}\">\n\t\t\t\t<\/div>\n\t\t<div class=\"elementor-element elementor-element-3fe10eb0 e-flex e-con-boxed e-con e-parent\" data-id=\"3fe10eb0\" data-element_type=\"container\" data-settings=\"{&quot;background_background&quot;:&quot;classic&quot;}\">\n\t\t\t\t\t<div class=\"e-con-inner\">\n\t\t<div class=\"elementor-element elementor-element-15d613cf e-flex e-con-boxed e-con e-child\" data-id=\"15d613cf\" data-element_type=\"container\">\n\t\t\t\t\t<div class=\"e-con-inner\">\n\t\t\t\t<div class=\"elementor-element elementor-element-8640a1f elementor-widget elementor-widget-heading\" data-id=\"8640a1f\" data-element_type=\"widget\" data-widget_type=\"heading.default\">\n\t\t\t\t<div class=\"elementor-widget-container\">\n\t\t\t\t\t<h1 class=\"elementor-heading-title elementor-size-default\">HUMBERTO CANALE INTIMO<\/h1>\t\t\t\t<\/div>\n\t\t\t\t<\/div>\n\t\t\t\t<div class=\"elementor-element elementor-element-251962d3 elementor-widget elementor-widget-text-editor\" data-id=\"251962d3\" data-element_type=\"widget\" data-widget_type=\"text-editor.default\">\n\t\t\t\t<div class=\"elementor-widget-container\">\n\t\t\t\t\t\t\t\t\t<p>Por mais de 40 anos o \u00edntimo Cabernet Sauvignon foi a imagem da regi\u00e3o patag\u00f4nica e teve proemin\u00eancia absoluta no mercado. O HC intimo transmite o conceito cl\u00e1ssico e tradicional de sempre, mas tamb\u00e9m se destaca por um estilo moderno, com uma boa combina\u00e7\u00e3o de cores intensas, muita fruta e um passo justo atrav\u00e9s da madeira que lhes confere complexidade e eleg\u00e2ncia.<\/p>\t\t\t\t\t\t\t\t<\/div>\n\t\t\t\t<\/div>\n\t\t\t\t\t<\/div>\n\t\t\t\t<\/div>\n\t\t\t\t\t<\/div>\n\t\t\t\t<\/div>\n\t\t<div class=\"elementor-element elementor-element-77fcd922 e-con-full e-flex e-con e-parent\" data-id=\"77fcd922\" data-element_type=\"container\" data-settings=\"{&quot;background_background&quot;:&quot;classic&quot;}\">\n\t\t<div class=\"elementor-element elementor-element-6cfd239d e-con-full e-flex e-con e-child\" data-id=\"6cfd239d\" data-element_type=\"container\">\n\t\t\t\t<div class=\"elementor-element elementor-element-435a656f animated-fast eael-infobox-content-align--center eael-infobox-shape-square eael-infobox-hover-img-shape-square elementor-invisible elementor-widget elementor-widget-eael-info-box\" data-id=\"435a656f\" data-element_type=\"widget\" data-settings=\"{&quot;_animation&quot;:&quot;zoomIn&quot;,&quot;_animation_delay&quot;:100}\" data-widget_type=\"eael-info-box.default\">\n\t\t\t\t<div class=\"elementor-widget-container\">\n\t\t\t\t\t            <a href=\"https:\/\/bodegahcanale.com\/por\/intimo-cabernet-suavignon\/\">\n\t            <div class=\"eael-infobox\">\n\t            <div class=\"infobox-icon elementor-animation-float\">\n\n                            <img decoding=\"async\" src=\"https:\/\/bodegahcanale.com\/wp-content\/uploads\/2023\/08\/HCCABFT.png\" alt=\"\">\n            \n            \n            \n        <\/div>\n            <div class=\"infobox-content\">\n            <div><p>INTIMO <br \/>CABERNET SAUVIGNON<\/p><\/div>        <\/div>\n            <\/div>\n\n\t\t            <\/a>\n\t\t\t\t\t\t<\/div>\n\t\t\t\t<\/div>\n\t\t\t\t<\/div>\n\t\t<div class=\"elementor-element elementor-element-16049f58 e-con-full e-flex e-con e-child\" data-id=\"16049f58\" data-element_type=\"container\">\n\t\t\t\t<div class=\"elementor-element elementor-element-1e854b5 animated-fast eael-infobox-content-align--center eael-infobox-shape-square eael-infobox-hover-img-shape-square elementor-invisible elementor-widget elementor-widget-eael-info-box\" data-id=\"1e854b5\" data-element_type=\"widget\" data-settings=\"{&quot;_animation&quot;:&quot;zoomIn&quot;,&quot;_animation_delay&quot;:200}\" data-widget_type=\"eael-info-box.default\">\n\t\t\t\t<div class=\"elementor-widget-container\">\n\t\t\t\t\t            <a href=\"https:\/\/bodegahcanale.com\/por\/intimo-cabernet-merlot-malbec\/\">\n\t            <div class=\"eael-infobox\">\n\t            <div class=\"infobox-icon elementor-animation-float\">\n\n                            <img decoding=\"async\" src=\"https:\/\/bodegahcanale.com\/wp-content\/uploads\/2023\/08\/HCCMMFT.png\" alt=\"\">\n            \n            \n            \n        <\/div>\n            <div class=\"infobox-content\">\n            <div><p>INTIMO<br \/>CABERNET MERLOT MALBEC<\/p><\/div>        <\/div>\n            <\/div>\n\n\t\t            <\/a>\n\t\t\t\t\t\t<\/div>\n\t\t\t\t<\/div>\n\t\t\t\t<\/div>\n\t\t<div class=\"elementor-element elementor-element-1606e355 e-con-full e-flex e-con e-child\" data-id=\"1606e355\" data-element_type=\"container\">\n\t\t\t\t<div class=\"elementor-element elementor-element-43f1f11e animated-fast eael-infobox-content-align--center eael-infobox-shape-square eael-infobox-hover-img-shape-square elementor-invisible elementor-widget elementor-widget-eael-info-box\" data-id=\"43f1f11e\" data-element_type=\"widget\" data-settings=\"{&quot;_animation&quot;:&quot;zoomIn&quot;,&quot;_animation_delay&quot;:300}\" data-widget_type=\"eael-info-box.default\">\n\t\t\t\t<div class=\"elementor-widget-container\">\n\t\t\t\t\t            <a href=\"https:\/\/bodegahcanale.com\/por\/intimo-malbec\/\">\n\t            <div class=\"eael-infobox\">\n\t            <div class=\"infobox-icon elementor-animation-float\">\n\n                            <img decoding=\"async\" src=\"https:\/\/bodegahcanale.com\/wp-content\/uploads\/2023\/08\/HCMBCFT.png\" alt=\"\">\n            \n            \n            \n        <\/div>\n            <div class=\"infobox-content\">\n            <div><p>INTIMO<br \/>MALBEC<\/p><\/div>        <\/div>\n            <\/div>\n\n\t\t            <\/a>\n\t\t\t\t\t\t<\/div>\n\t\t\t\t<\/div>\n\t\t\t\t<\/div>\n\t\t<div class=\"elementor-element elementor-element-22149823 e-con-full e-flex e-con e-child\" data-id=\"22149823\" data-element_type=\"container\">\n\t\t\t\t<div class=\"elementor-element elementor-element-1c525078 animated-fast eael-infobox-content-align--center eael-infobox-shape-square eael-infobox-hover-img-shape-square elementor-invisible elementor-widget elementor-widget-eael-info-box\" data-id=\"1c525078\" data-element_type=\"widget\" data-settings=\"{&quot;_animation&quot;:&quot;zoomIn&quot;,&quot;_animation_delay&quot;:400}\" data-widget_type=\"eael-info-box.default\">\n\t\t\t\t<div class=\"elementor-widget-container\">\n\t\t\t\t\t            <a href=\"https:\/\/bodegahcanale.com\/por\/intimo-suavignon-semillon\/\">\n\t            <div class=\"eael-infobox\">\n\t            <div class=\"infobox-icon elementor-animation-float\">\n\n                            <img decoding=\"async\" src=\"https:\/\/bodegahcanale.com\/wp-content\/uploads\/2023\/10\/blanco.png\" alt=\"\">\n            \n            \n            \n        <\/div>\n            <div class=\"infobox-content\">\n            <div><p>INTIMO<br \/>SAUVIGNON SEMILL\u00d3N<\/p><\/div>        <\/div>\n            <\/div>\n\n\t\t            <\/a>\n\t\t\t\t\t\t<\/div>\n\t\t\t\t<\/div>\n\t\t\t\t<\/div>\n\t\t\t\t<\/div>\n\t\t<div class=\"elementor-element elementor-element-1104d8e3 e-flex e-con-boxed e-con e-parent\" data-id=\"1104d8e3\" data-element_type=\"container\">\n\t\t\t\t\t<div class=\"e-con-inner\">\n\t\t\t\t<div class=\"elementor-element elementor-element-78e8b63e elementor-widget elementor-widget-image\" data-id=\"78e8b63e\" data-element_type=\"widget\" data-widget_type=\"image.default\">\n\t\t\t\t<div class=\"elementor-widget-container\">\n\t\t\t\t\t\t\t\t\t\t\t\t\t\t\t<img decoding=\"async\" width=\"210\" height=\"210\" src=\"https:\/\/bodegahcanale.com\/wp-content\/uploads\/2023\/08\/iso-12.svg\" class=\"attachment-large size-large wp-image-716\" alt=\"\" \/>\t\t\t\t\t\t\t\t\t\t\t\t\t\t\t<\/div>\n\t\t\t\t<\/div>\n\t\t\t\t\t<\/div>\n\t\t\t\t<\/div>\n\t\t\t\t<\/div>","protected":false},"excerpt":{"rendered":"<p>HUMBERTO CANALE INTIMO Humberto Canale Intimo es una colecci\u00f3n de varietales singulares que son todo un emblema de los vinos de la Patagonia. Modernos, de intensos colores y alta expresi\u00f3n frutal, son complejos, elegantes y, por supuesto, pensados para momentos de \u00edntimo disfrute. INTIMO CABERNET SAUVIGNON INTIMOCABERNET MERLOT MALBEC INTIMOMALBEC INTIMOSAUVIGNON SEMILL\u00d3N<\/p>","protected":false},"author":1,"featured_media":0,"parent":0,"menu_order":0,"comment_status":"closed","ping_status":"closed","template":"","meta":{"footnotes":""},"class_list":["post-747","page","type-page","status-publish","hentry"],"blocksy_meta":[],"_links":{"self":[{"href":"https:\/\/bodegahcanale.com\/por\/wp-json\/wp\/v2\/pages\/747","targetHints":{"allow":["GET"]}}],"collection":[{"href":"https:\/\/bodegahcanale.com\/por\/wp-json\/wp\/v2\/pages"}],"about":[{"href":"https:\/\/bodegahcanale.com\/por\/wp-json\/wp\/v2\/types\/page"}],"author":[{"embeddable":true,"href":"https:\/\/bodegahcanale.com\/por\/wp-json\/wp\/v2\/users\/1"}],"replies":[{"embeddable":true,"href":"https:\/\/bodegahcanale.com\/por\/wp-json\/wp\/v2\/comments?post=747"}],"version-history":[{"count":123,"href":"https:\/\/bodegahcanale.com\/por\/wp-json\/wp\/v2\/pages\/747\/revisions"}],"predecessor-version":[{"id":2960,"href":"https:\/\/bodegahcanale.com\/por\/wp-json\/wp\/v2\/pages\/747\/revisions\/2960"}],"wp:attachment":[{"href":"https:\/\/bodegahcanale.com\/por\/wp-json\/wp\/v2\/media?parent=747"}],"curies":[{"name":"wp","href":"https:\/\/api.w.org\/{rel}","templated":true}]}}