{"id":3001,"date":"2025-05-21T17:55:05","date_gmt":"2025-05-21T20:55:05","guid":{"rendered":"https:\/\/bodegahcanale.com\/?page_id=3001"},"modified":"2025-12-18T00:46:48","modified_gmt":"2025-12-18T03:46:48","slug":"old-vineyard-riesling-cosecha-de-excepcion","status":"publish","type":"page","link":"https:\/\/bodegahcanale.com\/por\/old-vineyard-riesling-cosecha-de-excepcion\/","title":{"rendered":"Old Vineyard Riesling &#8211; Cosecha de excepci\u00f3n"},"content":{"rendered":"<div data-elementor-type=\"wp-page\" data-elementor-id=\"3001\" class=\"elementor elementor-3001\" data-elementor-post-type=\"page\">\n\t\t\t\t<div class=\"elementor-element elementor-element-6f83048c e-flex e-con-boxed e-con e-parent\" data-id=\"6f83048c\" data-element_type=\"container\">\n\t\t\t\t\t<div class=\"e-con-inner\">\n\t\t<div class=\"elementor-element elementor-element-7ecf2fbb e-con-full e-flex e-con e-child\" data-id=\"7ecf2fbb\" data-element_type=\"container\">\n\t\t\t\t<div class=\"elementor-element elementor-element-79bdf37d elementor-widget elementor-widget-image\" data-id=\"79bdf37d\" data-element_type=\"widget\" data-widget_type=\"image.default\">\n\t\t\t\t<div class=\"elementor-widget-container\">\n\t\t\t\t\t\t\t\t\t\t\t\t\t\t\t<img fetchpriority=\"high\" decoding=\"async\" width=\"791\" height=\"2560\" src=\"https:\/\/bodegahcanale.com\/wp-content\/uploads\/2025\/05\/riesling-cosecha-excepcion-scaled.png\" class=\"attachment-full size-full wp-image-3018\" alt=\"\" srcset=\"https:\/\/bodegahcanale.com\/wp-content\/uploads\/2025\/05\/riesling-cosecha-excepcion-scaled.png 791w, https:\/\/bodegahcanale.com\/wp-content\/uploads\/2025\/05\/riesling-cosecha-excepcion-93x300.png 93w, https:\/\/bodegahcanale.com\/wp-content\/uploads\/2025\/05\/riesling-cosecha-excepcion-316x1024.png 316w, https:\/\/bodegahcanale.com\/wp-content\/uploads\/2025\/05\/riesling-cosecha-excepcion-768x2486.png 768w, https:\/\/bodegahcanale.com\/wp-content\/uploads\/2025\/05\/riesling-cosecha-excepcion-633x2048.png 633w, https:\/\/bodegahcanale.com\/wp-content\/uploads\/2025\/05\/riesling-cosecha-excepcion-4x12.png 4w\" sizes=\"(max-width: 791px) 100vw, 791px\" \/>\t\t\t\t\t\t\t\t\t\t\t\t\t\t\t<\/div>\n\t\t\t\t<\/div>\n\t\t\t\t<\/div>\n\t\t<div class=\"elementor-element elementor-element-7aa2ea1e e-con-full e-flex e-con e-child\" data-id=\"7aa2ea1e\" data-element_type=\"container\">\n\t\t\t\t<div class=\"elementor-element elementor-element-20cae289 elementor-widget elementor-widget-heading\" data-id=\"20cae289\" data-element_type=\"widget\" data-widget_type=\"heading.default\">\n\t\t\t\t<div class=\"elementor-widget-container\">\n\t\t\t\t\t<h2 class=\"elementor-heading-title elementor-size-default\">COMPOSI\u00c7\u00c3O<\/h2>\t\t\t\t<\/div>\n\t\t\t\t<\/div>\n\t\t\t\t<div class=\"elementor-element elementor-element-79450971 elementor-widget elementor-widget-text-editor\" data-id=\"79450971\" data-element_type=\"widget\" data-widget_type=\"text-editor.default\">\n\t\t\t\t<div class=\"elementor-widget-container\">\n\t\t\t\t\t\t\t\t\tRiesling 100%\t\t\t\t\t\t\t\t<\/div>\n\t\t\t\t<\/div>\n\t\t\t\t<div class=\"elementor-element elementor-element-195d6640 elementor-widget elementor-widget-heading\" data-id=\"195d6640\" data-element_type=\"widget\" data-widget_type=\"heading.default\">\n\t\t\t\t<div class=\"elementor-widget-container\">\n\t\t\t\t\t<h2 class=\"elementor-heading-title elementor-size-default\">VI\u00d1EDOS<\/h2>\t\t\t\t<\/div>\n\t\t\t\t<\/div>\n\t\t\t\t<div class=\"elementor-element elementor-element-4cff6da4 elementor-widget elementor-widget-text-editor\" data-id=\"4cff6da4\" data-element_type=\"widget\" data-widget_type=\"text-editor.default\">\n\t\t\t\t<div class=\"elementor-widget-container\">\n\t\t\t\t\t\t\t\t\t<span style=\"font-weight: 400;\">Finca La Morita &#8211; Alto Valle de R\u00edo Negro, Patagonia &#8211; Argentina.<\/span>\t\t\t\t\t\t\t\t<\/div>\n\t\t\t\t<\/div>\n\t\t\t\t<div class=\"elementor-element elementor-element-1ad17e80 elementor-widget elementor-widget-eael-creative-button\" data-id=\"1ad17e80\" data-element_type=\"widget\" data-widget_type=\"eael-creative-button.default\">\n\t\t\t\t<div class=\"elementor-widget-container\">\n\t\t\t\t\t<style>.elementor-element-1ad17e80{display:none !important}<\/style>\t\t\t\t<\/div>\n\t\t\t\t<\/div>\n\t\t\t\t<div class=\"elementor-element elementor-element-2b2e5d5 elementor-widget elementor-widget-eael-creative-button\" data-id=\"2b2e5d5\" data-element_type=\"widget\" data-widget_type=\"eael-creative-button.default\">\n\t\t\t\t<div class=\"elementor-widget-container\">\n\t\t\t\t\t        <div class=\"eael-creative-button-wrapper\">\n\n            <a class=\"eael-creative-button eael-creative-button--default\" href=\"http:\/\/bodegahcanale.com\/wp-content\/uploads\/2025\/05\/Old-Vineyard-Riesling-Cosecha-Exc_EN.pdf\" target=\"_blank\" data-text=\"\">\n\n\t    \n                <div class=\"creative-button-inner\">\n\n                    \n                    <span class=\"cretive-button-text\">FICHA T\u00c9CNICA<\/span>\n\n                                    <\/div>\n\t                        <\/a>\n        <\/div>\n\t\t\t\t<\/div>\n\t\t\t\t<\/div>\n\t\t\t\t<div class=\"elementor-element elementor-element-2a3bec9 elementor-widget elementor-widget-eael-creative-button\" data-id=\"2a3bec9\" data-element_type=\"widget\" data-widget_type=\"eael-creative-button.default\">\n\t\t\t\t<div class=\"elementor-widget-container\">\n\t\t\t\t\t        <div class=\"eael-creative-button-wrapper\">\n\n            <a class=\"eael-creative-button eael-creative-button--default\" href=\"https:\/\/shop.bodegahcanale.com\/productos\/humberto-canale-riesling-cosecha-de-excepcion-2023-caja-x-3\/\" target=\"_blank\" data-text=\"\">\n\n\t    \n                <div class=\"creative-button-inner\">\n\n                    \n                    <span class=\"cretive-button-text\">COMPRAR<\/span>\n\n                                    <\/div>\n\t                        <\/a>\n        <\/div>\n\t\t\t\t<\/div>\n\t\t\t\t<\/div>\n\t\t\t\t<div class=\"elementor-element elementor-element-2995a6b elementor-widget elementor-widget-heading\" data-id=\"2995a6b\" data-element_type=\"widget\" data-widget_type=\"heading.default\">\n\t\t\t\t<div class=\"elementor-widget-container\">\n\t\t\t\t\t<h2 class=\"elementor-heading-title elementor-size-default\">NOTAS DE DEGUSTA\u00c7\u00c3O<\/h2>\t\t\t\t<\/div>\n\t\t\t\t<\/div>\n\t\t\t\t<div class=\"elementor-element elementor-element-95696bd elementor-widget elementor-widget-text-editor\" data-id=\"95696bd\" data-element_type=\"widget\" data-widget_type=\"text-editor.default\">\n\t\t\t\t<div class=\"elementor-widget-container\">\n\t\t\t\t\t\t\t\t\t<p><span style=\"font-weight: 400;\">Atractivo color amarillo verdoso con notas aceradasAromas frutales c\u00edtricos con<br \/>sutiles notas tropicales y de duraznos blancos. Presencia de caracteres minerales.<br \/>A la boca se presenta con gran balance y armon\u00eda. Fresco, frutado con elegante<br \/>acidez y marcados caracteres minerales.<\/span><\/p>\t\t\t\t\t\t\t\t<\/div>\n\t\t\t\t<\/div>\n\t\t\t\t<\/div>\n\t\t\t\t\t<\/div>\n\t\t\t\t<\/div>\n\t\t\t\t<\/div>","protected":false},"excerpt":{"rendered":"<p>COMPOSICI\u00d3N Riesling 100% VI\u00d1EDOS Finca La Morita &#8211; Alto Valle de R\u00edo Negro, Patagonia &#8211; Argentina. FICHA T\u00c9CNICA COMPRAR NOTA DE CATA Atractivo color amarillo verdoso con notas aceradasAromas frutales c\u00edtricos consutiles notas tropicales y de duraznos blancos. Presencia de caracteres minerales.A la boca se presenta con gran balance y armon\u00eda. Fresco, frutado con eleganteacidez [&hellip;]<\/p>","protected":false},"author":1,"featured_media":0,"parent":0,"menu_order":0,"comment_status":"closed","ping_status":"closed","template":"","meta":{"footnotes":""},"class_list":["post-3001","page","type-page","status-publish","hentry"],"blocksy_meta":[],"_links":{"self":[{"href":"https:\/\/bodegahcanale.com\/por\/wp-json\/wp\/v2\/pages\/3001","targetHints":{"allow":["GET"]}}],"collection":[{"href":"https:\/\/bodegahcanale.com\/por\/wp-json\/wp\/v2\/pages"}],"about":[{"href":"https:\/\/bodegahcanale.com\/por\/wp-json\/wp\/v2\/types\/page"}],"author":[{"embeddable":true,"href":"https:\/\/bodegahcanale.com\/por\/wp-json\/wp\/v2\/users\/1"}],"replies":[{"embeddable":true,"href":"https:\/\/bodegahcanale.com\/por\/wp-json\/wp\/v2\/comments?post=3001"}],"version-history":[{"count":40,"href":"https:\/\/bodegahcanale.com\/por\/wp-json\/wp\/v2\/pages\/3001\/revisions"}],"predecessor-version":[{"id":3134,"href":"https:\/\/bodegahcanale.com\/por\/wp-json\/wp\/v2\/pages\/3001\/revisions\/3134"}],"wp:attachment":[{"href":"https:\/\/bodegahcanale.com\/por\/wp-json\/wp\/v2\/media?parent=3001"}],"curies":[{"name":"wp","href":"https:\/\/api.w.org\/{rel}","templated":true}]}}