{"id":1339,"date":"2023-08-28T10:23:08","date_gmt":"2023-08-28T13:23:08","guid":{"rendered":"http:\/\/desabhc.ticma.com.ar\/?page_id=1339"},"modified":"2024-12-16T11:00:22","modified_gmt":"2024-12-16T14:00:22","slug":"barzi-canale-blend","status":"publish","type":"page","link":"https:\/\/bodegahcanale.com\/por\/barzi-canale-blend\/","title":{"rendered":"Barzi Canale Blend"},"content":{"rendered":"<div data-elementor-type=\"wp-page\" data-elementor-id=\"1339\" class=\"elementor elementor-1339\" data-elementor-post-type=\"page\">\n\t\t\t\t<div class=\"elementor-element elementor-element-64babcef e-flex e-con-boxed e-con e-parent\" data-id=\"64babcef\" data-element_type=\"container\">\n\t\t\t\t\t<div class=\"e-con-inner\">\n\t\t<div class=\"elementor-element elementor-element-3a91dfe9 e-con-full e-flex e-con e-child\" data-id=\"3a91dfe9\" data-element_type=\"container\">\n\t\t\t\t<div class=\"elementor-element elementor-element-13220190 elementor-widget elementor-widget-image\" data-id=\"13220190\" data-element_type=\"widget\" data-widget_type=\"image.default\">\n\t\t\t\t<div class=\"elementor-widget-container\">\n\t\t\t\t\t\t\t\t\t\t\t\t\t\t\t<img fetchpriority=\"high\" decoding=\"async\" width=\"198\" height=\"772\" src=\"https:\/\/bodegahcanale.com\/wp-content\/uploads\/2023\/08\/BZOCK-1.png\" class=\"attachment-full size-full wp-image-1335\" alt=\"\" srcset=\"https:\/\/bodegahcanale.com\/wp-content\/uploads\/2023\/08\/BZOCK-1.png 198w, https:\/\/bodegahcanale.com\/wp-content\/uploads\/2023\/08\/BZOCK-1-77x300.png 77w\" sizes=\"(max-width: 198px) 100vw, 198px\" \/>\t\t\t\t\t\t\t\t\t\t\t\t\t\t\t<\/div>\n\t\t\t\t<\/div>\n\t\t\t\t<\/div>\n\t\t<div class=\"elementor-element elementor-element-cce9f37 e-con-full e-flex e-con e-child\" data-id=\"cce9f37\" data-element_type=\"container\">\n\t\t\t\t<div class=\"elementor-element elementor-element-657a3b1 elementor-widget elementor-widget-heading\" data-id=\"657a3b1\" data-element_type=\"widget\" data-widget_type=\"heading.default\">\n\t\t\t\t<div class=\"elementor-widget-container\">\n\t\t\t\t\t<h2 class=\"elementor-heading-title elementor-size-default\">COMPOSI\u00c7\u00c3O<\/h2>\t\t\t\t<\/div>\n\t\t\t\t<\/div>\n\t\t\t\t<div class=\"elementor-element elementor-element-886172c elementor-widget elementor-widget-text-editor\" data-id=\"886172c\" data-element_type=\"widget\" data-widget_type=\"text-editor.default\">\n\t\t\t\t<div class=\"elementor-widget-container\">\n\t\t\t\t\t\t\t\t\t<p><span style=\"font-weight: 400;\">41% Malbec, 28% Merlot, 21% Cabernet Franc, 10% Petit Verdot<\/span><\/p>\t\t\t\t\t\t\t\t<\/div>\n\t\t\t\t<\/div>\n\t\t\t\t<div class=\"elementor-element elementor-element-4567a3d6 elementor-widget elementor-widget-heading\" data-id=\"4567a3d6\" data-element_type=\"widget\" data-widget_type=\"heading.default\">\n\t\t\t\t<div class=\"elementor-widget-container\">\n\t\t\t\t\t<h2 class=\"elementor-heading-title elementor-size-default\">CRIANZA<\/h2>\t\t\t\t<\/div>\n\t\t\t\t<\/div>\n\t\t\t\t<div class=\"elementor-element elementor-element-cdd763f elementor-widget elementor-widget-text-editor\" data-id=\"cdd763f\" data-element_type=\"widget\" data-widget_type=\"text-editor.default\">\n\t\t\t\t<div class=\"elementor-widget-container\">\n\t\t\t\t\t\t\t\t\t<p><span style=\"font-weight: 400;\">18 meses em barris de carvalho Franc\u00eas<\/span><\/p>\t\t\t\t\t\t\t\t<\/div>\n\t\t\t\t<\/div>\n\t\t\t\t<div class=\"elementor-element elementor-element-7ba64512 elementor-widget elementor-widget-heading\" data-id=\"7ba64512\" data-element_type=\"widget\" data-widget_type=\"heading.default\">\n\t\t\t\t<div class=\"elementor-widget-container\">\n\t\t\t\t\t<h2 class=\"elementor-heading-title elementor-size-default\">ARMAZENAMENTO EM GARRAFA<\/h2>\t\t\t\t<\/div>\n\t\t\t\t<\/div>\n\t\t\t\t<div class=\"elementor-element elementor-element-4e955bf4 elementor-widget elementor-widget-text-editor\" data-id=\"4e955bf4\" data-element_type=\"widget\" data-widget_type=\"text-editor.default\">\n\t\t\t\t<div class=\"elementor-widget-container\">\n\t\t\t\t\t\t\t\t\t<p><span style=\"font-weight: 400;\">20 meses<\/span><\/p>\t\t\t\t\t\t\t\t<\/div>\n\t\t\t\t<\/div>\n\t\t\t\t<div class=\"elementor-element elementor-element-8fbfeca elementor-widget elementor-widget-heading\" data-id=\"8fbfeca\" data-element_type=\"widget\" data-widget_type=\"heading.default\">\n\t\t\t\t<div class=\"elementor-widget-container\">\n\t\t\t\t\t<h2 class=\"elementor-heading-title elementor-size-default\">POTENCIAL DE GUARDA<\/h2>\t\t\t\t<\/div>\n\t\t\t\t<\/div>\n\t\t\t\t<div class=\"elementor-element elementor-element-e21dcb0 elementor-widget elementor-widget-text-editor\" data-id=\"e21dcb0\" data-element_type=\"widget\" data-widget_type=\"text-editor.default\">\n\t\t\t\t<div class=\"elementor-widget-container\">\n\t\t\t\t\t\t\t\t\t<p>15 anos<\/p>\t\t\t\t\t\t\t\t<\/div>\n\t\t\t\t<\/div>\n\t\t\t\t<div class=\"elementor-element elementor-element-23afbf5b elementor-widget elementor-widget-heading\" data-id=\"23afbf5b\" data-element_type=\"widget\" data-widget_type=\"heading.default\">\n\t\t\t\t<div class=\"elementor-widget-container\">\n\t\t\t\t\t<h2 class=\"elementor-heading-title elementor-size-default\">NOTAS DE DEGUSTA\u00c7\u00c3O<\/h2>\t\t\t\t<\/div>\n\t\t\t\t<\/div>\n\t\t\t\t<div class=\"elementor-element elementor-element-68a269c6 elementor-widget elementor-widget-text-editor\" data-id=\"68a269c6\" data-element_type=\"widget\" data-widget_type=\"text-editor.default\">\n\t\t\t\t<div class=\"elementor-widget-container\">\n\t\t\t\t\t\t\t\t\t<p><span style=\"font-weight: 400;\">De color rub\u00ed, brillante y profundo, posee aromas equilibrados y elegantes, sutiles y complejos a la vez. De inconfundible expresi\u00f3n patag\u00f3nica, sus delicadas notas nos recuerdan a frutos rojos del bosque, especias y hierbas silvestres. En boca es ampuloso y con car\u00e1cter. Su paladar fresco, arm\u00f3nico y suave permite intuir su prolongado potencial de guarda. <\/span><\/p>\t\t\t\t\t\t\t\t<\/div>\n\t\t\t\t<\/div>\n\t\t\t\t<div class=\"elementor-element elementor-element-2f64306c elementor-widget elementor-widget-eael-creative-button\" data-id=\"2f64306c\" data-element_type=\"widget\" data-widget_type=\"eael-creative-button.default\">\n\t\t\t\t<div class=\"elementor-widget-container\">\n\t\t\t\t\t        <div class=\"eael-creative-button-wrapper\">\n\n            <a class=\"eael-creative-button eael-creative-button--default\" href=\"http:\/\/bodegahcanale.com\/wp-content\/uploads\/2023\/08\/Barzi-Canale.pdf\" target=\"_blank\" data-text=\"\">\n\n\t    \n                <div class=\"creative-button-inner\">\n\n                    \n                    <span class=\"cretive-button-text\">FICHA T\u00c9CNICA<\/span>\n\n                                    <\/div>\n\t                        <\/a>\n        <\/div>\n\t\t\t\t<\/div>\n\t\t\t\t<\/div>\n\t\t\t\t<div class=\"elementor-element elementor-element-b1bdfd2 elementor-widget elementor-widget-eael-creative-button\" data-id=\"b1bdfd2\" data-element_type=\"widget\" data-widget_type=\"eael-creative-button.default\">\n\t\t\t\t<div class=\"elementor-widget-container\">\n\t\t\t\t\t        <div class=\"eael-creative-button-wrapper\">\n\n            <a class=\"eael-creative-button eael-creative-button--default\" href=\"https:\/\/shop.bodegahcanale.com\/productos\/barzi-canale-blend-de-familia-estuche-x-3-botellas\/\" target=\"_blank\" data-text=\"\">\n\n\t    \n                <div class=\"creative-button-inner\">\n\n                    \n                    <span class=\"cretive-button-text\">COMPRAR<\/span>\n\n                                    <\/div>\n\t                        <\/a>\n        <\/div>\n\t\t\t\t<\/div>\n\t\t\t\t<\/div>\n\t\t\t\t<\/div>\n\t\t\t\t\t<\/div>\n\t\t\t\t<\/div>\n\t\t\t\t<\/div>","protected":false},"excerpt":{"rendered":"<p>COMPOSICI\u00d3N 41% Malbec, 28% Merlot, 21% Cabernet Franc, 10% Petit Verdot CRIANZA 18 meses en barricas de roble franc\u00e9s. ESTIBA EN BOTELLA 20 meses POTENCIAL DE GUARDA 15 a\u00f1os NOTA DE CATA De color rub\u00ed, brillante y profundo, posee aromas equilibrados y elegantes, sutiles y complejos a la vez. De inconfundible expresi\u00f3n patag\u00f3nica, sus delicadas [&hellip;]<\/p>","protected":false},"author":1,"featured_media":0,"parent":0,"menu_order":0,"comment_status":"closed","ping_status":"closed","template":"","meta":{"footnotes":""},"class_list":["post-1339","page","type-page","status-publish","hentry"],"blocksy_meta":[],"_links":{"self":[{"href":"https:\/\/bodegahcanale.com\/por\/wp-json\/wp\/v2\/pages\/1339","targetHints":{"allow":["GET"]}}],"collection":[{"href":"https:\/\/bodegahcanale.com\/por\/wp-json\/wp\/v2\/pages"}],"about":[{"href":"https:\/\/bodegahcanale.com\/por\/wp-json\/wp\/v2\/types\/page"}],"author":[{"embeddable":true,"href":"https:\/\/bodegahcanale.com\/por\/wp-json\/wp\/v2\/users\/1"}],"replies":[{"embeddable":true,"href":"https:\/\/bodegahcanale.com\/por\/wp-json\/wp\/v2\/comments?post=1339"}],"version-history":[{"count":28,"href":"https:\/\/bodegahcanale.com\/por\/wp-json\/wp\/v2\/pages\/1339\/revisions"}],"predecessor-version":[{"id":2900,"href":"https:\/\/bodegahcanale.com\/por\/wp-json\/wp\/v2\/pages\/1339\/revisions\/2900"}],"wp:attachment":[{"href":"https:\/\/bodegahcanale.com\/por\/wp-json\/wp\/v2\/media?parent=1339"}],"curies":[{"name":"wp","href":"https:\/\/api.w.org\/{rel}","templated":true}]}}