{"id":1306,"date":"2023-08-25T19:26:59","date_gmt":"2023-08-25T22:26:59","guid":{"rendered":"http:\/\/desabhc.ticma.com.ar\/?page_id=1306"},"modified":"2024-12-16T10:42:32","modified_gmt":"2024-12-16T13:42:32","slug":"humberto-canale-gran-reserva-pinot-noir","status":"publish","type":"page","link":"https:\/\/bodegahcanale.com\/por\/humberto-canale-gran-reserva-pinot-noir\/","title":{"rendered":"Humberto Canale Gran Reserva Pinot Noir"},"content":{"rendered":"<div data-elementor-type=\"wp-page\" data-elementor-id=\"1306\" class=\"elementor elementor-1306\" data-elementor-post-type=\"page\">\n\t\t\t\t<div class=\"elementor-element elementor-element-19329d77 e-flex e-con-boxed e-con e-parent\" data-id=\"19329d77\" data-element_type=\"container\">\n\t\t\t\t\t<div class=\"e-con-inner\">\n\t\t<div class=\"elementor-element elementor-element-72e88ed5 e-con-full e-flex e-con e-child\" data-id=\"72e88ed5\" data-element_type=\"container\">\n\t\t\t\t<div class=\"elementor-element elementor-element-42ce4526 elementor-widget elementor-widget-image\" data-id=\"42ce4526\" data-element_type=\"widget\" data-widget_type=\"image.default\">\n\t\t\t\t<div class=\"elementor-widget-container\">\n\t\t\t\t\t\t\t\t\t\t\t\t\t\t\t<img fetchpriority=\"high\" decoding=\"async\" width=\"238\" height=\"772\" src=\"https:\/\/bodegahcanale.com\/wp-content\/uploads\/2023\/08\/Humberto-Canale-470OTRO.png\" class=\"attachment-full size-full wp-image-708\" alt=\"\" \/>\t\t\t\t\t\t\t\t\t\t\t\t\t\t\t<\/div>\n\t\t\t\t<\/div>\n\t\t\t\t<\/div>\n\t\t<div class=\"elementor-element elementor-element-53cd0b33 e-con-full e-flex e-con e-child\" data-id=\"53cd0b33\" data-element_type=\"container\">\n\t\t\t\t<div class=\"elementor-element elementor-element-218719b4 elementor-widget elementor-widget-heading\" data-id=\"218719b4\" data-element_type=\"widget\" data-widget_type=\"heading.default\">\n\t\t\t\t<div class=\"elementor-widget-container\">\n\t\t\t\t\t<h2 class=\"elementor-heading-title elementor-size-default\">COMPOSI\u00c7\u00c3O<\/h2>\t\t\t\t<\/div>\n\t\t\t\t<\/div>\n\t\t\t\t<div class=\"elementor-element elementor-element-10844a17 elementor-widget elementor-widget-text-editor\" data-id=\"10844a17\" data-element_type=\"widget\" data-widget_type=\"text-editor.default\">\n\t\t\t\t<div class=\"elementor-widget-container\">\n\t\t\t\t\t\t\t\t\t<p>Varietal 100%<\/p>\t\t\t\t\t\t\t\t<\/div>\n\t\t\t\t<\/div>\n\t\t\t\t<div class=\"elementor-element elementor-element-467d866e elementor-widget elementor-widget-heading\" data-id=\"467d866e\" data-element_type=\"widget\" data-widget_type=\"heading.default\">\n\t\t\t\t<div class=\"elementor-widget-container\">\n\t\t\t\t\t<h2 class=\"elementor-heading-title elementor-size-default\">ORIGEM<\/h2>\t\t\t\t<\/div>\n\t\t\t\t<\/div>\n\t\t\t\t<div class=\"elementor-element elementor-element-39cfeb7 elementor-widget elementor-widget-text-editor\" data-id=\"39cfeb7\" data-element_type=\"widget\" data-widget_type=\"text-editor.default\">\n\t\t\t\t<div class=\"elementor-widget-container\">\n\t\t\t\t\t\t\t\t\t<p><span style=\"font-weight: 400;\">Vinhedos pr\u00f3prios em General Roca, alto vale do Rio Negro, Patag\u00f4nia, de mais de 35 anos de vida.<\/span><\/p>\t\t\t\t\t\t\t\t<\/div>\n\t\t\t\t<\/div>\n\t\t\t\t<div class=\"elementor-element elementor-element-48354229 elementor-widget elementor-widget-heading\" data-id=\"48354229\" data-element_type=\"widget\" data-widget_type=\"heading.default\">\n\t\t\t\t<div class=\"elementor-widget-container\">\n\t\t\t\t\t<h2 class=\"elementor-heading-title elementor-size-default\">SALVAR<\/h2>\t\t\t\t<\/div>\n\t\t\t\t<\/div>\n\t\t\t\t<div class=\"elementor-element elementor-element-50efe8f2 elementor-widget elementor-widget-text-editor\" data-id=\"50efe8f2\" data-element_type=\"widget\" data-widget_type=\"text-editor.default\">\n\t\t\t\t<div class=\"elementor-widget-container\">\n\t\t\t\t\t\t\t\t\t<p>6 anos<\/p>\t\t\t\t\t\t\t\t<\/div>\n\t\t\t\t<\/div>\n\t\t\t\t<div class=\"elementor-element elementor-element-1bb1941d elementor-widget elementor-widget-heading\" data-id=\"1bb1941d\" data-element_type=\"widget\" data-widget_type=\"heading.default\">\n\t\t\t\t<div class=\"elementor-widget-container\">\n\t\t\t\t\t<h2 class=\"elementor-heading-title elementor-size-default\">NOTAS DE DEGUSTA\u00c7\u00c3O<\/h2>\t\t\t\t<\/div>\n\t\t\t\t<\/div>\n\t\t\t\t<div class=\"elementor-element elementor-element-2fd49bd1 elementor-widget elementor-widget-text-editor\" data-id=\"2fd49bd1\" data-element_type=\"widget\" data-widget_type=\"text-editor.default\">\n\t\t\t\t<div class=\"elementor-widget-container\">\n\t\t\t\t\t\t\t\t\t<p><span style=\"font-weight: 400;\">No o\u00e1sis patag\u00f4nico do vale superior do Rio Negro, este Pinot Noir, que hoje representa o melhor da variedade em nosso pa\u00eds. Maduro, intenso e elegante, cheio de aromas, emoldurado em um sabor opulento e untuoso. Foi o primeiro Pinot Noir feito em barris na Patag\u00f4nia em 1999. Intensa cor vermelha rubi, aromas frutados e especiarias, a boca destaca a sua finura do corpo m\u00e9dio, vinho muito macio e aveludado, com notas de baunilha, tabaco e noz. Fim de boca longo.<\/span><\/p>\t\t\t\t\t\t\t\t<\/div>\n\t\t\t\t<\/div>\n\t\t\t\t<div class=\"elementor-element elementor-element-68102f5 elementor-widget elementor-widget-eael-creative-button\" data-id=\"68102f5\" data-element_type=\"widget\" data-widget_type=\"eael-creative-button.default\">\n\t\t\t\t<div class=\"elementor-widget-container\">\n\t\t\t\t\t        <div class=\"eael-creative-button-wrapper\">\n\n            <a class=\"eael-creative-button eael-creative-button--default\" href=\"http:\/\/bodegahcanale.com\/wp-content\/uploads\/2023\/11\/FICHA-HCgranReservaPINOT_eng.pdf\" target=\"_blank\" data-text=\"\">\n\n\t    \n                <div class=\"creative-button-inner\">\n\n                    \n                    <span class=\"cretive-button-text\">FICHA T\u00c9CNICA<\/span>\n\n                                    <\/div>\n\t                        <\/a>\n        <\/div>\n\t\t\t\t<\/div>\n\t\t\t\t<\/div>\n\t\t\t\t<div class=\"elementor-element elementor-element-c99077f elementor-widget elementor-widget-eael-creative-button\" data-id=\"c99077f\" data-element_type=\"widget\" data-widget_type=\"eael-creative-button.default\">\n\t\t\t\t<div class=\"elementor-widget-container\">\n\t\t\t\t\t        <div class=\"eael-creative-button-wrapper\">\n\n            <a class=\"eael-creative-button eael-creative-button--default\" href=\"https:\/\/shop.bodegahcanale.com\/productos\/https-bodegahcanale-com-wp-content-uploads-2019-03-ficha-hcgranreservapinotnoir-pdf\/\" target=\"_blank\" data-text=\"\">\n\n\t    \n                <div class=\"creative-button-inner\">\n\n                    \n                    <span class=\"cretive-button-text\">COMPRAR<\/span>\n\n                                    <\/div>\n\t                        <\/a>\n        <\/div>\n\t\t\t\t<\/div>\n\t\t\t\t<\/div>\n\t\t\t\t<\/div>\n\t\t\t\t\t<\/div>\n\t\t\t\t<\/div>\n\t\t\t\t<\/div>","protected":false},"excerpt":{"rendered":"<p>COMPOSICI\u00d3N Varietal 100% ORIGEN Vi\u00f1edos propios en General Roca, Alto Valle de R\u00edo Negro, Patagonia, de mas de 35 a\u00f1os de vida. GUARDA 6 a\u00f1os NOTA DE CATA En el oasis patag\u00f3nico del Alto Valle del Rio Negro, este Pinot Noir, que hoy representa lo mejor de la variedad en nuestro pa\u00eds. Maduro, intenso y [&hellip;]<\/p>","protected":false},"author":1,"featured_media":0,"parent":0,"menu_order":0,"comment_status":"closed","ping_status":"closed","template":"","meta":{"footnotes":""},"class_list":["post-1306","page","type-page","status-publish","hentry"],"blocksy_meta":[],"_links":{"self":[{"href":"https:\/\/bodegahcanale.com\/por\/wp-json\/wp\/v2\/pages\/1306","targetHints":{"allow":["GET"]}}],"collection":[{"href":"https:\/\/bodegahcanale.com\/por\/wp-json\/wp\/v2\/pages"}],"about":[{"href":"https:\/\/bodegahcanale.com\/por\/wp-json\/wp\/v2\/types\/page"}],"author":[{"embeddable":true,"href":"https:\/\/bodegahcanale.com\/por\/wp-json\/wp\/v2\/users\/1"}],"replies":[{"embeddable":true,"href":"https:\/\/bodegahcanale.com\/por\/wp-json\/wp\/v2\/comments?post=1306"}],"version-history":[{"count":22,"href":"https:\/\/bodegahcanale.com\/por\/wp-json\/wp\/v2\/pages\/1306\/revisions"}],"predecessor-version":[{"id":2867,"href":"https:\/\/bodegahcanale.com\/por\/wp-json\/wp\/v2\/pages\/1306\/revisions\/2867"}],"wp:attachment":[{"href":"https:\/\/bodegahcanale.com\/por\/wp-json\/wp\/v2\/media?parent=1306"}],"curies":[{"name":"wp","href":"https:\/\/api.w.org\/{rel}","templated":true}]}}