{"id":1304,"date":"2023-08-25T19:26:48","date_gmt":"2023-08-25T22:26:48","guid":{"rendered":"http:\/\/desabhc.ticma.com.ar\/?page_id=1304"},"modified":"2024-12-16T10:40:59","modified_gmt":"2024-12-16T13:40:59","slug":"humberto-canale-gran-reserva-merlot","status":"publish","type":"page","link":"https:\/\/bodegahcanale.com\/por\/humberto-canale-gran-reserva-merlot\/","title":{"rendered":"Humberto Canale Gran Reserva Merlot"},"content":{"rendered":"<div data-elementor-type=\"wp-page\" data-elementor-id=\"1304\" class=\"elementor elementor-1304\" data-elementor-post-type=\"page\">\n\t\t\t\t<div class=\"elementor-element elementor-element-361bfbc1 e-flex e-con-boxed e-con e-parent\" data-id=\"361bfbc1\" data-element_type=\"container\">\n\t\t\t\t\t<div class=\"e-con-inner\">\n\t\t<div class=\"elementor-element elementor-element-9a86d48 e-con-full e-flex e-con e-child\" data-id=\"9a86d48\" data-element_type=\"container\">\n\t\t\t\t<div class=\"elementor-element elementor-element-743b7e55 elementor-widget elementor-widget-image\" data-id=\"743b7e55\" data-element_type=\"widget\" data-widget_type=\"image.default\">\n\t\t\t\t<div class=\"elementor-widget-container\">\n\t\t\t\t\t\t\t\t\t\t\t\t\t\t\t<img fetchpriority=\"high\" decoding=\"async\" width=\"198\" height=\"772\" src=\"https:\/\/bodegahcanale.com\/wp-content\/uploads\/2023\/08\/Humberto-Canale-475.png\" class=\"attachment-full size-full wp-image-709\" alt=\"\" srcset=\"https:\/\/bodegahcanale.com\/wp-content\/uploads\/2023\/08\/Humberto-Canale-475.png 198w, https:\/\/bodegahcanale.com\/wp-content\/uploads\/2023\/08\/Humberto-Canale-475-77x300.png 77w\" sizes=\"(max-width: 198px) 100vw, 198px\" \/>\t\t\t\t\t\t\t\t\t\t\t\t\t\t\t<\/div>\n\t\t\t\t<\/div>\n\t\t\t\t<\/div>\n\t\t<div class=\"elementor-element elementor-element-1260555d e-con-full e-flex e-con e-child\" data-id=\"1260555d\" data-element_type=\"container\">\n\t\t\t\t<div class=\"elementor-element elementor-element-30791a1e elementor-widget elementor-widget-heading\" data-id=\"30791a1e\" data-element_type=\"widget\" data-widget_type=\"heading.default\">\n\t\t\t\t<div class=\"elementor-widget-container\">\n\t\t\t\t\t<h2 class=\"elementor-heading-title elementor-size-default\">COMPOSI\u00c7\u00c3O<\/h2>\t\t\t\t<\/div>\n\t\t\t\t<\/div>\n\t\t\t\t<div class=\"elementor-element elementor-element-262aeceb elementor-widget elementor-widget-text-editor\" data-id=\"262aeceb\" data-element_type=\"widget\" data-widget_type=\"text-editor.default\">\n\t\t\t\t<div class=\"elementor-widget-container\">\n\t\t\t\t\t\t\t\t\t<p>Varietal 100%<\/p>\t\t\t\t\t\t\t\t<\/div>\n\t\t\t\t<\/div>\n\t\t\t\t<div class=\"elementor-element elementor-element-14337227 elementor-widget elementor-widget-heading\" data-id=\"14337227\" data-element_type=\"widget\" data-widget_type=\"heading.default\">\n\t\t\t\t<div class=\"elementor-widget-container\">\n\t\t\t\t\t<h2 class=\"elementor-heading-title elementor-size-default\">ORIGEM<\/h2>\t\t\t\t<\/div>\n\t\t\t\t<\/div>\n\t\t\t\t<div class=\"elementor-element elementor-element-38b8747c elementor-widget elementor-widget-text-editor\" data-id=\"38b8747c\" data-element_type=\"widget\" data-widget_type=\"text-editor.default\">\n\t\t\t\t<div class=\"elementor-widget-container\">\n\t\t\t\t\t\t\t\t\t<p><span style=\"font-weight: 400;\">vinhas velhas em General Roca, vale superior do Rio Negro, Patag\u00f4nia.<\/span><\/p>\t\t\t\t\t\t\t\t<\/div>\n\t\t\t\t<\/div>\n\t\t\t\t<div class=\"elementor-element elementor-element-35d86560 elementor-widget elementor-widget-heading\" data-id=\"35d86560\" data-element_type=\"widget\" data-widget_type=\"heading.default\">\n\t\t\t\t<div class=\"elementor-widget-container\">\n\t\t\t\t\t<h2 class=\"elementor-heading-title elementor-size-default\">SALVAR<\/h2>\t\t\t\t<\/div>\n\t\t\t\t<\/div>\n\t\t\t\t<div class=\"elementor-element elementor-element-1e726109 elementor-widget elementor-widget-text-editor\" data-id=\"1e726109\" data-element_type=\"widget\" data-widget_type=\"text-editor.default\">\n\t\t\t\t<div class=\"elementor-widget-container\">\n\t\t\t\t\t\t\t\t\t<p>8 anos<\/p>\t\t\t\t\t\t\t\t<\/div>\n\t\t\t\t<\/div>\n\t\t\t\t<div class=\"elementor-element elementor-element-2a0aed1f elementor-widget elementor-widget-heading\" data-id=\"2a0aed1f\" data-element_type=\"widget\" data-widget_type=\"heading.default\">\n\t\t\t\t<div class=\"elementor-widget-container\">\n\t\t\t\t\t<h2 class=\"elementor-heading-title elementor-size-default\">NOTAS DE DEGUSTA\u00c7\u00c3O<\/h2>\t\t\t\t<\/div>\n\t\t\t\t<\/div>\n\t\t\t\t<div class=\"elementor-element elementor-element-278b99f3 elementor-widget elementor-widget-text-editor\" data-id=\"278b99f3\" data-element_type=\"widget\" data-widget_type=\"text-editor.default\">\n\t\t\t\t<div class=\"elementor-widget-container\">\n\t\t\t\t\t\t\t\t\t<p><span style=\"font-weight: 400;\">aromas intensos de cor vermelha rubi, frutado e especiarias. Um vinho moderno, redondo, macio e subtil. Sem d\u00favida Merlot \u00e9 uma das variedades que melhor se adapta \u00e0s condi\u00e7\u00f5es clim\u00e1ticas espec\u00edficas desta regi\u00e3o. Neste caso, \u00e9 um dos poucos Merlots argentinos produzidos com boa concentra\u00e7\u00e3o e potencial importante da guarda. Tem uma cor roxa brilhante e intensa. Aroma quente, muito intenso e envolvente. Seduz pela sua complexidade, destacando as notas contribu\u00eddas pela sua passagem em madeira, que se misturam bem com os frutos vermelhos contribu\u00eddos pela variedade. Na boca apresenta um corpo poderoso, com muita concentra\u00e7\u00e3o e sabor frutado muito agrad\u00e1vel. Fim longo e lembran\u00e7a agrad\u00e1vel. Sua estrutura e taninos potentes revelam um importante potencial de guarda.<\/span><\/p>\t\t\t\t\t\t\t\t<\/div>\n\t\t\t\t<\/div>\n\t\t\t\t<div class=\"elementor-element elementor-element-2cd8782a elementor-widget elementor-widget-eael-creative-button\" data-id=\"2cd8782a\" data-element_type=\"widget\" data-widget_type=\"eael-creative-button.default\">\n\t\t\t\t<div class=\"elementor-widget-container\">\n\t\t\t\t\t        <div class=\"eael-creative-button-wrapper\">\n\n            <a class=\"eael-creative-button eael-creative-button--default\" href=\"http:\/\/bodegahcanale.com\/wp-content\/uploads\/2023\/11\/FICHA-HCgranReservaMERLOT_eng.pdf\" target=\"_blank\" data-text=\"\">\n\n\t    \n                <div class=\"creative-button-inner\">\n\n                    \n                    <span class=\"cretive-button-text\">FICHA T\u00c9CNICA<\/span>\n\n                                    <\/div>\n\t                        <\/a>\n        <\/div>\n\t\t\t\t<\/div>\n\t\t\t\t<\/div>\n\t\t\t\t<div class=\"elementor-element elementor-element-2a64cf4 elementor-widget elementor-widget-eael-creative-button\" data-id=\"2a64cf4\" data-element_type=\"widget\" data-widget_type=\"eael-creative-button.default\">\n\t\t\t\t<div class=\"elementor-widget-container\">\n\t\t\t\t\t        <div class=\"eael-creative-button-wrapper\">\n\n            <a class=\"eael-creative-button eael-creative-button--default\" href=\"https:\/\/shop.bodegahcanale.com\/productos\/merlot-humberto-canale-gran-reserva-caja-x-6\/\" target=\"_blank\" data-text=\"\">\n\n\t    \n                <div class=\"creative-button-inner\">\n\n                    \n                    <span class=\"cretive-button-text\">COMPRAR<\/span>\n\n                                    <\/div>\n\t                        <\/a>\n        <\/div>\n\t\t\t\t<\/div>\n\t\t\t\t<\/div>\n\t\t\t\t<\/div>\n\t\t\t\t\t<\/div>\n\t\t\t\t<\/div>\n\t\t\t\t<\/div>","protected":false},"excerpt":{"rendered":"<p>COMPOSICI\u00d3N Varietal 100% ORIGEN Antiguos vi\u00f1edos propios en General Roca, Alto Valle de R\u00edo Negro, Patagonia. GUARDA 8 a\u00f1os NOTA DE CATA Intenso color rojo rub\u00ed, aromas frutados y especiados. Un vino moderno, redondo, suave y sutil. Sin duda el Merlot es una de las variedades que mejor se adapta a las particulares condiciones clim\u00e1ticas [&hellip;]<\/p>","protected":false},"author":1,"featured_media":0,"parent":0,"menu_order":0,"comment_status":"closed","ping_status":"closed","template":"","meta":{"footnotes":""},"class_list":["post-1304","page","type-page","status-publish","hentry"],"blocksy_meta":[],"_links":{"self":[{"href":"https:\/\/bodegahcanale.com\/por\/wp-json\/wp\/v2\/pages\/1304","targetHints":{"allow":["GET"]}}],"collection":[{"href":"https:\/\/bodegahcanale.com\/por\/wp-json\/wp\/v2\/pages"}],"about":[{"href":"https:\/\/bodegahcanale.com\/por\/wp-json\/wp\/v2\/types\/page"}],"author":[{"embeddable":true,"href":"https:\/\/bodegahcanale.com\/por\/wp-json\/wp\/v2\/users\/1"}],"replies":[{"embeddable":true,"href":"https:\/\/bodegahcanale.com\/por\/wp-json\/wp\/v2\/comments?post=1304"}],"version-history":[{"count":16,"href":"https:\/\/bodegahcanale.com\/por\/wp-json\/wp\/v2\/pages\/1304\/revisions"}],"predecessor-version":[{"id":2864,"href":"https:\/\/bodegahcanale.com\/por\/wp-json\/wp\/v2\/pages\/1304\/revisions\/2864"}],"wp:attachment":[{"href":"https:\/\/bodegahcanale.com\/por\/wp-json\/wp\/v2\/media?parent=1304"}],"curies":[{"name":"wp","href":"https:\/\/api.w.org\/{rel}","templated":true}]}}