{"id":1297,"date":"2023-08-25T19:24:13","date_gmt":"2023-08-25T22:24:13","guid":{"rendered":"http:\/\/desabhc.ticma.com.ar\/?page_id=1297"},"modified":"2024-12-16T10:31:59","modified_gmt":"2024-12-16T13:31:59","slug":"humberto-canale-gran-reserva-cabernet-franc","status":"publish","type":"page","link":"https:\/\/bodegahcanale.com\/por\/humberto-canale-gran-reserva-cabernet-franc\/","title":{"rendered":"Humberto Canale Gran Reserva Cabernet Franc"},"content":{"rendered":"<div data-elementor-type=\"wp-page\" data-elementor-id=\"1297\" class=\"elementor elementor-1297\" data-elementor-post-type=\"page\">\n\t\t\t\t<div class=\"elementor-element elementor-element-1d74d321 e-flex e-con-boxed e-con e-parent\" data-id=\"1d74d321\" data-element_type=\"container\">\n\t\t\t\t\t<div class=\"e-con-inner\">\n\t\t<div class=\"elementor-element elementor-element-5e3e14a3 e-con-full e-flex e-con e-child\" data-id=\"5e3e14a3\" data-element_type=\"container\">\n\t\t\t\t<div class=\"elementor-element elementor-element-1f0b73bc elementor-widget elementor-widget-image\" data-id=\"1f0b73bc\" data-element_type=\"widget\" data-widget_type=\"image.default\">\n\t\t\t\t<div class=\"elementor-widget-container\">\n\t\t\t\t\t\t\t\t\t\t\t\t\t\t\t<img fetchpriority=\"high\" decoding=\"async\" width=\"198\" height=\"753\" src=\"https:\/\/bodegahcanale.com\/wp-content\/uploads\/2023\/08\/HCGRCABFRANC-e1693231801355.png\" class=\"attachment-full size-full wp-image-1394\" alt=\"\" srcset=\"https:\/\/bodegahcanale.com\/wp-content\/uploads\/2023\/08\/HCGRCABFRANC-e1693231801355.png 198w, https:\/\/bodegahcanale.com\/wp-content\/uploads\/2023\/08\/HCGRCABFRANC-e1693231801355-79x300.png 79w\" sizes=\"(max-width: 198px) 100vw, 198px\" \/>\t\t\t\t\t\t\t\t\t\t\t\t\t\t\t<\/div>\n\t\t\t\t<\/div>\n\t\t\t\t<\/div>\n\t\t<div class=\"elementor-element elementor-element-401070ac e-con-full e-flex e-con e-child\" data-id=\"401070ac\" data-element_type=\"container\">\n\t\t\t\t<div class=\"elementor-element elementor-element-6253503e elementor-widget elementor-widget-heading\" data-id=\"6253503e\" data-element_type=\"widget\" data-widget_type=\"heading.default\">\n\t\t\t\t<div class=\"elementor-widget-container\">\n\t\t\t\t\t<h2 class=\"elementor-heading-title elementor-size-default\">COMPOSI\u00c7\u00c3O<\/h2>\t\t\t\t<\/div>\n\t\t\t\t<\/div>\n\t\t\t\t<div class=\"elementor-element elementor-element-5a89a37e elementor-widget elementor-widget-text-editor\" data-id=\"5a89a37e\" data-element_type=\"widget\" data-widget_type=\"text-editor.default\">\n\t\t\t\t<div class=\"elementor-widget-container\">\n\t\t\t\t\t\t\t\t\t<p>Varietal 100%<\/p>\t\t\t\t\t\t\t\t<\/div>\n\t\t\t\t<\/div>\n\t\t\t\t<div class=\"elementor-element elementor-element-4b2371b5 elementor-widget elementor-widget-heading\" data-id=\"4b2371b5\" data-element_type=\"widget\" data-widget_type=\"heading.default\">\n\t\t\t\t<div class=\"elementor-widget-container\">\n\t\t\t\t\t<h2 class=\"elementor-heading-title elementor-size-default\">ORIGEM<\/h2>\t\t\t\t<\/div>\n\t\t\t\t<\/div>\n\t\t\t\t<div class=\"elementor-element elementor-element-504cb997 elementor-widget elementor-widget-text-editor\" data-id=\"504cb997\" data-element_type=\"widget\" data-widget_type=\"text-editor.default\">\n\t\t\t\t<div class=\"elementor-widget-container\">\n\t\t\t\t\t\t\t\t\t<p><span style=\"font-weight: 400;\">Vinhedos pr\u00f3prios em General Roca, Vale Superior do Rio Negro, Patag\u00f4nia.<\/span><\/p>\t\t\t\t\t\t\t\t<\/div>\n\t\t\t\t<\/div>\n\t\t\t\t<div class=\"elementor-element elementor-element-72ee29e3 elementor-widget elementor-widget-heading\" data-id=\"72ee29e3\" data-element_type=\"widget\" data-widget_type=\"heading.default\">\n\t\t\t\t<div class=\"elementor-widget-container\">\n\t\t\t\t\t<h2 class=\"elementor-heading-title elementor-size-default\">SALVAR<\/h2>\t\t\t\t<\/div>\n\t\t\t\t<\/div>\n\t\t\t\t<div class=\"elementor-element elementor-element-6aef00e9 elementor-widget elementor-widget-text-editor\" data-id=\"6aef00e9\" data-element_type=\"widget\" data-widget_type=\"text-editor.default\">\n\t\t\t\t<div class=\"elementor-widget-container\">\n\t\t\t\t\t\t\t\t\t<p>10 anos<\/p>\t\t\t\t\t\t\t\t<\/div>\n\t\t\t\t<\/div>\n\t\t\t\t<div class=\"elementor-element elementor-element-21725eef elementor-widget elementor-widget-heading\" data-id=\"21725eef\" data-element_type=\"widget\" data-widget_type=\"heading.default\">\n\t\t\t\t<div class=\"elementor-widget-container\">\n\t\t\t\t\t<h2 class=\"elementor-heading-title elementor-size-default\">NOTAS DE DEGUSTA\u00c7\u00c3O<\/h2>\t\t\t\t<\/div>\n\t\t\t\t<\/div>\n\t\t\t\t<div class=\"elementor-element elementor-element-619e19df elementor-widget elementor-widget-text-editor\" data-id=\"619e19df\" data-element_type=\"widget\" data-widget_type=\"text-editor.default\">\n\t\t\t\t<div class=\"elementor-widget-container\">\n\t\t\t\t\t\t\t\t\t<p><span style=\"font-weight: 400;\">cor vermelha rubi brilhante com pisca violeta. Aromas intensos de frutos vermelhos maduros e especiarias, marmelada, mel e baunilha. Um vinho estruturado, moderno e redondo. Acabamento elegante.<\/span><\/p>\t\t\t\t\t\t\t\t<\/div>\n\t\t\t\t<\/div>\n\t\t\t\t<div class=\"elementor-element elementor-element-36b0fd3 elementor-widget elementor-widget-eael-creative-button\" data-id=\"36b0fd3\" data-element_type=\"widget\" data-widget_type=\"eael-creative-button.default\">\n\t\t\t\t<div class=\"elementor-widget-container\">\n\t\t\t\t\t        <div class=\"eael-creative-button-wrapper\">\n\n            <a class=\"eael-creative-button eael-creative-button--default\" href=\"http:\/\/bodegahcanale.com\/wp-content\/uploads\/2023\/11\/FICHA-HCgranReservaCABFR_eng.pdf\" target=\"_blank\" data-text=\"\">\n\n\t    \n                <div class=\"creative-button-inner\">\n\n                    \n                    <span class=\"cretive-button-text\">FICHA T\u00c9CNICA<\/span>\n\n                                    <\/div>\n\t                        <\/a>\n        <\/div>\n\t\t\t\t<\/div>\n\t\t\t\t<\/div>\n\t\t\t\t<div class=\"elementor-element elementor-element-1f13185 elementor-widget elementor-widget-eael-creative-button\" data-id=\"1f13185\" data-element_type=\"widget\" data-widget_type=\"eael-creative-button.default\">\n\t\t\t\t<div class=\"elementor-widget-container\">\n\t\t\t\t\t        <div class=\"eael-creative-button-wrapper\">\n\n            <a class=\"eael-creative-button eael-creative-button--default\" href=\"https:\/\/shop.bodegahcanale.com\/productos\/cabernet-franc-humberto-canale-gran-reserva-caja-x-6\/\" target=\"_blank\" data-text=\"\">\n\n\t    \n                <div class=\"creative-button-inner\">\n\n                    \n                    <span class=\"cretive-button-text\">COMPRAR<\/span>\n\n                                    <\/div>\n\t                        <\/a>\n        <\/div>\n\t\t\t\t<\/div>\n\t\t\t\t<\/div>\n\t\t\t\t<\/div>\n\t\t\t\t\t<\/div>\n\t\t\t\t<\/div>\n\t\t\t\t<\/div>","protected":false},"excerpt":{"rendered":"<p>COMPOSICI\u00d3N Varietal 100% ORIGEN Vi\u00f1edos propios en General Roca, Alto Valle de R\u00edo Negro, Patagonia. GUARDA 10 a\u00f1os NOTA DE CATA Color rojo rub\u00ed brillante con destellos viol\u00e1ceos. Intensos aromas de frutos rojos maduros y especias, mermelada, miel y vainilla. Un vino estructurado, moderno, redondo. De final elegante. FICHA T\u00c9CNICA COMPRAR<\/p>","protected":false},"author":1,"featured_media":0,"parent":0,"menu_order":0,"comment_status":"closed","ping_status":"closed","template":"","meta":{"footnotes":""},"class_list":["post-1297","page","type-page","status-publish","hentry"],"blocksy_meta":[],"_links":{"self":[{"href":"https:\/\/bodegahcanale.com\/por\/wp-json\/wp\/v2\/pages\/1297","targetHints":{"allow":["GET"]}}],"collection":[{"href":"https:\/\/bodegahcanale.com\/por\/wp-json\/wp\/v2\/pages"}],"about":[{"href":"https:\/\/bodegahcanale.com\/por\/wp-json\/wp\/v2\/types\/page"}],"author":[{"embeddable":true,"href":"https:\/\/bodegahcanale.com\/por\/wp-json\/wp\/v2\/users\/1"}],"replies":[{"embeddable":true,"href":"https:\/\/bodegahcanale.com\/por\/wp-json\/wp\/v2\/comments?post=1297"}],"version-history":[{"count":17,"href":"https:\/\/bodegahcanale.com\/por\/wp-json\/wp\/v2\/pages\/1297\/revisions"}],"predecessor-version":[{"id":2858,"href":"https:\/\/bodegahcanale.com\/por\/wp-json\/wp\/v2\/pages\/1297\/revisions\/2858"}],"wp:attachment":[{"href":"https:\/\/bodegahcanale.com\/por\/wp-json\/wp\/v2\/media?parent=1297"}],"curies":[{"name":"wp","href":"https:\/\/api.w.org\/{rel}","templated":true}]}}