{"id":1211,"date":"2023-08-25T18:56:10","date_gmt":"2023-08-25T21:56:10","guid":{"rendered":"http:\/\/desabhc.ticma.com.ar\/?page_id=1211"},"modified":"2024-12-17T11:42:54","modified_gmt":"2024-12-17T14:42:54","slug":"humberto-canale-gran-reserva","status":"publish","type":"page","link":"https:\/\/bodegahcanale.com\/por\/humberto-canale-gran-reserva\/","title":{"rendered":"Humberto Canale Gran Reserva"},"content":{"rendered":"<div data-elementor-type=\"wp-page\" data-elementor-id=\"1211\" class=\"elementor elementor-1211\" data-elementor-post-type=\"page\">\n\t\t\t\t<div class=\"elementor-element elementor-element-258c477e e-con-full e-flex e-con e-parent\" data-id=\"258c477e\" data-element_type=\"container\" data-settings=\"{&quot;background_background&quot;:&quot;classic&quot;}\">\n\t\t\t\t<\/div>\n\t\t<div class=\"elementor-element elementor-element-529dcea0 e-flex e-con-boxed e-con e-parent\" data-id=\"529dcea0\" data-element_type=\"container\" data-settings=\"{&quot;background_background&quot;:&quot;classic&quot;}\">\n\t\t\t\t\t<div class=\"e-con-inner\">\n\t\t<div class=\"elementor-element elementor-element-6d0e868f e-flex e-con-boxed e-con e-child\" data-id=\"6d0e868f\" data-element_type=\"container\">\n\t\t\t\t\t<div class=\"e-con-inner\">\n\t\t\t\t<div class=\"elementor-element elementor-element-41727182 elementor-widget elementor-widget-heading\" data-id=\"41727182\" data-element_type=\"widget\" data-widget_type=\"heading.default\">\n\t\t\t\t<div class=\"elementor-widget-container\">\n\t\t\t\t\t<h1 class=\"elementor-heading-title elementor-size-default\">HUMBERTO CANALE GRAN RESERVA<\/h1>\t\t\t\t<\/div>\n\t\t\t\t<\/div>\n\t\t\t\t<div class=\"elementor-element elementor-element-78cbd0c5 elementor-widget elementor-widget-text-editor\" data-id=\"78cbd0c5\" data-element_type=\"widget\" data-widget_type=\"text-editor.default\">\n\t\t\t\t<div class=\"elementor-widget-container\">\n\t\t\t\t\t\t\t\t\t<p class=\" translation-block\">Esta linha de vinhos premium representa a vin\u00edcola Humberto Canale em seu segmento mais alto. A idade e a qualidade das vinhas, a sele\u00e7\u00e3o das uvas, o processo de elabora\u00e7\u00e3o e a sua apresenta\u00e7\u00e3o foram escrupulosamente pensados para alcan\u00e7ar a excel\u00eancia.<\/p>\t\t\t\t\t\t\t\t<\/div>\n\t\t\t\t<\/div>\n\t\t\t\t\t<\/div>\n\t\t\t\t<\/div>\n\t\t\t\t\t<\/div>\n\t\t\t\t<\/div>\n\t\t<div class=\"elementor-element elementor-element-1b109a9f e-con-full e-flex e-con e-parent\" data-id=\"1b109a9f\" data-element_type=\"container\" data-settings=\"{&quot;background_background&quot;:&quot;classic&quot;}\">\n\t\t<div class=\"elementor-element elementor-element-5a4eda85 e-con-full e-flex e-con e-child\" data-id=\"5a4eda85\" data-element_type=\"container\">\n\t\t\t\t<div class=\"elementor-element elementor-element-247fdfbb animated-fast eael-infobox-content-align--center eael-infobox-shape-square eael-infobox-hover-img-shape-square elementor-invisible elementor-widget elementor-widget-eael-info-box\" data-id=\"247fdfbb\" data-element_type=\"widget\" data-settings=\"{&quot;_animation&quot;:&quot;zoomIn&quot;,&quot;_animation_delay&quot;:100}\" data-widget_type=\"eael-info-box.default\">\n\t\t\t\t<div class=\"elementor-widget-container\">\n\t\t\t\t\t            <a href=\"https:\/\/bodegahcanale.com\/por\/humberto-canale-gran-reserva-cabernet-franc\/\">\n\t            <div class=\"eael-infobox\">\n\t            <div class=\"infobox-icon elementor-animation-float\">\n\n                            <img decoding=\"async\" src=\"https:\/\/bodegahcanale.com\/wp-content\/uploads\/2023\/08\/HCGRCABFRANC-e1693231801355.png\" alt=\"\">\n            \n            \n            \n        <\/div>\n            <div class=\"infobox-content\">\n            <div>HUMBERTO CANALE <br>\nGRAN RESERVA <br>\nCABERNET FRANC<\/div>        <\/div>\n            <\/div>\n\n\t\t            <\/a>\n\t\t\t\t\t\t<\/div>\n\t\t\t\t<\/div>\n\t\t\t\t<\/div>\n\t\t<div class=\"elementor-element elementor-element-3014b550 e-con-full e-flex e-con e-child\" data-id=\"3014b550\" data-element_type=\"container\">\n\t\t\t\t<div class=\"elementor-element elementor-element-930dd48 animated-fast eael-infobox-content-align--center eael-infobox-shape-square eael-infobox-hover-img-shape-square elementor-invisible elementor-widget elementor-widget-eael-info-box\" data-id=\"930dd48\" data-element_type=\"widget\" data-settings=\"{&quot;_animation&quot;:&quot;zoomIn&quot;,&quot;_animation_delay&quot;:200}\" data-widget_type=\"eael-info-box.default\">\n\t\t\t\t<div class=\"elementor-widget-container\">\n\t\t\t\t\t            <a href=\"https:\/\/bodegahcanale.com\/por\/humberto-canale-gran-reserva-malbec\/\">\n\t            <div class=\"eael-infobox\">\n\t            <div class=\"infobox-icon elementor-animation-float\">\n\n                            <img decoding=\"async\" src=\"https:\/\/bodegahcanale.com\/wp-content\/uploads\/2023\/08\/Humberto-CanaleGRMBC2021.png\" alt=\"\">\n            \n            \n            \n        <\/div>\n            <div class=\"infobox-content\">\n            <div>HUMBERTO CANALE <br>\nGRAN RESERVA <br>\nMALBEC<\/div>        <\/div>\n            <\/div>\n\n\t\t            <\/a>\n\t\t\t\t\t\t<\/div>\n\t\t\t\t<\/div>\n\t\t\t\t<\/div>\n\t\t<div class=\"elementor-element elementor-element-be4c86a e-con-full e-flex e-con e-child\" data-id=\"be4c86a\" data-element_type=\"container\">\n\t\t\t\t<div class=\"elementor-element elementor-element-71a9fb13 animated-fast eael-infobox-content-align--center eael-infobox-shape-square eael-infobox-hover-img-shape-square elementor-invisible elementor-widget elementor-widget-eael-info-box\" data-id=\"71a9fb13\" data-element_type=\"widget\" data-settings=\"{&quot;_animation&quot;:&quot;zoomIn&quot;,&quot;_animation_delay&quot;:300}\" data-widget_type=\"eael-info-box.default\">\n\t\t\t\t<div class=\"elementor-widget-container\">\n\t\t\t\t\t            <a href=\"https:\/\/bodegahcanale.com\/por\/humberto-canale-gran-reserva-merlot\/\">\n\t            <div class=\"eael-infobox\">\n\t            <div class=\"infobox-icon elementor-animation-float\">\n\n                            <img decoding=\"async\" src=\"https:\/\/bodegahcanale.com\/wp-content\/uploads\/2023\/08\/Humberto-Canale-475.png\" alt=\"\">\n            \n            \n            \n        <\/div>\n            <div class=\"infobox-content\">\n            <div>HUMBERTO CANALE <br>\nGRAN RESERVA <br>\nMERLOT<\/div>        <\/div>\n            <\/div>\n\n\t\t            <\/a>\n\t\t\t\t\t\t<\/div>\n\t\t\t\t<\/div>\n\t\t\t\t<\/div>\n\t\t<div class=\"elementor-element elementor-element-45500ee e-con-full e-flex e-con e-child\" data-id=\"45500ee\" data-element_type=\"container\">\n\t\t\t\t<div class=\"elementor-element elementor-element-1a3f811d animated-fast eael-infobox-content-align--center eael-infobox-shape-square eael-infobox-hover-img-shape-square elementor-invisible elementor-widget elementor-widget-eael-info-box\" data-id=\"1a3f811d\" data-element_type=\"widget\" data-settings=\"{&quot;_animation&quot;:&quot;zoomIn&quot;,&quot;_animation_delay&quot;:400}\" data-widget_type=\"eael-info-box.default\">\n\t\t\t\t<div class=\"elementor-widget-container\">\n\t\t\t\t\t            <a href=\"https:\/\/bodegahcanale.com\/por\/humberto-canale-gran-reserva-pinot-noir\/\">\n\t            <div class=\"eael-infobox\">\n\t            <div class=\"infobox-icon elementor-animation-float\">\n\n                            <img decoding=\"async\" src=\"https:\/\/bodegahcanale.com\/wp-content\/uploads\/2023\/08\/Humberto-Canale-470OTRO.png\" alt=\"\">\n            \n            \n            \n        <\/div>\n            <div class=\"infobox-content\">\n            <div>HUMBERTO CANALE <br>\nGRAN RESERVA <br>\nPINOT NOIR<\/div>        <\/div>\n            <\/div>\n\n\t\t            <\/a>\n\t\t\t\t\t\t<\/div>\n\t\t\t\t<\/div>\n\t\t\t\t<\/div>\n\t\t\t\t<\/div>\n\t\t<div class=\"elementor-element elementor-element-58f98115 e-flex e-con-boxed e-con e-parent\" data-id=\"58f98115\" data-element_type=\"container\">\n\t\t\t\t\t<div class=\"e-con-inner\">\n\t\t\t\t<div class=\"elementor-element elementor-element-76301e67 elementor-widget elementor-widget-image\" data-id=\"76301e67\" data-element_type=\"widget\" data-widget_type=\"image.default\">\n\t\t\t\t<div class=\"elementor-widget-container\">\n\t\t\t\t\t\t\t\t\t\t\t\t\t\t\t<img decoding=\"async\" width=\"210\" height=\"210\" src=\"https:\/\/bodegahcanale.com\/wp-content\/uploads\/2023\/08\/iso-12.svg\" class=\"attachment-large size-large wp-image-716\" alt=\"\" \/>\t\t\t\t\t\t\t\t\t\t\t\t\t\t\t<\/div>\n\t\t\t\t<\/div>\n\t\t\t\t\t<\/div>\n\t\t\t\t<\/div>\n\t\t\t\t<\/div>","protected":false},"excerpt":{"rendered":"<p>HUMBERTO CANALE GRAN RESERVA La m\u00e1xima expresi\u00f3n de la enolog\u00eda de Humberto Canale est\u00e1 representada en esta serie de excelencia, ya ic\u00f3nica de la Patagonia, que hace honor a la historia y calidad de nuestras vides, la cuidada selecci\u00f3n de racimos y su crianza de 12 meses en barricas nuevas de roble franc\u00e9s y americano. [&hellip;]<\/p>","protected":false},"author":1,"featured_media":0,"parent":0,"menu_order":0,"comment_status":"closed","ping_status":"closed","template":"","meta":{"footnotes":""},"class_list":["post-1211","page","type-page","status-publish","hentry"],"blocksy_meta":[],"_links":{"self":[{"href":"https:\/\/bodegahcanale.com\/por\/wp-json\/wp\/v2\/pages\/1211","targetHints":{"allow":["GET"]}}],"collection":[{"href":"https:\/\/bodegahcanale.com\/por\/wp-json\/wp\/v2\/pages"}],"about":[{"href":"https:\/\/bodegahcanale.com\/por\/wp-json\/wp\/v2\/types\/page"}],"author":[{"embeddable":true,"href":"https:\/\/bodegahcanale.com\/por\/wp-json\/wp\/v2\/users\/1"}],"replies":[{"embeddable":true,"href":"https:\/\/bodegahcanale.com\/por\/wp-json\/wp\/v2\/comments?post=1211"}],"version-history":[{"count":40,"href":"https:\/\/bodegahcanale.com\/por\/wp-json\/wp\/v2\/pages\/1211\/revisions"}],"predecessor-version":[{"id":2975,"href":"https:\/\/bodegahcanale.com\/por\/wp-json\/wp\/v2\/pages\/1211\/revisions\/2975"}],"wp:attachment":[{"href":"https:\/\/bodegahcanale.com\/por\/wp-json\/wp\/v2\/media?parent=1211"}],"curies":[{"name":"wp","href":"https:\/\/api.w.org\/{rel}","templated":true}]}}