{"id":1170,"date":"2023-08-25T18:44:27","date_gmt":"2023-08-25T21:44:27","guid":{"rendered":"http:\/\/desabhc.ticma.com.ar\/?page_id=1170"},"modified":"2024-12-16T10:48:18","modified_gmt":"2024-12-16T13:48:18","slug":"old-vineyard-semillon","status":"publish","type":"page","link":"https:\/\/bodegahcanale.com\/por\/old-vineyard-semillon\/","title":{"rendered":"Old Vineyard Semill\u00f3n"},"content":{"rendered":"<div data-elementor-type=\"wp-page\" data-elementor-id=\"1170\" class=\"elementor elementor-1170\" data-elementor-post-type=\"page\">\n\t\t\t\t<div class=\"elementor-element elementor-element-32cfe987 e-flex e-con-boxed e-con e-parent\" data-id=\"32cfe987\" data-element_type=\"container\">\n\t\t\t\t\t<div class=\"e-con-inner\">\n\t\t<div class=\"elementor-element elementor-element-2ff2a529 e-con-full e-flex e-con e-child\" data-id=\"2ff2a529\" data-element_type=\"container\">\n\t\t\t\t<div class=\"elementor-element elementor-element-1bde43da elementor-widget elementor-widget-image\" data-id=\"1bde43da\" data-element_type=\"widget\" data-widget_type=\"image.default\">\n\t\t\t\t<div class=\"elementor-widget-container\">\n\t\t\t\t\t\t\t\t\t\t\t\t\t\t\t<img fetchpriority=\"high\" decoding=\"async\" width=\"238\" height=\"772\" src=\"https:\/\/bodegahcanale.com\/wp-content\/uploads\/2024\/08\/Humberto-Canale-Semillon.png\" class=\"attachment-full size-full wp-image-2769\" alt=\"\" srcset=\"https:\/\/bodegahcanale.com\/wp-content\/uploads\/2024\/08\/Humberto-Canale-Semillon.png 238w, https:\/\/bodegahcanale.com\/wp-content\/uploads\/2024\/08\/Humberto-Canale-Semillon-4x12.png 4w\" sizes=\"(max-width: 238px) 100vw, 238px\" \/>\t\t\t\t\t\t\t\t\t\t\t\t\t\t\t<\/div>\n\t\t\t\t<\/div>\n\t\t\t\t<\/div>\n\t\t<div class=\"elementor-element elementor-element-79cef972 e-con-full e-flex e-con e-child\" data-id=\"79cef972\" data-element_type=\"container\">\n\t\t\t\t<div class=\"elementor-element elementor-element-59bf6341 elementor-widget elementor-widget-heading\" data-id=\"59bf6341\" data-element_type=\"widget\" data-widget_type=\"heading.default\">\n\t\t\t\t<div class=\"elementor-widget-container\">\n\t\t\t\t\t<h2 class=\"elementor-heading-title elementor-size-default\">COMPOSI\u00c7\u00c3O<\/h2>\t\t\t\t<\/div>\n\t\t\t\t<\/div>\n\t\t\t\t<div class=\"elementor-element elementor-element-4dca5f3c elementor-widget elementor-widget-text-editor\" data-id=\"4dca5f3c\" data-element_type=\"widget\" data-widget_type=\"text-editor.default\">\n\t\t\t\t<div class=\"elementor-widget-container\">\n\t\t\t\t\t\t\t\t\t<p>Varietal 100%. <span style=\"font-weight: 400;\"><span> <\/span><\/span><\/p>\t\t\t\t\t\t\t\t<\/div>\n\t\t\t\t<\/div>\n\t\t\t\t<div class=\"elementor-element elementor-element-7b3b7473 elementor-widget elementor-widget-heading\" data-id=\"7b3b7473\" data-element_type=\"widget\" data-widget_type=\"heading.default\">\n\t\t\t\t<div class=\"elementor-widget-container\">\n\t\t\t\t\t<h2 class=\"elementor-heading-title elementor-size-default\">ORIGEM<\/h2>\t\t\t\t<\/div>\n\t\t\t\t<\/div>\n\t\t\t\t<div class=\"elementor-element elementor-element-a9d26ba elementor-widget elementor-widget-text-editor\" data-id=\"a9d26ba\" data-element_type=\"widget\" data-widget_type=\"text-editor.default\">\n\t\t\t\t<div class=\"elementor-widget-container\">\n\t\t\t\t\t\t\t\t\t<p><span style=\"font-weight: 400;\">Finca Milagros (1942). As cepas cuidadosamente selecionadas v\u00eam da vinha \u201cFinca Milagros\u201d. Este Semillon foi plantado no ano 1942, o sistema de condu\u00e7\u00e3o \u00e9 um duplo Guyot.<\/span><\/p>\t\t\t\t\t\t\t\t<\/div>\n\t\t\t\t<\/div>\n\t\t\t\t<div class=\"elementor-element elementor-element-4bd3b27e elementor-widget elementor-widget-heading\" data-id=\"4bd3b27e\" data-element_type=\"widget\" data-widget_type=\"heading.default\">\n\t\t\t\t<div class=\"elementor-widget-container\">\n\t\t\t\t\t<h2 class=\"elementor-heading-title elementor-size-default\">SALVAR<\/h2>\t\t\t\t<\/div>\n\t\t\t\t<\/div>\n\t\t\t\t<div class=\"elementor-element elementor-element-26c5dc40 elementor-widget elementor-widget-text-editor\" data-id=\"26c5dc40\" data-element_type=\"widget\" data-widget_type=\"text-editor.default\">\n\t\t\t\t<div class=\"elementor-widget-container\">\n\t\t\t\t\t\t\t\t\t<p>10 anos<\/p>\t\t\t\t\t\t\t\t<\/div>\n\t\t\t\t<\/div>\n\t\t\t\t<div class=\"elementor-element elementor-element-7286ee26 elementor-widget elementor-widget-heading\" data-id=\"7286ee26\" data-element_type=\"widget\" data-widget_type=\"heading.default\">\n\t\t\t\t<div class=\"elementor-widget-container\">\n\t\t\t\t\t<h2 class=\"elementor-heading-title elementor-size-default\">NOTAS DE DEGUSTA\u00c7\u00c3O<\/h2>\t\t\t\t<\/div>\n\t\t\t\t<\/div>\n\t\t\t\t<div class=\"elementor-element elementor-element-6b58d452 elementor-widget elementor-widget-text-editor\" data-id=\"6b58d452\" data-element_type=\"widget\" data-widget_type=\"text-editor.default\">\n\t\t\t\t<div class=\"elementor-widget-container\">\n\t\t\t\t\t\t\t\t\t<p><span style=\"font-weight: 400;\">Este vinho leva o nome de Milagros, neta de Guillermo Barzi e sexta gera\u00e7\u00e3o da fam\u00edlia Canale. Cor amarela com reflex\u00f5es esverdeado. Aroma intenso de frutos brancos com notas de ervas frescas. Na boca, sente-se untuoso, suave e harmonioso. Acidez equilibrada, equil\u00edbrio excelente e largo final varietal, elegante e complexo.<\/span><\/p>\t\t\t\t\t\t\t\t<\/div>\n\t\t\t\t<\/div>\n\t\t\t\t<div class=\"elementor-element elementor-element-3f910f1 elementor-widget elementor-widget-eael-creative-button\" data-id=\"3f910f1\" data-element_type=\"widget\" data-widget_type=\"eael-creative-button.default\">\n\t\t\t\t<div class=\"elementor-widget-container\">\n\t\t\t\t\t        <div class=\"eael-creative-button-wrapper\">\n\n            <a class=\"eael-creative-button eael-creative-button--default\" href=\"http:\/\/bodegahcanale.com\/wp-content\/uploads\/2024\/09\/FE-Old-Vineyard-Semillon-EN.pdf\" target=\"_blank\" data-text=\"\">\n\n\t    \n                <div class=\"creative-button-inner\">\n\n                    \n                    <span class=\"cretive-button-text\">FICHA T\u00c9CNICA<\/span>\n\n                                    <\/div>\n\t                        <\/a>\n        <\/div>\n\t\t\t\t<\/div>\n\t\t\t\t<\/div>\n\t\t\t\t<div class=\"elementor-element elementor-element-81100e0 elementor-widget elementor-widget-eael-creative-button\" data-id=\"81100e0\" data-element_type=\"widget\" data-widget_type=\"eael-creative-button.default\">\n\t\t\t\t<div class=\"elementor-widget-container\">\n\t\t\t\t\t        <div class=\"eael-creative-button-wrapper\">\n\n            <a class=\"eael-creative-button eael-creative-button--default\" href=\"https:\/\/shop.bodegahcanale.com\/productos\/semillon-old-vineyard-finca-milagros-caja-x-6\/\" target=\"_blank\" data-text=\"\">\n\n\t    \n                <div class=\"creative-button-inner\">\n\n                    \n                    <span class=\"cretive-button-text\">COMPRAR<\/span>\n\n                                    <\/div>\n\t                        <\/a>\n        <\/div>\n\t\t\t\t<\/div>\n\t\t\t\t<\/div>\n\t\t\t\t<\/div>\n\t\t\t\t\t<\/div>\n\t\t\t\t<\/div>\n\t\t\t\t<\/div>","protected":false},"excerpt":{"rendered":"<p>COMPOSICI\u00d3N Varietal 100%. Fuimos la Empresa que por primera vez puso \u201c Semillon\u201d en una etiqueta (1974) ORIGEN Finca Milagros (1942). Las cepas cuidadosamente seleccionadas provienen del vi\u00f1edo \u201cFinca Milagros\u201d. Este Semillon fue plantado en el a\u00f1o 1942, el sistema de conducci\u00f3n es un guyot doble. GUARDA 10 a\u00f1os NOTA DE CATA Este vino lleva [&hellip;]<\/p>","protected":false},"author":1,"featured_media":0,"parent":0,"menu_order":0,"comment_status":"closed","ping_status":"closed","template":"","meta":{"footnotes":""},"class_list":["post-1170","page","type-page","status-publish","hentry"],"blocksy_meta":[],"_links":{"self":[{"href":"https:\/\/bodegahcanale.com\/por\/wp-json\/wp\/v2\/pages\/1170","targetHints":{"allow":["GET"]}}],"collection":[{"href":"https:\/\/bodegahcanale.com\/por\/wp-json\/wp\/v2\/pages"}],"about":[{"href":"https:\/\/bodegahcanale.com\/por\/wp-json\/wp\/v2\/types\/page"}],"author":[{"embeddable":true,"href":"https:\/\/bodegahcanale.com\/por\/wp-json\/wp\/v2\/users\/1"}],"replies":[{"embeddable":true,"href":"https:\/\/bodegahcanale.com\/por\/wp-json\/wp\/v2\/comments?post=1170"}],"version-history":[{"count":40,"href":"https:\/\/bodegahcanale.com\/por\/wp-json\/wp\/v2\/pages\/1170\/revisions"}],"predecessor-version":[{"id":2876,"href":"https:\/\/bodegahcanale.com\/por\/wp-json\/wp\/v2\/pages\/1170\/revisions\/2876"}],"wp:attachment":[{"href":"https:\/\/bodegahcanale.com\/por\/wp-json\/wp\/v2\/media?parent=1170"}],"curies":[{"name":"wp","href":"https:\/\/api.w.org\/{rel}","templated":true}]}}