{"id":1150,"date":"2023-08-25T18:42:03","date_gmt":"2023-08-25T21:42:03","guid":{"rendered":"http:\/\/desabhc.ticma.com.ar\/?page_id=1150"},"modified":"2024-12-16T10:47:15","modified_gmt":"2024-12-16T13:47:15","slug":"old-vineyard-riesling","status":"publish","type":"page","link":"https:\/\/bodegahcanale.com\/por\/old-vineyard-riesling\/","title":{"rendered":"Old Vineyard Riesling"},"content":{"rendered":"<div data-elementor-type=\"wp-page\" data-elementor-id=\"1150\" class=\"elementor elementor-1150\" data-elementor-post-type=\"page\">\n\t\t\t\t<div class=\"elementor-element elementor-element-6f83048c e-flex e-con-boxed e-con e-parent\" data-id=\"6f83048c\" data-element_type=\"container\">\n\t\t\t\t\t<div class=\"e-con-inner\">\n\t\t<div class=\"elementor-element elementor-element-7ecf2fbb e-con-full e-flex e-con e-child\" data-id=\"7ecf2fbb\" data-element_type=\"container\">\n\t\t\t\t<div class=\"elementor-element elementor-element-79bdf37d elementor-widget elementor-widget-image\" data-id=\"79bdf37d\" data-element_type=\"widget\" data-widget_type=\"image.default\">\n\t\t\t\t<div class=\"elementor-widget-container\">\n\t\t\t\t\t\t\t\t\t\t\t\t\t\t\t<img fetchpriority=\"high\" decoding=\"async\" width=\"238\" height=\"772\" src=\"https:\/\/bodegahcanale.com\/wp-content\/uploads\/2024\/08\/Humberto-Canale-RIESLING.png\" class=\"attachment-full size-full wp-image-2768\" alt=\"\" srcset=\"https:\/\/bodegahcanale.com\/wp-content\/uploads\/2024\/08\/Humberto-Canale-RIESLING.png 238w, https:\/\/bodegahcanale.com\/wp-content\/uploads\/2024\/08\/Humberto-Canale-RIESLING-4x12.png 4w\" sizes=\"(max-width: 238px) 100vw, 238px\" \/>\t\t\t\t\t\t\t\t\t\t\t\t\t\t\t<\/div>\n\t\t\t\t<\/div>\n\t\t\t\t<\/div>\n\t\t<div class=\"elementor-element elementor-element-7aa2ea1e e-con-full e-flex e-con e-child\" data-id=\"7aa2ea1e\" data-element_type=\"container\">\n\t\t\t\t<div class=\"elementor-element elementor-element-20cae289 elementor-widget elementor-widget-heading\" data-id=\"20cae289\" data-element_type=\"widget\" data-widget_type=\"heading.default\">\n\t\t\t\t<div class=\"elementor-widget-container\">\n\t\t\t\t\t<h2 class=\"elementor-heading-title elementor-size-default\">COMPOSI\u00c7\u00c3O<\/h2>\t\t\t\t<\/div>\n\t\t\t\t<\/div>\n\t\t\t\t<div class=\"elementor-element elementor-element-79450971 elementor-widget elementor-widget-text-editor\" data-id=\"79450971\" data-element_type=\"widget\" data-widget_type=\"text-editor.default\">\n\t\t\t\t<div class=\"elementor-widget-container\">\n\t\t\t\t\t\t\t\t\t<p>Varietal 100%<\/p>\t\t\t\t\t\t\t\t<\/div>\n\t\t\t\t<\/div>\n\t\t\t\t<div class=\"elementor-element elementor-element-195d6640 elementor-widget elementor-widget-heading\" data-id=\"195d6640\" data-element_type=\"widget\" data-widget_type=\"heading.default\">\n\t\t\t\t<div class=\"elementor-widget-container\">\n\t\t\t\t\t<h2 class=\"elementor-heading-title elementor-size-default\">ORIGEM<\/h2>\t\t\t\t<\/div>\n\t\t\t\t<\/div>\n\t\t\t\t<div class=\"elementor-element elementor-element-4cff6da4 elementor-widget elementor-widget-text-editor\" data-id=\"4cff6da4\" data-element_type=\"widget\" data-widget_type=\"text-editor.default\">\n\t\t\t\t<div class=\"elementor-widget-container\">\n\t\t\t\t\t\t\t\t\t<p><span style=\"font-weight: 400;\">Finca La Morita (1937). Vinhedos pr\u00f3prios que datam do ano 1937 localizado no General Roca, vale superior de R\u00edo Negro, Patagonia. A planta\u00e7\u00e3o a mais velha de Riesling<\/span><\/p>\t\t\t\t\t\t\t\t<\/div>\n\t\t\t\t<\/div>\n\t\t\t\t<div class=\"elementor-element elementor-element-36467369 elementor-widget elementor-widget-heading\" data-id=\"36467369\" data-element_type=\"widget\" data-widget_type=\"heading.default\">\n\t\t\t\t<div class=\"elementor-widget-container\">\n\t\t\t\t\t<h2 class=\"elementor-heading-title elementor-size-default\">SALVAR<\/h2>\t\t\t\t<\/div>\n\t\t\t\t<\/div>\n\t\t\t\t<div class=\"elementor-element elementor-element-43a2d59b elementor-widget elementor-widget-text-editor\" data-id=\"43a2d59b\" data-element_type=\"widget\" data-widget_type=\"text-editor.default\">\n\t\t\t\t<div class=\"elementor-widget-container\">\n\t\t\t\t\t\t\t\t\t<p>4 anos<\/p>\t\t\t\t\t\t\t\t<\/div>\n\t\t\t\t<\/div>\n\t\t\t\t<div class=\"elementor-element elementor-element-3d77b5fe elementor-widget elementor-widget-heading\" data-id=\"3d77b5fe\" data-element_type=\"widget\" data-widget_type=\"heading.default\">\n\t\t\t\t<div class=\"elementor-widget-container\">\n\t\t\t\t\t<h2 class=\"elementor-heading-title elementor-size-default\">NOTAS DE DEGUSTA\u00c7\u00c3O<\/h2>\t\t\t\t<\/div>\n\t\t\t\t<\/div>\n\t\t\t\t<div class=\"elementor-element elementor-element-427e0d41 elementor-widget elementor-widget-text-editor\" data-id=\"427e0d41\" data-element_type=\"widget\" data-widget_type=\"text-editor.default\">\n\t\t\t\t<div class=\"elementor-widget-container\">\n\t\t\t\t\t\t\t\t\t<p><span style=\"font-weight: 400;\">Cor amarelo-esverdeada atrativa com notas suaves. Aromas frutados c\u00edtricos com notas tropicais sutis e p\u00eassegos brancos. Presen\u00e7a de caracteres minerais. Para a boca \u00e9 apresentado com grande equil\u00edbrio e harmonia. Fresco, frutado com acidez elegante e caracteres minerais marcados.<\/span><\/p>\t\t\t\t\t\t\t\t<\/div>\n\t\t\t\t<\/div>\n\t\t\t\t<div class=\"elementor-element elementor-element-1ad17e80 elementor-widget elementor-widget-eael-creative-button\" data-id=\"1ad17e80\" data-element_type=\"widget\" data-widget_type=\"eael-creative-button.default\">\n\t\t\t\t<div class=\"elementor-widget-container\">\n\t\t\t\t\t        <div class=\"eael-creative-button-wrapper\">\n\n            <a class=\"eael-creative-button eael-creative-button--default\" href=\"http:\/\/bodegahcanale.com\/wp-content\/uploads\/2024\/09\/FICHA-Old-Vineyard-Riesling-Ingles.pdf\" target=\"_blank\" data-text=\"\">\n\n\t    \n                <div class=\"creative-button-inner\">\n\n                    \n                    <span class=\"cretive-button-text\">FICHA T\u00c9CNICA<\/span>\n\n                                    <\/div>\n\t                        <\/a>\n        <\/div>\n\t\t\t\t<\/div>\n\t\t\t\t<\/div>\n\t\t\t\t<div class=\"elementor-element elementor-element-a43202d elementor-widget elementor-widget-eael-creative-button\" data-id=\"a43202d\" data-element_type=\"widget\" data-widget_type=\"eael-creative-button.default\">\n\t\t\t\t<div class=\"elementor-widget-container\">\n\t\t\t\t\t        <div class=\"eael-creative-button-wrapper\">\n\n            <a class=\"eael-creative-button eael-creative-button--default\" href=\"https:\/\/shop.bodegahcanale.com\/productos\/riesling-old-vineyard-caja-x-6\/\" target=\"_blank\" data-text=\"\">\n\n\t    \n                <div class=\"creative-button-inner\">\n\n                    \n                    <span class=\"cretive-button-text\">COMPRAR<\/span>\n\n                                    <\/div>\n\t                        <\/a>\n        <\/div>\n\t\t\t\t<\/div>\n\t\t\t\t<\/div>\n\t\t\t\t<\/div>\n\t\t\t\t\t<\/div>\n\t\t\t\t<\/div>\n\t\t\t\t<\/div>","protected":false},"excerpt":{"rendered":"<p>COMPOSICI\u00d3N Varietal 100% ORIGEN Finca La Morita ( 1937). Vi\u00f1edos propios que datan del a\u00f1o 1937 ubicados en General Roca, Alto Valle de R\u00edo Negro, Patagonia. La plantaci\u00f3n de Riesling m\u00e1s vieja de la Patagonia. GUARDA 4 a\u00f1os NOTA DE CATA Atractivo color amarillo verdoso con notas aceradas. Aromas frutales c\u00edtricos con sutiles notas tropicales [&hellip;]<\/p>","protected":false},"author":1,"featured_media":0,"parent":0,"menu_order":0,"comment_status":"closed","ping_status":"closed","template":"","meta":{"footnotes":""},"class_list":["post-1150","page","type-page","status-publish","hentry"],"blocksy_meta":[],"_links":{"self":[{"href":"https:\/\/bodegahcanale.com\/por\/wp-json\/wp\/v2\/pages\/1150","targetHints":{"allow":["GET"]}}],"collection":[{"href":"https:\/\/bodegahcanale.com\/por\/wp-json\/wp\/v2\/pages"}],"about":[{"href":"https:\/\/bodegahcanale.com\/por\/wp-json\/wp\/v2\/types\/page"}],"author":[{"embeddable":true,"href":"https:\/\/bodegahcanale.com\/por\/wp-json\/wp\/v2\/users\/1"}],"replies":[{"embeddable":true,"href":"https:\/\/bodegahcanale.com\/por\/wp-json\/wp\/v2\/comments?post=1150"}],"version-history":[{"count":31,"href":"https:\/\/bodegahcanale.com\/por\/wp-json\/wp\/v2\/pages\/1150\/revisions"}],"predecessor-version":[{"id":2873,"href":"https:\/\/bodegahcanale.com\/por\/wp-json\/wp\/v2\/pages\/1150\/revisions\/2873"}],"wp:attachment":[{"href":"https:\/\/bodegahcanale.com\/por\/wp-json\/wp\/v2\/media?parent=1150"}],"curies":[{"name":"wp","href":"https:\/\/api.w.org\/{rel}","templated":true}]}}