{"id":1145,"date":"2023-08-25T18:39:12","date_gmt":"2023-08-25T21:39:12","guid":{"rendered":"http:\/\/desabhc.ticma.com.ar\/?page_id=1145"},"modified":"2024-12-16T10:46:07","modified_gmt":"2024-12-16T13:46:07","slug":"old-vineyard-pinot-noir","status":"publish","type":"page","link":"https:\/\/bodegahcanale.com\/por\/old-vineyard-pinot-noir\/","title":{"rendered":"Old Vineyard Pinot Noir"},"content":{"rendered":"<div data-elementor-type=\"wp-page\" data-elementor-id=\"1145\" class=\"elementor elementor-1145\" data-elementor-post-type=\"page\">\n\t\t\t\t<div class=\"elementor-element elementor-element-721a68c5 e-flex e-con-boxed e-con e-parent\" data-id=\"721a68c5\" data-element_type=\"container\">\n\t\t\t\t\t<div class=\"e-con-inner\">\n\t\t<div class=\"elementor-element elementor-element-5738482 e-con-full e-flex e-con e-child\" data-id=\"5738482\" data-element_type=\"container\">\n\t\t\t\t<div class=\"elementor-element elementor-element-4b413732 elementor-widget elementor-widget-image\" data-id=\"4b413732\" data-element_type=\"widget\" data-widget_type=\"image.default\">\n\t\t\t\t<div class=\"elementor-widget-container\">\n\t\t\t\t\t\t\t\t\t\t\t\t\t\t\t<img fetchpriority=\"high\" decoding=\"async\" width=\"238\" height=\"772\" src=\"https:\/\/bodegahcanale.com\/wp-content\/uploads\/2024\/08\/Humberto-Canale-Pinot.png\" class=\"attachment-full size-full wp-image-2762\" alt=\"\" srcset=\"https:\/\/bodegahcanale.com\/wp-content\/uploads\/2024\/08\/Humberto-Canale-Pinot.png 238w, https:\/\/bodegahcanale.com\/wp-content\/uploads\/2024\/08\/Humberto-Canale-Pinot-4x12.png 4w\" sizes=\"(max-width: 238px) 100vw, 238px\" \/>\t\t\t\t\t\t\t\t\t\t\t\t\t\t\t<\/div>\n\t\t\t\t<\/div>\n\t\t\t\t<\/div>\n\t\t<div class=\"elementor-element elementor-element-6b440f89 e-con-full e-flex e-con e-child\" data-id=\"6b440f89\" data-element_type=\"container\">\n\t\t\t\t<div class=\"elementor-element elementor-element-15549505 elementor-widget elementor-widget-heading\" data-id=\"15549505\" data-element_type=\"widget\" data-widget_type=\"heading.default\">\n\t\t\t\t<div class=\"elementor-widget-container\">\n\t\t\t\t\t<h2 class=\"elementor-heading-title elementor-size-default\">COMPOSI\u00c7\u00c3O<\/h2>\t\t\t\t<\/div>\n\t\t\t\t<\/div>\n\t\t\t\t<div class=\"elementor-element elementor-element-19f26a5d elementor-widget elementor-widget-text-editor\" data-id=\"19f26a5d\" data-element_type=\"widget\" data-widget_type=\"text-editor.default\">\n\t\t\t\t<div class=\"elementor-widget-container\">\n\t\t\t\t\t\t\t\t\t<p>Varietal 100%<\/p>\t\t\t\t\t\t\t\t<\/div>\n\t\t\t\t<\/div>\n\t\t\t\t<div class=\"elementor-element elementor-element-30ac57a3 elementor-widget elementor-widget-heading\" data-id=\"30ac57a3\" data-element_type=\"widget\" data-widget_type=\"heading.default\">\n\t\t\t\t<div class=\"elementor-widget-container\">\n\t\t\t\t\t<h2 class=\"elementor-heading-title elementor-size-default\">ORIGEM<\/h2>\t\t\t\t<\/div>\n\t\t\t\t<\/div>\n\t\t\t\t<div class=\"elementor-element elementor-element-25dc41e3 elementor-widget elementor-widget-text-editor\" data-id=\"25dc41e3\" data-element_type=\"widget\" data-widget_type=\"text-editor.default\">\n\t\t\t\t<div class=\"elementor-widget-container\">\n\t\t\t\t\t\t\t\t\t<p><span style=\"font-weight: 400;\">Finca La Isabel (1969). As cepas cuidadosamente selecionadas v\u00eam da vinha: \u201cFinca La Isabel\u201d, onde o pano puro mais antigo da Patag\u00f4nia, plantado por investidores franceses no ano 1969 e adquirido no final do \u0301 90 pela fam\u00edlia Canale.<\/span><\/p>\t\t\t\t\t\t\t\t<\/div>\n\t\t\t\t<\/div>\n\t\t\t\t<div class=\"elementor-element elementor-element-1df3e15e elementor-widget elementor-widget-heading\" data-id=\"1df3e15e\" data-element_type=\"widget\" data-widget_type=\"heading.default\">\n\t\t\t\t<div class=\"elementor-widget-container\">\n\t\t\t\t\t<h2 class=\"elementor-heading-title elementor-size-default\">SALVAR<\/h2>\t\t\t\t<\/div>\n\t\t\t\t<\/div>\n\t\t\t\t<div class=\"elementor-element elementor-element-1ecd3501 elementor-widget elementor-widget-text-editor\" data-id=\"1ecd3501\" data-element_type=\"widget\" data-widget_type=\"text-editor.default\">\n\t\t\t\t<div class=\"elementor-widget-container\">\n\t\t\t\t\t\t\t\t\t<p>6 anos<\/p>\t\t\t\t\t\t\t\t<\/div>\n\t\t\t\t<\/div>\n\t\t\t\t<div class=\"elementor-element elementor-element-19f330dc elementor-widget elementor-widget-heading\" data-id=\"19f330dc\" data-element_type=\"widget\" data-widget_type=\"heading.default\">\n\t\t\t\t<div class=\"elementor-widget-container\">\n\t\t\t\t\t<h2 class=\"elementor-heading-title elementor-size-default\">NOTAS DE DEGUSTA\u00c7\u00c3O<\/h2>\t\t\t\t<\/div>\n\t\t\t\t<\/div>\n\t\t\t\t<div class=\"elementor-element elementor-element-3bd63113 elementor-widget elementor-widget-text-editor\" data-id=\"3bd63113\" data-element_type=\"widget\" data-widget_type=\"text-editor.default\">\n\t\t\t\t<div class=\"elementor-widget-container\">\n\t\t\t\t\t\t\t\t\t<p><span style=\"font-weight: 400;\">rubi cor vermelha com notas de cascalho t\u00edpico desta variedade. O nariz destaca o car\u00e1ter frutado com notas de cerejas frescas e Nogueira, em harmonia com notas suaves de fumado pelo barril de carvalho franc\u00eas durante o per\u00edodo de envelhecimento. Na boca \u00e9 equilibrado, elegante e complexo. Toque de seda com car\u00e1ter frutado integrado com as contribui\u00e7\u00f5es da madeira. O fim da boca surpreende a amplitude e a persist\u00eancia. Surpreende a sua tipicidade, sendo um elevado expoente do Pinot Noir da Patag\u00f4nia.<\/span><\/p>\t\t\t\t\t\t\t\t<\/div>\n\t\t\t\t<\/div>\n\t\t\t\t<div class=\"elementor-element elementor-element-1f4f7941 elementor-widget elementor-widget-eael-creative-button\" data-id=\"1f4f7941\" data-element_type=\"widget\" data-widget_type=\"eael-creative-button.default\">\n\t\t\t\t<div class=\"elementor-widget-container\">\n\t\t\t\t\t        <div class=\"eael-creative-button-wrapper\">\n\n            <a class=\"eael-creative-button eael-creative-button--default\" href=\"http:\/\/bodegahcanale.com\/wp-content\/uploads\/2024\/09\/FICHA-Old-Vineyard-PinotNoir-Ingles.pdf\" target=\"_blank\" data-text=\"\">\n\n\t    \n                <div class=\"creative-button-inner\">\n\n                    \n                    <span class=\"cretive-button-text\">FICHA T\u00c9CNICA<\/span>\n\n                                    <\/div>\n\t                        <\/a>\n        <\/div>\n\t\t\t\t<\/div>\n\t\t\t\t<\/div>\n\t\t\t\t<div class=\"elementor-element elementor-element-dc73068 elementor-widget elementor-widget-eael-creative-button\" data-id=\"dc73068\" data-element_type=\"widget\" data-widget_type=\"eael-creative-button.default\">\n\t\t\t\t<div class=\"elementor-widget-container\">\n\t\t\t\t\t        <div class=\"eael-creative-button-wrapper\">\n\n            <a class=\"eael-creative-button eael-creative-button--default\" href=\"https:\/\/shop.bodegahcanale.com\/productos\/pinot-noir-old-vineyard-caja-x-6\/\" target=\"_blank\" data-text=\"\">\n\n\t    \n                <div class=\"creative-button-inner\">\n\n                    \n                    <span class=\"cretive-button-text\">COMPRAR<\/span>\n\n                                    <\/div>\n\t                        <\/a>\n        <\/div>\n\t\t\t\t<\/div>\n\t\t\t\t<\/div>\n\t\t\t\t<\/div>\n\t\t\t\t\t<\/div>\n\t\t\t\t<\/div>\n\t\t\t\t<\/div>","protected":false},"excerpt":{"rendered":"<p>COMPOSICI\u00d3N Varietal 100% ORIGEN Finca la Isabel ( 1969). Las cepas cuidadosamente seleccionadas provienen del vi\u00f1edo: \u201cFinca La Isabel\u201d, en donde esta el pa\u00f1o puro mas viejo de la Patagonia, plantada por inversores franceses en el a\u00f1o 1969 y adquirida a fines de los \u00b490 por la familia Canale. GUARDA 6 a\u00f1os NOTA DE CATA [&hellip;]<\/p>","protected":false},"author":1,"featured_media":0,"parent":0,"menu_order":0,"comment_status":"closed","ping_status":"closed","template":"","meta":{"footnotes":""},"class_list":["post-1145","page","type-page","status-publish","hentry"],"blocksy_meta":[],"_links":{"self":[{"href":"https:\/\/bodegahcanale.com\/por\/wp-json\/wp\/v2\/pages\/1145","targetHints":{"allow":["GET"]}}],"collection":[{"href":"https:\/\/bodegahcanale.com\/por\/wp-json\/wp\/v2\/pages"}],"about":[{"href":"https:\/\/bodegahcanale.com\/por\/wp-json\/wp\/v2\/types\/page"}],"author":[{"embeddable":true,"href":"https:\/\/bodegahcanale.com\/por\/wp-json\/wp\/v2\/users\/1"}],"replies":[{"embeddable":true,"href":"https:\/\/bodegahcanale.com\/por\/wp-json\/wp\/v2\/comments?post=1145"}],"version-history":[{"count":31,"href":"https:\/\/bodegahcanale.com\/por\/wp-json\/wp\/v2\/pages\/1145\/revisions"}],"predecessor-version":[{"id":2870,"href":"https:\/\/bodegahcanale.com\/por\/wp-json\/wp\/v2\/pages\/1145\/revisions\/2870"}],"wp:attachment":[{"href":"https:\/\/bodegahcanale.com\/por\/wp-json\/wp\/v2\/media?parent=1145"}],"curies":[{"name":"wp","href":"https:\/\/api.w.org\/{rel}","templated":true}]}}