{"id":1140,"date":"2023-08-25T18:38:35","date_gmt":"2023-08-25T21:38:35","guid":{"rendered":"http:\/\/desabhc.ticma.com.ar\/?page_id=1140"},"modified":"2024-12-16T10:49:19","modified_gmt":"2024-12-16T13:49:19","slug":"old-vineyard-malbec","status":"publish","type":"page","link":"https:\/\/bodegahcanale.com\/por\/old-vineyard-malbec\/","title":{"rendered":"Old Vineyard Malbec"},"content":{"rendered":"<div data-elementor-type=\"wp-page\" data-elementor-id=\"1140\" class=\"elementor elementor-1140\" data-elementor-post-type=\"page\">\n\t\t\t\t<div class=\"elementor-element elementor-element-18c0aff e-flex e-con-boxed e-con e-parent\" data-id=\"18c0aff\" data-element_type=\"container\">\n\t\t\t\t\t<div class=\"e-con-inner\">\n\t\t<div class=\"elementor-element elementor-element-3ad54ac5 e-con-full e-flex e-con e-child\" data-id=\"3ad54ac5\" data-element_type=\"container\">\n\t\t\t\t<div class=\"elementor-element elementor-element-5af56f36 elementor-widget elementor-widget-image\" data-id=\"5af56f36\" data-element_type=\"widget\" data-widget_type=\"image.default\">\n\t\t\t\t<div class=\"elementor-widget-container\">\n\t\t\t\t\t\t\t\t\t\t\t\t\t\t\t<img fetchpriority=\"high\" decoding=\"async\" width=\"238\" height=\"772\" src=\"https:\/\/bodegahcanale.com\/wp-content\/uploads\/2024\/08\/Humberto-Canale-MB.png\" class=\"attachment-full size-full wp-image-2767\" alt=\"\" srcset=\"https:\/\/bodegahcanale.com\/wp-content\/uploads\/2024\/08\/Humberto-Canale-MB.png 238w, https:\/\/bodegahcanale.com\/wp-content\/uploads\/2024\/08\/Humberto-Canale-MB-4x12.png 4w\" sizes=\"(max-width: 238px) 100vw, 238px\" \/>\t\t\t\t\t\t\t\t\t\t\t\t\t\t\t<\/div>\n\t\t\t\t<\/div>\n\t\t\t\t<\/div>\n\t\t<div class=\"elementor-element elementor-element-114a132e e-con-full e-flex e-con e-child\" data-id=\"114a132e\" data-element_type=\"container\">\n\t\t\t\t<div class=\"elementor-element elementor-element-658d4508 elementor-widget elementor-widget-heading\" data-id=\"658d4508\" data-element_type=\"widget\" data-widget_type=\"heading.default\">\n\t\t\t\t<div class=\"elementor-widget-container\">\n\t\t\t\t\t<h2 class=\"elementor-heading-title elementor-size-default\">COMPOSI\u00c7\u00c3O<\/h2>\t\t\t\t<\/div>\n\t\t\t\t<\/div>\n\t\t\t\t<div class=\"elementor-element elementor-element-6dfd0d89 elementor-widget elementor-widget-text-editor\" data-id=\"6dfd0d89\" data-element_type=\"widget\" data-widget_type=\"text-editor.default\">\n\t\t\t\t<div class=\"elementor-widget-container\">\n\t\t\t\t\t\t\t\t\t<p>Varietal 100%<\/p>\t\t\t\t\t\t\t\t<\/div>\n\t\t\t\t<\/div>\n\t\t\t\t<div class=\"elementor-element elementor-element-5cf1e2f8 elementor-widget elementor-widget-heading\" data-id=\"5cf1e2f8\" data-element_type=\"widget\" data-widget_type=\"heading.default\">\n\t\t\t\t<div class=\"elementor-widget-container\">\n\t\t\t\t\t<h2 class=\"elementor-heading-title elementor-size-default\">ORIGEM<\/h2>\t\t\t\t<\/div>\n\t\t\t\t<\/div>\n\t\t\t\t<div class=\"elementor-element elementor-element-6d172fc elementor-widget elementor-widget-text-editor\" data-id=\"6d172fc\" data-element_type=\"widget\" data-widget_type=\"text-editor.default\">\n\t\t\t\t<div class=\"elementor-widget-container\">\n\t\t\t\t\t\t\t\t\t<p class=\" translation-block\">Finca Los Borregos. Vinhas pr\u00f3prias que datam do ano 1969 localizado em geral Roca, Vale Superior do Rio Negro, Patag\u00f4nia.<\/p>\t\t\t\t\t\t\t\t<\/div>\n\t\t\t\t<\/div>\n\t\t\t\t<div class=\"elementor-element elementor-element-46a87947 elementor-widget elementor-widget-heading\" data-id=\"46a87947\" data-element_type=\"widget\" data-widget_type=\"heading.default\">\n\t\t\t\t<div class=\"elementor-widget-container\">\n\t\t\t\t\t<h2 class=\"elementor-heading-title elementor-size-default\">SALVAR<\/h2>\t\t\t\t<\/div>\n\t\t\t\t<\/div>\n\t\t\t\t<div class=\"elementor-element elementor-element-38abba75 elementor-widget elementor-widget-text-editor\" data-id=\"38abba75\" data-element_type=\"widget\" data-widget_type=\"text-editor.default\">\n\t\t\t\t<div class=\"elementor-widget-container\">\n\t\t\t\t\t\t\t\t\t<p>10 anos<\/p>\t\t\t\t\t\t\t\t<\/div>\n\t\t\t\t<\/div>\n\t\t\t\t<div class=\"elementor-element elementor-element-6787ec7e elementor-widget elementor-widget-heading\" data-id=\"6787ec7e\" data-element_type=\"widget\" data-widget_type=\"heading.default\">\n\t\t\t\t<div class=\"elementor-widget-container\">\n\t\t\t\t\t<h2 class=\"elementor-heading-title elementor-size-default\">NOTAS DE DEGUSTA\u00c7\u00c3O<\/h2>\t\t\t\t<\/div>\n\t\t\t\t<\/div>\n\t\t\t\t<div class=\"elementor-element elementor-element-6b3587bd elementor-widget elementor-widget-text-editor\" data-id=\"6b3587bd\" data-element_type=\"widget\" data-widget_type=\"text-editor.default\">\n\t\t\t\t<div class=\"elementor-widget-container\">\n\t\t\t\t\t\t\t\t\t<p><span style=\"font-weight: 400;\">cor vermelha brilhante purp\u00fareo, de profundidade e intensidade t\u00edpica da variedade. Aromas de ameixas frescas, notas especiais que s\u00e3o combinadas com a presen\u00e7a de baunilha e torrado pelo seu envelhecimento em barris. Na boca \u00e9 um vinho que se destaca o volume, estruturado e equilibrado com sabor cheio, com uma grande persist\u00eancia.<\/span><\/p>\t\t\t\t\t\t\t\t<\/div>\n\t\t\t\t<\/div>\n\t\t\t\t<div class=\"elementor-element elementor-element-ca2f225 elementor-widget elementor-widget-eael-creative-button\" data-id=\"ca2f225\" data-element_type=\"widget\" data-widget_type=\"eael-creative-button.default\">\n\t\t\t\t<div class=\"elementor-widget-container\">\n\t\t\t\t\t        <div class=\"eael-creative-button-wrapper\">\n\n            <a class=\"eael-creative-button eael-creative-button--default\" href=\"http:\/\/bodegahcanale.com\/wp-content\/uploads\/2024\/09\/FICHA-Old-Vineyard-Malbec-Ingles.pdf\" target=\"_blank\" data-text=\"\">\n\n\t    \n                <div class=\"creative-button-inner\">\n\n                    \n                    <span class=\"cretive-button-text\">FICHA T\u00c9CNICA<\/span>\n\n                                    <\/div>\n\t                        <\/a>\n        <\/div>\n\t\t\t\t<\/div>\n\t\t\t\t<\/div>\n\t\t\t\t<div class=\"elementor-element elementor-element-409f633 elementor-widget elementor-widget-eael-creative-button\" data-id=\"409f633\" data-element_type=\"widget\" data-widget_type=\"eael-creative-button.default\">\n\t\t\t\t<div class=\"elementor-widget-container\">\n\t\t\t\t\t        <div class=\"eael-creative-button-wrapper\">\n\n            <a class=\"eael-creative-button eael-creative-button--default\" href=\"https:\/\/shop.bodegahcanale.com\/productos\/malbec-old-vineyard-finca-los-borregos-caja-x-6\/\" target=\"_blank\" data-text=\"\">\n\n\t    \n                <div class=\"creative-button-inner\">\n\n                    \n                    <span class=\"cretive-button-text\">COMPRAR<\/span>\n\n                                    <\/div>\n\t                        <\/a>\n        <\/div>\n\t\t\t\t<\/div>\n\t\t\t\t<\/div>\n\t\t\t\t<\/div>\n\t\t\t\t\t<\/div>\n\t\t\t\t<\/div>\n\t\t\t\t<\/div>","protected":false},"excerpt":{"rendered":"<p>COMPOSICI\u00d3N Varietal 100% ORIGEN Finca Los Borregos. Vi\u00f1edos propios que datan del a\u00f1o 1969 ubicados en General Roca, Alto Valle de R\u00edo Negro, Patagonia. GUARDA 10 a\u00f1os NOTA DE CATA Brillante color rojo viol\u00e1ceo, de profundidad e intensidad t\u00edpicas de la variedad. Aromas de ciruelas frescas, notas especiadas que se combinan con presencia de vainilla [&hellip;]<\/p>","protected":false},"author":1,"featured_media":0,"parent":0,"menu_order":0,"comment_status":"closed","ping_status":"closed","template":"","meta":{"footnotes":""},"class_list":["post-1140","page","type-page","status-publish","hentry"],"blocksy_meta":[],"_links":{"self":[{"href":"https:\/\/bodegahcanale.com\/por\/wp-json\/wp\/v2\/pages\/1140","targetHints":{"allow":["GET"]}}],"collection":[{"href":"https:\/\/bodegahcanale.com\/por\/wp-json\/wp\/v2\/pages"}],"about":[{"href":"https:\/\/bodegahcanale.com\/por\/wp-json\/wp\/v2\/types\/page"}],"author":[{"embeddable":true,"href":"https:\/\/bodegahcanale.com\/por\/wp-json\/wp\/v2\/users\/1"}],"replies":[{"embeddable":true,"href":"https:\/\/bodegahcanale.com\/por\/wp-json\/wp\/v2\/comments?post=1140"}],"version-history":[{"count":34,"href":"https:\/\/bodegahcanale.com\/por\/wp-json\/wp\/v2\/pages\/1140\/revisions"}],"predecessor-version":[{"id":2879,"href":"https:\/\/bodegahcanale.com\/por\/wp-json\/wp\/v2\/pages\/1140\/revisions\/2879"}],"wp:attachment":[{"href":"https:\/\/bodegahcanale.com\/por\/wp-json\/wp\/v2\/media?parent=1140"}],"curies":[{"name":"wp","href":"https:\/\/api.w.org\/{rel}","templated":true}]}}