{"id":1123,"date":"2023-08-25T18:19:49","date_gmt":"2023-08-25T21:19:49","guid":{"rendered":"http:\/\/desabhc.ticma.com.ar\/?page_id=1123"},"modified":"2025-05-22T10:19:49","modified_gmt":"2025-05-22T13:19:49","slug":"humberto-canale-old-vineyard","status":"publish","type":"page","link":"https:\/\/bodegahcanale.com\/por\/humberto-canale-old-vineyard\/","title":{"rendered":"Humberto Canale Old Vineyard"},"content":{"rendered":"<div data-elementor-type=\"wp-page\" data-elementor-id=\"1123\" class=\"elementor elementor-1123\" data-elementor-post-type=\"page\">\n\t\t\t\t<div class=\"elementor-element elementor-element-d6569c0 e-con-full e-flex e-con e-parent\" data-id=\"d6569c0\" data-element_type=\"container\" data-settings=\"{&quot;background_background&quot;:&quot;classic&quot;}\">\n\t\t\t\t<\/div>\n\t\t<div class=\"elementor-element elementor-element-447bc563 e-flex e-con-boxed e-con e-parent\" data-id=\"447bc563\" data-element_type=\"container\" data-settings=\"{&quot;background_background&quot;:&quot;classic&quot;}\">\n\t\t\t\t\t<div class=\"e-con-inner\">\n\t\t<div class=\"elementor-element elementor-element-11a71fc0 e-flex e-con-boxed e-con e-child\" data-id=\"11a71fc0\" data-element_type=\"container\">\n\t\t\t\t\t<div class=\"e-con-inner\">\n\t\t\t\t<div class=\"elementor-element elementor-element-5a787a8 elementor-widget elementor-widget-heading\" data-id=\"5a787a8\" data-element_type=\"widget\" data-widget_type=\"heading.default\">\n\t\t\t\t<div class=\"elementor-widget-container\">\n\t\t\t\t\t<h1 class=\"elementor-heading-title elementor-size-default\">HUMBERTO CANALE OLD VINEYARD<\/h1>\t\t\t\t<\/div>\n\t\t\t\t<\/div>\n\t\t\t\t<div class=\"elementor-element elementor-element-77300026 elementor-widget elementor-widget-text-editor\" data-id=\"77300026\" data-element_type=\"widget\" data-widget_type=\"text-editor.default\">\n\t\t\t\t<div class=\"elementor-widget-container\">\n\t\t\t\t\t\t\t\t\t<p class=\" translation-block\">Esta linha de vinhos prov\u00e9m das vinhas mais antigas da adega e cada variedade inspira-se nas diferentes personalidades dos netos da fam\u00edlia. O requinte e eleg\u00e2ncia de Pinot Noir e a delicadeza e sedu\u00e7\u00e3o de Riesling foram associados com as meninas, enquanto Malbec foi claramente inspirado por homens, forte, robusto, com uma grande personalidade, mas ao mesmo tempo quente, doce e original.<\/p>\t\t\t\t\t\t\t\t<\/div>\n\t\t\t\t<\/div>\n\t\t\t\t\t<\/div>\n\t\t\t\t<\/div>\n\t\t\t\t\t<\/div>\n\t\t\t\t<\/div>\n\t\t<div class=\"elementor-element elementor-element-32387d13 e-con-full e-flex e-con e-parent\" data-id=\"32387d13\" data-element_type=\"container\" data-settings=\"{&quot;background_background&quot;:&quot;classic&quot;}\">\n\t\t<div class=\"elementor-element elementor-element-374cfb50 e-con-full e-flex e-con e-child\" data-id=\"374cfb50\" data-element_type=\"container\">\n\t\t\t\t<div class=\"elementor-element elementor-element-21458d animated-fast eael-infobox-content-align--center eael-infobox-shape-square eael-infobox-hover-img-shape-square elementor-invisible elementor-widget elementor-widget-eael-info-box\" data-id=\"21458d\" data-element_type=\"widget\" data-settings=\"{&quot;_animation&quot;:&quot;zoomIn&quot;,&quot;_animation_delay&quot;:200}\" data-widget_type=\"eael-info-box.default\">\n\t\t\t\t<div class=\"elementor-widget-container\">\n\t\t\t\t\t            <a href=\"https:\/\/bodegahcanale.com\/por\/old-vineyard-pinot-noir\/\">\n\t            <div class=\"eael-infobox\">\n\t            <div class=\"infobox-icon elementor-animation-float\">\n\n                            <img decoding=\"async\" src=\"https:\/\/bodegahcanale.com\/wp-content\/uploads\/2024\/08\/Humberto-Canale-Pinot.png\" alt=\"\">\n            \n            \n            \n        <\/div>\n            <div class=\"infobox-content\">\n            <div>OLD VINEYARD<br> PINOT NOIR<\/div>        <\/div>\n            <\/div>\n\n\t\t            <\/a>\n\t\t\t\t\t\t<\/div>\n\t\t\t\t<\/div>\n\t\t\t\t<\/div>\n\t\t<div class=\"elementor-element elementor-element-37650f8e e-con-full e-flex e-con e-child\" data-id=\"37650f8e\" data-element_type=\"container\">\n\t\t\t\t<div class=\"elementor-element elementor-element-1913dd80 animated-fast eael-infobox-content-align--center eael-infobox-shape-square eael-infobox-hover-img-shape-square elementor-invisible elementor-widget elementor-widget-eael-info-box\" data-id=\"1913dd80\" data-element_type=\"widget\" data-settings=\"{&quot;_animation&quot;:&quot;zoomIn&quot;,&quot;_animation_delay&quot;:300}\" data-widget_type=\"eael-info-box.default\">\n\t\t\t\t<div class=\"elementor-widget-container\">\n\t\t\t\t\t            <a href=\"https:\/\/bodegahcanale.com\/por\/old-vineyard-riesling\/\">\n\t            <div class=\"eael-infobox\">\n\t            <div class=\"infobox-icon elementor-animation-float\">\n\n                            <img decoding=\"async\" src=\"https:\/\/bodegahcanale.com\/wp-content\/uploads\/2024\/08\/Humberto-Canale-RIESLING.png\" alt=\"\">\n            \n            \n            \n        <\/div>\n            <div class=\"infobox-content\">\n            <div>OLD VINEYARD<br>\nRIESLING<\/div>        <\/div>\n            <\/div>\n\n\t\t            <\/a>\n\t\t\t\t\t\t<\/div>\n\t\t\t\t<\/div>\n\t\t\t\t<\/div>\n\t\t<div class=\"elementor-element elementor-element-16080ff1 e-con-full e-flex e-con e-child\" data-id=\"16080ff1\" data-element_type=\"container\">\n\t\t\t\t<div class=\"elementor-element elementor-element-1b370786 animated-fast eael-infobox-content-align--center eael-infobox-shape-square eael-infobox-hover-img-shape-square elementor-invisible elementor-widget elementor-widget-eael-info-box\" data-id=\"1b370786\" data-element_type=\"widget\" data-settings=\"{&quot;_animation&quot;:&quot;zoomIn&quot;,&quot;_animation_delay&quot;:400}\" data-widget_type=\"eael-info-box.default\">\n\t\t\t\t<div class=\"elementor-widget-container\">\n\t\t\t\t\t            <a href=\"https:\/\/bodegahcanale.com\/por\/old-vineyard-semillon\/\">\n\t            <div class=\"eael-infobox\">\n\t            <div class=\"infobox-icon elementor-animation-float\">\n\n                            <img decoding=\"async\" src=\"https:\/\/bodegahcanale.com\/wp-content\/uploads\/2024\/08\/Humberto-Canale-Semillon.png\" alt=\"\">\n            \n            \n            \n        <\/div>\n            <div class=\"infobox-content\">\n            <div>OLD VINEYARD<br>\nSEMILL\u00d3N<\/div>        <\/div>\n            <\/div>\n\n\t\t            <\/a>\n\t\t\t\t\t\t<\/div>\n\t\t\t\t<\/div>\n\t\t\t\t<\/div>\n\t\t<div class=\"elementor-element elementor-element-72d83dd4 e-con-full e-flex e-con e-child\" data-id=\"72d83dd4\" data-element_type=\"container\">\n\t\t\t\t<div class=\"elementor-element elementor-element-36fc436 animated-fast eael-infobox-content-align--center eael-infobox-shape-square eael-infobox-hover-img-shape-square elementor-invisible elementor-widget elementor-widget-eael-info-box\" data-id=\"36fc436\" data-element_type=\"widget\" data-settings=\"{&quot;_animation&quot;:&quot;zoomIn&quot;,&quot;_animation_delay&quot;:100}\" data-widget_type=\"eael-info-box.default\">\n\t\t\t\t<div class=\"elementor-widget-container\">\n\t\t\t\t\t            <a href=\"https:\/\/bodegahcanale.com\/por\/old-vineyard-malbec\/\">\n\t            <div class=\"eael-infobox\">\n\t            <div class=\"infobox-icon elementor-animation-float\">\n\n                            <img decoding=\"async\" src=\"https:\/\/bodegahcanale.com\/wp-content\/uploads\/2024\/08\/Humberto-Canale-MB.png\" alt=\"\">\n            \n            \n            \n        <\/div>\n            <div class=\"infobox-content\">\n            <div>OLD VINEYARD<br>\nMALBEC<\/div>        <\/div>\n            <\/div>\n\n\t\t            <\/a>\n\t\t\t\t\t\t<\/div>\n\t\t\t\t<\/div>\n\t\t\t\t<\/div>\n\t\t<div class=\"elementor-element elementor-element-4aeb1a e-con-full e-flex e-con e-child\" data-id=\"4aeb1a\" data-element_type=\"container\">\n\t\t\t\t<div class=\"elementor-element elementor-element-1f2d2822 animated-fast eael-infobox-content-align--center eael-infobox-shape-square eael-infobox-hover-img-shape-square elementor-invisible elementor-widget elementor-widget-eael-info-box\" data-id=\"1f2d2822\" data-element_type=\"widget\" data-settings=\"{&quot;_animation&quot;:&quot;zoomIn&quot;,&quot;_animation_delay&quot;:600}\" data-widget_type=\"eael-info-box.default\">\n\t\t\t\t<div class=\"elementor-widget-container\">\n\t\t\t\t\t            <a href=\"https:\/\/bodegahcanale.com\/por\/old-vineyard-red-blend\/\">\n\t            <div class=\"eael-infobox\">\n\t            <div class=\"infobox-icon elementor-animation-float\">\n\n                            <img decoding=\"async\" src=\"https:\/\/bodegahcanale.com\/wp-content\/uploads\/2024\/08\/Humberto-Canale-470OTRO.png\" alt=\"\">\n            \n            \n            \n        <\/div>\n            <div class=\"infobox-content\">\n            <div><p>OLD VINEYARD<br \/>BLEND<\/p><\/div>        <\/div>\n            <\/div>\n\n\t\t            <\/a>\n\t\t\t\t\t\t<\/div>\n\t\t\t\t<\/div>\n\t\t\t\t<\/div>\n\t\t<div class=\"elementor-element elementor-element-a60cb48 e-con-full e-flex e-con e-child\" data-id=\"a60cb48\" data-element_type=\"container\">\n\t\t\t\t<div class=\"elementor-element elementor-element-bd2c4d8 animated-fast eael-infobox-content-align--center eael-infobox-shape-square eael-infobox-hover-img-shape-square elementor-invisible elementor-widget elementor-widget-eael-info-box\" data-id=\"bd2c4d8\" data-element_type=\"widget\" data-settings=\"{&quot;_animation&quot;:&quot;zoomIn&quot;,&quot;_animation_delay&quot;:300}\" data-widget_type=\"eael-info-box.default\">\n\t\t\t\t<div class=\"elementor-widget-container\">\n\t\t\t\t\t            <a href=\"https:\/\/bodegahcanale.com\/por\/old-vineyard-riesling-cosecha-de-excepcion\/\">\n\t            <div class=\"eael-infobox\">\n\t            <div class=\"infobox-icon elementor-animation-float\">\n\n                            <img decoding=\"async\" src=\"https:\/\/bodegahcanale.com\/wp-content\/uploads\/2025\/05\/riesling-cosecha-excepcion-scaled.png\" alt=\"\">\n            \n            \n            \n        <\/div>\n            <div class=\"infobox-content\">\n            <div><p>OLD VINEYARD<br \/>RIESLING &#8211; COSECHA DE EXCEPCI\u00d3N<\/p><\/div>        <\/div>\n            <\/div>\n\n\t\t            <\/a>\n\t\t\t\t\t\t<\/div>\n\t\t\t\t<\/div>\n\t\t\t\t<\/div>\n\t\t\t\t<\/div>\n\t\t<div class=\"elementor-element elementor-element-5e61d560 e-flex e-con-boxed e-con e-parent\" data-id=\"5e61d560\" data-element_type=\"container\">\n\t\t\t\t\t<div class=\"e-con-inner\">\n\t\t\t\t<div class=\"elementor-element elementor-element-2e7bd35b elementor-widget elementor-widget-image\" data-id=\"2e7bd35b\" data-element_type=\"widget\" data-widget_type=\"image.default\">\n\t\t\t\t<div class=\"elementor-widget-container\">\n\t\t\t\t\t\t\t\t\t\t\t\t\t\t\t<img decoding=\"async\" width=\"210\" height=\"210\" src=\"https:\/\/bodegahcanale.com\/wp-content\/uploads\/2023\/08\/iso-12.svg\" class=\"attachment-large size-large wp-image-716\" alt=\"\" \/>\t\t\t\t\t\t\t\t\t\t\t\t\t\t\t<\/div>\n\t\t\t\t<\/div>\n\t\t\t\t\t<\/div>\n\t\t\t\t<\/div>\n\t\t\t\t<\/div>","protected":false},"excerpt":{"rendered":"<p>HUMBERTO CANALE OLD VINEYARD La colecci\u00f3n de varietales que representa m\u00e1s profundamente el esp\u00edritu y legado de nuestra centenaria familia. Elaborados con una cuidada selecci\u00f3n de nuestras vides m\u00e1s antiguas, son pura historia y manifestaci\u00f3n de un terroir \u00fanico en el mundo que se expresa en vinos refinados, seductores y exquisitamente inigualables. OLD VINEYARD PINOT [&hellip;]<\/p>","protected":false},"author":1,"featured_media":0,"parent":0,"menu_order":0,"comment_status":"closed","ping_status":"closed","template":"","meta":{"footnotes":""},"class_list":["post-1123","page","type-page","status-publish","hentry"],"blocksy_meta":[],"_links":{"self":[{"href":"https:\/\/bodegahcanale.com\/por\/wp-json\/wp\/v2\/pages\/1123","targetHints":{"allow":["GET"]}}],"collection":[{"href":"https:\/\/bodegahcanale.com\/por\/wp-json\/wp\/v2\/pages"}],"about":[{"href":"https:\/\/bodegahcanale.com\/por\/wp-json\/wp\/v2\/types\/page"}],"author":[{"embeddable":true,"href":"https:\/\/bodegahcanale.com\/por\/wp-json\/wp\/v2\/users\/1"}],"replies":[{"embeddable":true,"href":"https:\/\/bodegahcanale.com\/por\/wp-json\/wp\/v2\/comments?post=1123"}],"version-history":[{"count":95,"href":"https:\/\/bodegahcanale.com\/por\/wp-json\/wp\/v2\/pages\/1123\/revisions"}],"predecessor-version":[{"id":3021,"href":"https:\/\/bodegahcanale.com\/por\/wp-json\/wp\/v2\/pages\/1123\/revisions\/3021"}],"wp:attachment":[{"href":"https:\/\/bodegahcanale.com\/por\/wp-json\/wp\/v2\/media?parent=1123"}],"curies":[{"name":"wp","href":"https:\/\/api.w.org\/{rel}","templated":true}]}}