{"id":89,"date":"2023-08-09T13:13:16","date_gmt":"2023-08-09T16:13:16","guid":{"rendered":"http:\/\/desabhc.ticma.com.ar\/?page_id=89"},"modified":"2024-12-17T10:51:53","modified_gmt":"2024-12-17T13:51:53","slug":"terroir","status":"publish","type":"page","link":"https:\/\/bodegahcanale.com\/eng\/terroir\/","title":{"rendered":"Terroir"},"content":{"rendered":"<div data-elementor-type=\"wp-page\" data-elementor-id=\"89\" class=\"elementor elementor-89\" data-elementor-post-type=\"page\">\n\t\t\t\t<div class=\"elementor-element elementor-element-2d3185b4 e-con-full e-flex e-con e-parent\" data-id=\"2d3185b4\" data-element_type=\"container\" data-settings=\"{&quot;background_background&quot;:&quot;classic&quot;}\">\n\t\t\t\t<\/div>\n\t\t<div class=\"elementor-element elementor-element-3b82d45e e-flex e-con-boxed e-con e-parent\" data-id=\"3b82d45e\" data-element_type=\"container\" data-settings=\"{&quot;background_background&quot;:&quot;classic&quot;}\">\n\t\t\t\t\t<div class=\"e-con-inner\">\n\t\t<div class=\"elementor-element elementor-element-32f71d26 e-flex e-con-boxed e-con e-child\" data-id=\"32f71d26\" data-element_type=\"container\">\n\t\t\t\t\t<div class=\"e-con-inner\">\n\t\t\t\t<div class=\"elementor-element elementor-element-6977152b elementor-widget elementor-widget-heading\" data-id=\"6977152b\" data-element_type=\"widget\" data-widget_type=\"heading.default\">\n\t\t\t\t<div class=\"elementor-widget-container\">\n\t\t\t\t\t<h1 class=\"elementor-heading-title elementor-size-default\">Committed to the terroir<\/h1>\t\t\t\t<\/div>\n\t\t\t\t<\/div>\n\t\t\t\t<div class=\"elementor-element elementor-element-9dd7c6e elementor-widget elementor-widget-text-editor\" data-id=\"9dd7c6e\" data-element_type=\"widget\" data-widget_type=\"text-editor.default\">\n\t\t\t\t<div class=\"elementor-widget-container\">\n\t\t\t\t\t\t\t\t\t<p>Our winery is located at 39.2 degrees south latitude, in Patagonia Argentina, in the Upper valley of the Rio Negro<\/p>\t\t\t\t\t\t\t\t<\/div>\n\t\t\t\t<\/div>\n\t\t\t\t<div class=\"elementor-element elementor-element-5fad052 elementor-widget elementor-widget-text-editor\" data-id=\"5fad052\" data-element_type=\"widget\" data-widget_type=\"text-editor.default\">\n\t\t\t\t<div class=\"elementor-widget-container\">\n\t\t\t\t\t\t\t\t\t<p>The upper valley of the Rio Negro is the pioneering wine region and the source of most of the best Patagonian wines.<\/p>\t\t\t\t\t\t\t\t<\/div>\n\t\t\t\t<\/div>\n\t\t\t\t<div class=\"elementor-element elementor-element-5458760 elementor-widget elementor-widget-text-editor\" data-id=\"5458760\" data-element_type=\"widget\" data-widget_type=\"text-editor.default\">\n\t\t\t\t<div class=\"elementor-widget-container\">\n\t\t\t\t\t\t\t\t\t<p class=\" translation-block\">The most important factor that distinct our wines is our south latitude.<\/p>\t\t\t\t\t\t\t\t<\/div>\n\t\t\t\t<\/div>\n\t\t\t\t\t<\/div>\n\t\t\t\t<\/div>\n\t\t\t\t\t<\/div>\n\t\t\t\t<\/div>\n\t\t<div class=\"elementor-element elementor-element-dae68d0 e-flex e-con-boxed e-con e-parent\" data-id=\"dae68d0\" data-element_type=\"container\">\n\t\t\t\t\t<div class=\"e-con-inner\">\n\t\t<div class=\"elementor-element elementor-element-e301f8d e-con-full e-flex e-con e-child\" data-id=\"e301f8d\" data-element_type=\"container\">\n\t\t\t\t<div class=\"elementor-element elementor-element-cce7842 elementor-widget elementor-widget-image\" data-id=\"cce7842\" data-element_type=\"widget\" data-widget_type=\"image.default\">\n\t\t\t\t<div class=\"elementor-widget-container\">\n\t\t\t\t\t\t\t\t\t\t\t\t\t\t\t<img fetchpriority=\"high\" decoding=\"async\" width=\"550\" height=\"270\" src=\"https:\/\/bodegahcanale.com\/wp-content\/uploads\/2023\/09\/climaterroir.jpg\" class=\"attachment-full size-full wp-image-2025\" alt=\"\" srcset=\"https:\/\/bodegahcanale.com\/wp-content\/uploads\/2023\/09\/climaterroir.jpg 550w, https:\/\/bodegahcanale.com\/wp-content\/uploads\/2023\/09\/climaterroir-300x147.jpg 300w\" sizes=\"(max-width: 550px) 100vw, 550px\" \/>\t\t\t\t\t\t\t\t\t\t\t\t\t\t\t<\/div>\n\t\t\t\t<\/div>\n\t\t\t\t<div class=\"elementor-element elementor-element-7ac46a4 elementor-widget elementor-widget-heading\" data-id=\"7ac46a4\" data-element_type=\"widget\" data-widget_type=\"heading.default\">\n\t\t\t\t<div class=\"elementor-widget-container\">\n\t\t\t\t\t<h1 class=\"elementor-heading-title elementor-size-default\">The weather<\/h1>\t\t\t\t<\/div>\n\t\t\t\t<\/div>\n\t\t\t\t<div class=\"elementor-element elementor-element-29547bf elementor-widget elementor-widget-text-editor\" data-id=\"29547bf\" data-element_type=\"widget\" data-widget_type=\"text-editor.default\">\n\t\t\t\t<div class=\"elementor-widget-container\">\n\t\t\t\t\t\t\t\t\t<p>Es una regi\u00f3n con un clima continental des\u00e9rtico, en el que se alternan noches muy fr\u00edas y d\u00edas de sol intensos, con gran amplitud t\u00e9rmica, sobre todo durante los veinte d\u00edas previos a la cosecha cuando alcanza una temperatura de 18\u00ba C.<\/p>\t\t\t\t\t\t\t\t<\/div>\n\t\t\t\t<\/div>\n\t\t\t\t<div class=\"elementor-element elementor-element-8f72435 elementor-widget elementor-widget-text-editor\" data-id=\"8f72435\" data-element_type=\"widget\" data-widget_type=\"text-editor.default\">\n\t\t\t\t<div class=\"elementor-widget-container\">\n\t\t\t\t\t\t\t\t\t<p>El clima de car\u00e1cter fresco a templado. El promedio de lluvia anual de 180 a 200 mm concentradas en los meses m\u00e1s fr\u00edos del a\u00f1o, contribuyendo a la sanidad natural de la vid.<\/p>\t\t\t\t\t\t\t\t<\/div>\n\t\t\t\t<\/div>\n\t\t\t\t<\/div>\n\t\t<div class=\"elementor-element elementor-element-a5e7bd3 e-con-full e-flex e-con e-child\" data-id=\"a5e7bd3\" data-element_type=\"container\">\n\t\t\t\t<div class=\"elementor-element elementor-element-e0c79cd elementor-widget elementor-widget-image\" data-id=\"e0c79cd\" data-element_type=\"widget\" data-widget_type=\"image.default\">\n\t\t\t\t<div class=\"elementor-widget-container\">\n\t\t\t\t\t\t\t\t\t\t\t\t\t\t\t<img decoding=\"async\" width=\"550\" height=\"270\" src=\"https:\/\/bodegahcanale.com\/wp-content\/uploads\/2023\/09\/vientoterroir.jpg\" class=\"attachment-full size-full wp-image-2027\" alt=\"\" srcset=\"https:\/\/bodegahcanale.com\/wp-content\/uploads\/2023\/09\/vientoterroir.jpg 550w, https:\/\/bodegahcanale.com\/wp-content\/uploads\/2023\/09\/vientoterroir-300x147.jpg 300w\" sizes=\"(max-width: 550px) 100vw, 550px\" \/>\t\t\t\t\t\t\t\t\t\t\t\t\t\t\t<\/div>\n\t\t\t\t<\/div>\n\t\t\t\t<div class=\"elementor-element elementor-element-ff52bf8 elementor-widget elementor-widget-heading\" data-id=\"ff52bf8\" data-element_type=\"widget\" data-widget_type=\"heading.default\">\n\t\t\t\t<div class=\"elementor-widget-container\">\n\t\t\t\t\t<h1 class=\"elementor-heading-title elementor-size-default\">Wind<\/h1>\t\t\t\t<\/div>\n\t\t\t\t<\/div>\n\t\t\t\t<div class=\"elementor-element elementor-element-8869104 elementor-widget elementor-widget-text-editor\" data-id=\"8869104\" data-element_type=\"widget\" data-widget_type=\"text-editor.default\">\n\t\t\t\t<div class=\"elementor-widget-container\">\n\t\t\t\t\t\t\t\t\t<p><span style=\"font-weight: 400;\">Los vientos son un sello de <\/span><span style=\"font-weight: 400;\">la Patagonia<\/span><span style=\"font-weight: 400;\">. Son vientos del oeste, intensos, secos, constantes y frescos que colaboran en la <\/span><span style=\"font-weight: 400;\">calidad y sanidad <\/span><span style=\"font-weight: 400;\">del racimo. Estos vientos hacen que la vid genere un sistema de defensa engrosando la piel, lo que produce una mayor concentraci\u00f3n y m\u00e1s color en los vinos.<\/span><\/p>\t\t\t\t\t\t\t\t<\/div>\n\t\t\t\t<\/div>\n\t\t\t\t<\/div>\n\t\t<div class=\"elementor-element elementor-element-a60dafc e-con-full e-flex e-con e-child\" data-id=\"a60dafc\" data-element_type=\"container\">\n\t\t\t\t<div class=\"elementor-element elementor-element-040c7bf elementor-widget elementor-widget-image\" data-id=\"040c7bf\" data-element_type=\"widget\" data-widget_type=\"image.default\">\n\t\t\t\t<div class=\"elementor-widget-container\">\n\t\t\t\t\t\t\t\t\t\t\t\t\t\t\t<img decoding=\"async\" width=\"550\" height=\"270\" src=\"https:\/\/bodegahcanale.com\/wp-content\/uploads\/2023\/09\/sueloterroir.jpg\" class=\"attachment-full size-full wp-image-2024\" alt=\"\" srcset=\"https:\/\/bodegahcanale.com\/wp-content\/uploads\/2023\/09\/sueloterroir.jpg 550w, https:\/\/bodegahcanale.com\/wp-content\/uploads\/2023\/09\/sueloterroir-300x147.jpg 300w\" sizes=\"(max-width: 550px) 100vw, 550px\" \/>\t\t\t\t\t\t\t\t\t\t\t\t\t\t\t<\/div>\n\t\t\t\t<\/div>\n\t\t\t\t<div class=\"elementor-element elementor-element-f1d4d26 elementor-widget elementor-widget-heading\" data-id=\"f1d4d26\" data-element_type=\"widget\" data-widget_type=\"heading.default\">\n\t\t\t\t<div class=\"elementor-widget-container\">\n\t\t\t\t\t<h1 class=\"elementor-heading-title elementor-size-default\">Soil<\/h1>\t\t\t\t<\/div>\n\t\t\t\t<\/div>\n\t\t\t\t<div class=\"elementor-element elementor-element-2d006cd elementor-widget elementor-widget-text-editor\" data-id=\"2d006cd\" data-element_type=\"widget\" data-widget_type=\"text-editor.default\">\n\t\t\t\t<div class=\"elementor-widget-container\">\n\t\t\t\t\t\t\t\t\t<p><span style=\"font-weight: 400;\">De origen aluvial, estos suelos se formaron hace cinco millones de a\u00f1os a partir del efecto <\/span><span style=\"font-weight: 400;\">de los glaciares que dominaban gran parte de la regi\u00f3n patag\u00f3nica.<\/span><\/p>\t\t\t\t\t\t\t\t<\/div>\n\t\t\t\t<\/div>\n\t\t\t\t<div class=\"elementor-element elementor-element-c972155 elementor-widget elementor-widget-text-editor\" data-id=\"c972155\" data-element_type=\"widget\" data-widget_type=\"text-editor.default\">\n\t\t\t\t<div class=\"elementor-widget-container\">\n\t\t\t\t\t\t\t\t\t<p class=\" translation-block\"><span> <\/span><\/p>\t\t\t\t\t\t\t\t<\/div>\n\t\t\t\t<\/div>\n\t\t\t\t<\/div>\n\t\t<div class=\"elementor-element elementor-element-6ff432d e-con-full e-flex e-con e-child\" data-id=\"6ff432d\" data-element_type=\"container\">\n\t\t\t\t<div class=\"elementor-element elementor-element-d944961 elementor-widget elementor-widget-image\" data-id=\"d944961\" data-element_type=\"widget\" data-widget_type=\"image.default\">\n\t\t\t\t<div class=\"elementor-widget-container\">\n\t\t\t\t\t\t\t\t\t\t\t\t\t\t\t<img loading=\"lazy\" decoding=\"async\" width=\"550\" height=\"270\" src=\"https:\/\/bodegahcanale.com\/wp-content\/uploads\/2023\/09\/riegoterroir.jpg\" class=\"attachment-full size-full wp-image-2026\" alt=\"\" srcset=\"https:\/\/bodegahcanale.com\/wp-content\/uploads\/2023\/09\/riegoterroir.jpg 550w, https:\/\/bodegahcanale.com\/wp-content\/uploads\/2023\/09\/riegoterroir-300x147.jpg 300w\" sizes=\"(max-width: 550px) 100vw, 550px\" \/>\t\t\t\t\t\t\t\t\t\t\t\t\t\t\t<\/div>\n\t\t\t\t<\/div>\n\t\t\t\t<div class=\"elementor-element elementor-element-0273fb9 elementor-widget elementor-widget-heading\" data-id=\"0273fb9\" data-element_type=\"widget\" data-widget_type=\"heading.default\">\n\t\t\t\t<div class=\"elementor-widget-container\">\n\t\t\t\t\t<h1 class=\"elementor-heading-title elementor-size-default\">Irrigation<\/h1>\t\t\t\t<\/div>\n\t\t\t\t<\/div>\n\t\t\t\t<div class=\"elementor-element elementor-element-bca1513 elementor-widget elementor-widget-text-editor\" data-id=\"bca1513\" data-element_type=\"widget\" data-widget_type=\"text-editor.default\">\n\t\t\t\t<div class=\"elementor-widget-container\">\n\t\t\t\t\t\t\t\t\t<p>Lo excepcional de estas aguas se debe a su origen, los glaciares de altura de la Cordillera de los Andes, desde donde descienden por los r\u00edos de monta\u00f1a Limay y Neuqu\u00e9n, que al unirse dan vida al R\u00edo Negro. Con un importante caudal durante los 365 d\u00edas del a\u00f1o y una extensi\u00f3n total de 550 kil\u00f3metros hasta su desembocadura en el Oc\u00e9ano Atl\u00e1ntico. El R\u00edo Negro transporta aguas de notable pureza, pH neutro y con ausencia de sales y sodio.<\/p>\t\t\t\t\t\t\t\t<\/div>\n\t\t\t\t<\/div>\n\t\t\t\t<div class=\"elementor-element elementor-element-35db07a elementor-widget elementor-widget-text-editor\" data-id=\"35db07a\" data-element_type=\"widget\" data-widget_type=\"text-editor.default\">\n\t\t\t\t<div class=\"elementor-widget-container\">\n\t\t\t\t\t\t\t\t\t<p>El riego es gravitacional, en canales y acequias. El agua proviene del deshielo de los Andes y es de alta calidad y pureza.<\/p>\t\t\t\t\t\t\t\t<\/div>\n\t\t\t\t<\/div>\n\t\t\t\t<\/div>\n\t\t\t\t\t<\/div>\n\t\t\t\t<\/div>\n\t\t<div class=\"elementor-element elementor-element-dfdf81f e-flex e-con-boxed e-con e-parent\" data-id=\"dfdf81f\" data-element_type=\"container\" data-settings=\"{&quot;background_background&quot;:&quot;classic&quot;}\">\n\t\t\t\t\t<div class=\"e-con-inner\">\n\t\t\t\t\t<\/div>\n\t\t\t\t<\/div>\n\t\t<div class=\"elementor-element elementor-element-f73eb9c e-flex e-con-boxed e-con e-parent\" data-id=\"f73eb9c\" data-element_type=\"container\" data-settings=\"{&quot;background_background&quot;:&quot;classic&quot;}\">\n\t\t\t\t\t<div class=\"e-con-inner\">\n\t\t<div class=\"elementor-element elementor-element-e2ac27a e-flex e-con-boxed e-con e-child\" data-id=\"e2ac27a\" data-element_type=\"container\">\n\t\t\t\t\t<div class=\"e-con-inner\">\n\t\t\t\t<div class=\"elementor-element elementor-element-2a56c87 elementor-widget elementor-widget-heading\" data-id=\"2a56c87\" data-element_type=\"widget\" data-widget_type=\"heading.default\">\n\t\t\t\t<div class=\"elementor-widget-container\">\n\t\t\t\t\t<h1 class=\"elementor-heading-title elementor-size-default\">Sustentabilidad<\/h1>\t\t\t\t<\/div>\n\t\t\t\t<\/div>\n\t\t\t\t<div class=\"elementor-element elementor-element-8bf3848 elementor-widget elementor-widget-text-editor\" data-id=\"8bf3848\" data-element_type=\"widget\" data-widget_type=\"text-editor.default\">\n\t\t\t\t<div class=\"elementor-widget-container\">\n\t\t\t\t\t\t\t\t\t<p>Para Humberto Canale ser responsables con la protecci\u00f3n del medioambiente es un compromiso asumido desde sus inicios. Justamente fue el mismo fundador uno de los encargados de sentar las bases para el cultivo en el Alto Valle de R\u00edo Negro a partir de un sistema de uso consciente de las aguas de ese caudal.<\/p>\t\t\t\t\t\t\t\t<\/div>\n\t\t\t\t<\/div>\n\t\t\t\t<div class=\"elementor-element elementor-element-cca3f78 elementor-widget elementor-widget-text-editor\" data-id=\"cca3f78\" data-element_type=\"widget\" data-widget_type=\"text-editor.default\">\n\t\t\t\t<div class=\"elementor-widget-container\">\n\t\t\t\t\t\t\t\t\t<p>De este modo, durante el \u00faltimo siglo los descendientes de Humberto Canale actuaron como guardianes del patrimonio natural del Alto Valle. Cada uno hizo aportes que ayudaron a la optimizaci\u00f3n y la protecci\u00f3n de los recursos naturales de laregi\u00f3n.<\/p>\t\t\t\t\t\t\t\t<\/div>\n\t\t\t\t<\/div>\n\t\t\t\t<div class=\"elementor-element elementor-element-6b6ff0e elementor-widget elementor-widget-text-editor\" data-id=\"6b6ff0e\" data-element_type=\"widget\" data-widget_type=\"text-editor.default\">\n\t\t\t\t<div class=\"elementor-widget-container\">\n\t\t\t\t\t\t\t\t\t<p>Todo este esfuerzo y compromiso se materializ\u00f3 durante los \u00faltimos veinte a\u00f1os en la obtenci\u00f3n de las m\u00e1s exigentescerticaciones internacionales referidas a buenas pr\u00e1cticas agr\u00edcolas, manejo de cultivo Pinots y producci\u00f3n, adem\u00e1s de lasespecialidades en <strong>Responsabilidad Social Empresaria y Sustentabilidad.<\/strong><\/p>\t\t\t\t\t\t\t\t<\/div>\n\t\t\t\t<\/div>\n\t\t\t\t<div class=\"elementor-element elementor-element-c200429 elementor-widget elementor-widget-text-editor\" data-id=\"c200429\" data-element_type=\"widget\" data-widget_type=\"text-editor.default\">\n\t\t\t\t<div class=\"elementor-widget-container\">\n\t\t\t\t\t\t\t\t\t<p><span style=\"font-weight: 400;\">Hoy d\u00eda, el 70% de las necesidades de energ\u00eda que demanda la Bodega est\u00e1 generada por paneles solares que cubren los techos que parecen brillantes espejos<\/span><\/p>\t\t\t\t\t\t\t\t<\/div>\n\t\t\t\t<\/div>\n\t\t\t\t<div class=\"elementor-element elementor-element-ca8ef65 elementor-widget elementor-widget-image\" data-id=\"ca8ef65\" data-element_type=\"widget\" data-widget_type=\"image.default\">\n\t\t\t\t<div class=\"elementor-widget-container\">\n\t\t\t\t\t\t\t\t\t\t\t\t\t\t\t<img loading=\"lazy\" decoding=\"async\" width=\"211\" height=\"211\" src=\"https:\/\/bodegahcanale.com\/wp-content\/uploads\/2023\/10\/sustentabilidad-17.webp\" class=\"attachment-large size-large wp-image-2174\" alt=\"\" srcset=\"https:\/\/bodegahcanale.com\/wp-content\/uploads\/2023\/10\/sustentabilidad-17.webp 211w, https:\/\/bodegahcanale.com\/wp-content\/uploads\/2023\/10\/sustentabilidad-17-150x150.webp 150w\" sizes=\"(max-width: 211px) 100vw, 211px\" \/>\t\t\t\t\t\t\t\t\t\t\t\t\t\t\t<\/div>\n\t\t\t\t<\/div>\n\t\t\t\t\t<\/div>\n\t\t\t\t<\/div>\n\t\t\t\t\t<\/div>\n\t\t\t\t<\/div>\n\t\t\t\t<\/div>","protected":false},"excerpt":{"rendered":"<p>Comprometidos con el terroir Humberto Canale se encuentra a 39.2\u00b0 de latitud sur, en el Alto Valle del R\u00edo Negro, un para\u00edso de vides en la Patagonia. El Alto Valle es la regi\u00f3n vitivin\u00edcola pionera y origen de los mejores vinos del sur argentino. La latitud determina las condiciones ideales para denir la identidad de [&hellip;]<\/p>","protected":false},"author":1,"featured_media":0,"parent":0,"menu_order":0,"comment_status":"closed","ping_status":"closed","template":"elementor_header_footer","meta":{"footnotes":""},"class_list":["post-89","page","type-page","status-publish","hentry"],"blocksy_meta":[],"_links":{"self":[{"href":"https:\/\/bodegahcanale.com\/eng\/wp-json\/wp\/v2\/pages\/89","targetHints":{"allow":["GET"]}}],"collection":[{"href":"https:\/\/bodegahcanale.com\/eng\/wp-json\/wp\/v2\/pages"}],"about":[{"href":"https:\/\/bodegahcanale.com\/eng\/wp-json\/wp\/v2\/types\/page"}],"author":[{"embeddable":true,"href":"https:\/\/bodegahcanale.com\/eng\/wp-json\/wp\/v2\/users\/1"}],"replies":[{"embeddable":true,"href":"https:\/\/bodegahcanale.com\/eng\/wp-json\/wp\/v2\/comments?post=89"}],"version-history":[{"count":232,"href":"https:\/\/bodegahcanale.com\/eng\/wp-json\/wp\/v2\/pages\/89\/revisions"}],"predecessor-version":[{"id":2927,"href":"https:\/\/bodegahcanale.com\/eng\/wp-json\/wp\/v2\/pages\/89\/revisions\/2927"}],"wp:attachment":[{"href":"https:\/\/bodegahcanale.com\/eng\/wp-json\/wp\/v2\/media?parent=89"}],"curies":[{"name":"wp","href":"https:\/\/api.w.org\/{rel}","templated":true}]}}