{"id":3093,"date":"2025-11-17T11:23:40","date_gmt":"2025-11-17T14:23:40","guid":{"rendered":"https:\/\/bodegahcanale.com\/?page_id=3093"},"modified":"2025-12-18T00:41:31","modified_gmt":"2025-12-18T03:41:31","slug":"humberto-canale-estate-sauvignon-gris","status":"publish","type":"page","link":"https:\/\/bodegahcanale.com\/eng\/humberto-canale-estate-sauvignon-gris\/","title":{"rendered":"Humberto Canale Estate Sauvignon Gris"},"content":{"rendered":"<div data-elementor-type=\"wp-page\" data-elementor-id=\"3093\" class=\"elementor elementor-3093\" data-elementor-post-type=\"page\">\n\t\t\t\t<div class=\"elementor-element elementor-element-59d40ff3 e-flex e-con-boxed e-con e-parent\" data-id=\"59d40ff3\" data-element_type=\"container\">\n\t\t\t\t\t<div class=\"e-con-inner\">\n\t\t<div class=\"elementor-element elementor-element-3c7759d5 e-con-full e-flex e-con e-child\" data-id=\"3c7759d5\" data-element_type=\"container\">\n\t\t\t\t<div class=\"elementor-element elementor-element-6c89d685 elementor-widget elementor-widget-image\" data-id=\"6c89d685\" data-element_type=\"widget\" data-widget_type=\"image.default\">\n\t\t\t\t<div class=\"elementor-widget-container\">\n\t\t\t\t\t\t\t\t\t\t\t\t\t\t\t<img fetchpriority=\"high\" decoding=\"async\" width=\"588\" height=\"1600\" src=\"https:\/\/bodegahcanale.com\/wp-content\/uploads\/2025\/11\/humberto-canale-sauvignon-gris.jpg\" class=\"attachment-full size-full wp-image-3074\" alt=\"\" srcset=\"https:\/\/bodegahcanale.com\/wp-content\/uploads\/2025\/11\/humberto-canale-sauvignon-gris.jpg 588w, https:\/\/bodegahcanale.com\/wp-content\/uploads\/2025\/11\/humberto-canale-sauvignon-gris-110x300.jpg 110w, https:\/\/bodegahcanale.com\/wp-content\/uploads\/2025\/11\/humberto-canale-sauvignon-gris-376x1024.jpg 376w, https:\/\/bodegahcanale.com\/wp-content\/uploads\/2025\/11\/humberto-canale-sauvignon-gris-564x1536.jpg 564w, https:\/\/bodegahcanale.com\/wp-content\/uploads\/2025\/11\/humberto-canale-sauvignon-gris-4x12.jpg 4w\" sizes=\"(max-width: 588px) 100vw, 588px\" \/>\t\t\t\t\t\t\t\t\t\t\t\t\t\t\t<\/div>\n\t\t\t\t<\/div>\n\t\t\t\t<\/div>\n\t\t<div class=\"elementor-element elementor-element-3cb72878 e-con-full e-flex e-con e-child\" data-id=\"3cb72878\" data-element_type=\"container\">\n\t\t\t\t<div class=\"elementor-element elementor-element-7b8cd5ef elementor-widget elementor-widget-heading\" data-id=\"7b8cd5ef\" data-element_type=\"widget\" data-widget_type=\"heading.default\">\n\t\t\t\t<div class=\"elementor-widget-container\">\n\t\t\t\t\t<h2 class=\"elementor-heading-title elementor-size-default\">COMPOSITION<\/h2>\t\t\t\t<\/div>\n\t\t\t\t<\/div>\n\t\t\t\t<div class=\"elementor-element elementor-element-430153ad elementor-widget elementor-widget-text-editor\" data-id=\"430153ad\" data-element_type=\"widget\" data-widget_type=\"text-editor.default\">\n\t\t\t\t<div class=\"elementor-widget-container\">\n\t\t\t\t\t\t\t\t\t<p>Sauvignon Gris 100%<\/p>\t\t\t\t\t\t\t\t<\/div>\n\t\t\t\t<\/div>\n\t\t\t\t<div class=\"elementor-element elementor-element-72333b92 elementor-widget elementor-widget-heading\" data-id=\"72333b92\" data-element_type=\"widget\" data-widget_type=\"heading.default\">\n\t\t\t\t<div class=\"elementor-widget-container\">\n\t\t\t\t\t<h2 class=\"elementor-heading-title elementor-size-default\">ORIGIN<\/h2>\t\t\t\t<\/div>\n\t\t\t\t<\/div>\n\t\t\t\t<div class=\"elementor-element elementor-element-1c3f8c0f elementor-widget elementor-widget-text-editor\" data-id=\"1c3f8c0f\" data-element_type=\"widget\" data-widget_type=\"text-editor.default\">\n\t\t\t\t<div class=\"elementor-widget-container\">\n\t\t\t\t\t\t\t\t\t<span style=\"font-weight: 400;\">Alto Valle de R\u00edo Negro, Patagonia &#8211; Argentina<\/span>\t\t\t\t\t\t\t\t<\/div>\n\t\t\t\t<\/div>\n\t\t\t\t<div class=\"elementor-element elementor-element-37c9e8bc elementor-widget elementor-widget-heading\" data-id=\"37c9e8bc\" data-element_type=\"widget\" data-widget_type=\"heading.default\">\n\t\t\t\t<div class=\"elementor-widget-container\">\n\t\t\t\t\t<h2 class=\"elementor-heading-title elementor-size-default\">SAVE<\/h2>\t\t\t\t<\/div>\n\t\t\t\t<\/div>\n\t\t\t\t<div class=\"elementor-element elementor-element-2d8d6a3c elementor-widget elementor-widget-text-editor\" data-id=\"2d8d6a3c\" data-element_type=\"widget\" data-widget_type=\"text-editor.default\">\n\t\t\t\t<div class=\"elementor-widget-container\">\n\t\t\t\t\t\t\t\t\t<p>3 years<\/p>\t\t\t\t\t\t\t\t<\/div>\n\t\t\t\t<\/div>\n\t\t\t\t<div class=\"elementor-element elementor-element-38ae817b elementor-widget elementor-widget-heading\" data-id=\"38ae817b\" data-element_type=\"widget\" data-widget_type=\"heading.default\">\n\t\t\t\t<div class=\"elementor-widget-container\">\n\t\t\t\t\t<h2 class=\"elementor-heading-title elementor-size-default\">TASTING NOTES<\/h2>\t\t\t\t<\/div>\n\t\t\t\t<\/div>\n\t\t\t\t<div class=\"elementor-element elementor-element-75d845f5 elementor-widget elementor-widget-text-editor\" data-id=\"75d845f5\" data-element_type=\"widget\" data-widget_type=\"text-editor.default\">\n\t\t\t\t<div class=\"elementor-widget-container\">\n\t\t\t\t\t\t\t\t\t<span style=\"font-weight: 400;\">De color amarillo verdoso con destellos acerados, este vino seduce con sus\naromas a anan\u00e1 y manzana verde, acompa\u00f1ados por notas c\u00edtricas y herbales. En\nboca es vibrante y fresco, con una marcada expresi\u00f3n frutal y un final largo y\nherbal que invita a seguir bebiendo.<\/span>\t\t\t\t\t\t\t\t<\/div>\n\t\t\t\t<\/div>\n\t\t\t\t<div class=\"elementor-element elementor-element-2753b32a elementor-widget elementor-widget-eael-creative-button\" data-id=\"2753b32a\" data-element_type=\"widget\" data-widget_type=\"eael-creative-button.default\">\n\t\t\t\t<div class=\"elementor-widget-container\">\n\t\t\t\t\t        <div class=\"eael-creative-button-wrapper\">\n\n            <a class=\"eael-creative-button eael-creative-button--default\" href=\"http:\/\/bodegahcanale.com\/wp-content\/uploads\/2025\/11\/SauvignonGris-EN.pdf\" target=\"_blank\" data-text=\"\">\n\n\t    \n                <div class=\"creative-button-inner\">\n\n                    \n                    <span class=\"cretive-button-text\">DATA SHEET<\/span>\n\n                                    <\/div>\n\t                        <\/a>\n        <\/div>\n\t\t\t\t<\/div>\n\t\t\t\t<\/div>\n\t\t\t\t<div class=\"elementor-element elementor-element-090c6b3 elementor-widget elementor-widget-eael-creative-button\" data-id=\"090c6b3\" data-element_type=\"widget\" data-no-translation=\"\" data-widget_type=\"eael-creative-button.default\">\n\t\t\t\t<div class=\"elementor-widget-container\">\n\t\t\t\t\t<style>.elementor-element-090c6b3{display:none !important}<\/style>\t\t\t\t<\/div>\n\t\t\t\t<\/div>\n\t\t\t\t<div class=\"elementor-element elementor-element-63848ee elementor-widget elementor-widget-eael-creative-button\" data-id=\"63848ee\" data-element_type=\"widget\" data-widget_type=\"eael-creative-button.default\">\n\t\t\t\t<div class=\"elementor-widget-container\">\n\t\t\t\t\t        <div class=\"eael-creative-button-wrapper\">\n\n            <a class=\"eael-creative-button eael-creative-button--default\" href=\"https:\/\/shop.bodegahcanale.com\/productos\/sauvignon-gris-humberto-canale-estate-1909-caja-x-6-1ge45\/\" target=\"_blank\" data-text=\"\">\n\n\t    \n                <div class=\"creative-button-inner\">\n\n                    \n                    <span class=\"cretive-button-text\">COMPRAR<\/span>\n\n                                    <\/div>\n\t                        <\/a>\n        <\/div>\n\t\t\t\t<\/div>\n\t\t\t\t<\/div>\n\t\t\t\t<\/div>\n\t\t\t\t\t<\/div>\n\t\t\t\t<\/div>\n\t\t\t\t<\/div>","protected":false},"excerpt":{"rendered":"<p>COMPOSICI\u00d3N Sauvignon Gris 100% ORIGEN Alto Valle de R\u00edo Negro, Patagonia &#8211; Argentina GUARDA 3 a\u00f1os NOTA DE CATA De color amarillo verdoso con destellos acerados, este vino seduce con sus aromas a anan\u00e1 y manzana verde, acompa\u00f1ados por notas c\u00edtricas y herbales. En boca es vibrante y fresco, con una marcada expresi\u00f3n frutal y [&hellip;]<\/p>","protected":false},"author":1,"featured_media":0,"parent":0,"menu_order":0,"comment_status":"closed","ping_status":"closed","template":"","meta":{"footnotes":""},"class_list":["post-3093","page","type-page","status-publish","hentry"],"blocksy_meta":[],"_links":{"self":[{"href":"https:\/\/bodegahcanale.com\/eng\/wp-json\/wp\/v2\/pages\/3093","targetHints":{"allow":["GET"]}}],"collection":[{"href":"https:\/\/bodegahcanale.com\/eng\/wp-json\/wp\/v2\/pages"}],"about":[{"href":"https:\/\/bodegahcanale.com\/eng\/wp-json\/wp\/v2\/types\/page"}],"author":[{"embeddable":true,"href":"https:\/\/bodegahcanale.com\/eng\/wp-json\/wp\/v2\/users\/1"}],"replies":[{"embeddable":true,"href":"https:\/\/bodegahcanale.com\/eng\/wp-json\/wp\/v2\/comments?post=3093"}],"version-history":[{"count":28,"href":"https:\/\/bodegahcanale.com\/eng\/wp-json\/wp\/v2\/pages\/3093\/revisions"}],"predecessor-version":[{"id":3130,"href":"https:\/\/bodegahcanale.com\/eng\/wp-json\/wp\/v2\/pages\/3093\/revisions\/3130"}],"wp:attachment":[{"href":"https:\/\/bodegahcanale.com\/eng\/wp-json\/wp\/v2\/media?parent=3093"}],"curies":[{"name":"wp","href":"https:\/\/api.w.org\/{rel}","templated":true}]}}