{"id":3050,"date":"2025-11-11T16:23:27","date_gmt":"2025-11-11T19:23:27","guid":{"rendered":"https:\/\/bodegahcanale.com\/?page_id=3050"},"modified":"2025-11-11T16:32:34","modified_gmt":"2025-11-11T19:32:34","slug":"barzi-canale-pinot-noir","status":"publish","type":"page","link":"https:\/\/bodegahcanale.com\/eng\/barzi-canale-pinot-noir\/","title":{"rendered":"Barzi Canale Pinot Noir"},"content":{"rendered":"<div data-elementor-type=\"wp-page\" data-elementor-id=\"3050\" class=\"elementor elementor-3050\" data-elementor-post-type=\"page\">\n\t\t\t\t<div class=\"elementor-element elementor-element-64babcef e-flex e-con-boxed e-con e-parent\" data-id=\"64babcef\" data-element_type=\"container\">\n\t\t\t\t\t<div class=\"e-con-inner\">\n\t\t<div class=\"elementor-element elementor-element-3a91dfe9 e-con-full e-flex e-con e-child\" data-id=\"3a91dfe9\" data-element_type=\"container\">\n\t\t\t\t<div class=\"elementor-element elementor-element-13220190 elementor-widget elementor-widget-image\" data-id=\"13220190\" data-element_type=\"widget\" data-widget_type=\"image.default\">\n\t\t\t\t<div class=\"elementor-widget-container\">\n\t\t\t\t\t\t\t\t\t\t\t\t\t\t\t<img fetchpriority=\"high\" decoding=\"async\" width=\"192\" height=\"610\" src=\"https:\/\/bodegahcanale.com\/wp-content\/uploads\/2025\/11\/BCAJUSTEBOT-e1762888841689.png\" class=\"attachment-full size-full wp-image-3049\" alt=\"\" srcset=\"https:\/\/bodegahcanale.com\/wp-content\/uploads\/2025\/11\/BCAJUSTEBOT-e1762888841689.png 192w, https:\/\/bodegahcanale.com\/wp-content\/uploads\/2025\/11\/BCAJUSTEBOT-e1762888841689-94x300.png 94w, https:\/\/bodegahcanale.com\/wp-content\/uploads\/2025\/11\/BCAJUSTEBOT-e1762888841689-4x12.png 4w\" sizes=\"(max-width: 192px) 100vw, 192px\" \/>\t\t\t\t\t\t\t\t\t\t\t\t\t\t\t<\/div>\n\t\t\t\t<\/div>\n\t\t\t\t<\/div>\n\t\t<div class=\"elementor-element elementor-element-cce9f37 e-con-full e-flex e-con e-child\" data-id=\"cce9f37\" data-element_type=\"container\">\n\t\t\t\t<div class=\"elementor-element elementor-element-4567a3d6 elementor-widget elementor-widget-heading\" data-id=\"4567a3d6\" data-element_type=\"widget\" data-widget_type=\"heading.default\">\n\t\t\t\t<div class=\"elementor-widget-container\">\n\t\t\t\t\t<h2 class=\"elementor-heading-title elementor-size-default\">CRIANZA<\/h2>\t\t\t\t<\/div>\n\t\t\t\t<\/div>\n\t\t\t\t<div class=\"elementor-element elementor-element-cdd763f elementor-widget elementor-widget-text-editor\" data-id=\"cdd763f\" data-element_type=\"widget\" data-widget_type=\"text-editor.default\">\n\t\t\t\t<div class=\"elementor-widget-container\">\n\t\t\t\t\t\t\t\t\t<span style=\"font-weight: 400;\">8 meses en barricas de roble franc\u00e9s de 300 y 500 lts.<\/span>\t\t\t\t\t\t\t\t<\/div>\n\t\t\t\t<\/div>\n\t\t\t\t<div class=\"elementor-element elementor-element-8fbfeca elementor-widget elementor-widget-heading\" data-id=\"8fbfeca\" data-element_type=\"widget\" data-widget_type=\"heading.default\">\n\t\t\t\t<div class=\"elementor-widget-container\">\n\t\t\t\t\t<h2 class=\"elementor-heading-title elementor-size-default\">GUARD POTENTIAL<\/h2>\t\t\t\t<\/div>\n\t\t\t\t<\/div>\n\t\t\t\t<div class=\"elementor-element elementor-element-e21dcb0 elementor-widget elementor-widget-text-editor\" data-id=\"e21dcb0\" data-element_type=\"widget\" data-widget_type=\"text-editor.default\">\n\t\t\t\t<div class=\"elementor-widget-container\">\n\t\t\t\t\t\t\t\t\t<p>10 years<\/p>\t\t\t\t\t\t\t\t<\/div>\n\t\t\t\t<\/div>\n\t\t\t\t<div class=\"elementor-element elementor-element-23afbf5b elementor-widget elementor-widget-heading\" data-id=\"23afbf5b\" data-element_type=\"widget\" data-widget_type=\"heading.default\">\n\t\t\t\t<div class=\"elementor-widget-container\">\n\t\t\t\t\t<h2 class=\"elementor-heading-title elementor-size-default\">TASTING NOTES<\/h2>\t\t\t\t<\/div>\n\t\t\t\t<\/div>\n\t\t\t\t<div class=\"elementor-element elementor-element-68a269c6 elementor-widget elementor-widget-text-editor\" data-id=\"68a269c6\" data-element_type=\"widget\" data-widget_type=\"text-editor.default\">\n\t\t\t\t<div class=\"elementor-widget-container\">\n\t\t\t\t\t\t\t\t\t<span style=\"font-weight: 400;\">De color rojo rub\u00ed vivaz, con la intensidad t\u00edpica de esta variedad. En nariz se destaca el car\u00e1cter frutado con notas de cerezas frescas y notas de nuez, en armon\u00eda con notas de suaves del aporte de la barrica de roble. En boca es fresco, balanceado, elegante y complejo. \nDe tacto sedoso con car\u00e1cter frutal. El final de boca sorprende la amplitud y persistencia. <\/span>\t\t\t\t\t\t\t\t<\/div>\n\t\t\t\t<\/div>\n\t\t\t\t<div class=\"elementor-element elementor-element-2f64306c elementor-widget elementor-widget-eael-creative-button\" data-id=\"2f64306c\" data-element_type=\"widget\" data-widget_type=\"eael-creative-button.default\">\n\t\t\t\t<div class=\"elementor-widget-container\">\n\t\t\t\t\t        <div class=\"eael-creative-button-wrapper\">\n\n            <a class=\"eael-creative-button eael-creative-button--default\" href=\"http:\/\/bodegahcanale.com\/wp-content\/uploads\/2025\/11\/BarziCanale_Pinot-Noir.pdf\" target=\"_blank\" data-text=\"\">\n\n\t    \n                <div class=\"creative-button-inner\">\n\n                    \n                    <span class=\"cretive-button-text\">DATA SHEET<\/span>\n\n                                    <\/div>\n\t                        <\/a>\n        <\/div>\n\t\t\t\t<\/div>\n\t\t\t\t<\/div>\n\t\t\t\t<div class=\"elementor-element elementor-element-b1bdfd2 elementor-hidden-widescreen elementor-hidden-desktop elementor-hidden-laptop elementor-hidden-tablet_extra elementor-hidden-tablet elementor-hidden-mobile_extra elementor-hidden-mobile elementor-widget elementor-widget-eael-creative-button\" data-id=\"b1bdfd2\" data-element_type=\"widget\" data-widget_type=\"eael-creative-button.default\">\n\t\t\t\t<div class=\"elementor-widget-container\">\n\t\t\t\t\t        <div class=\"eael-creative-button-wrapper\">\n\n            <a class=\"eael-creative-button eael-creative-button--default\" href=\"https:\/\/shop.bodegahcanale.com\/productos\/barzi-canale-blend-de-familia-estuche-x-3-botellas\/\" target=\"_blank\" data-text=\"\">\n\n\t    \n                <div class=\"creative-button-inner\">\n\n                    \n                    <span class=\"cretive-button-text\">COMPRAR<\/span>\n\n                                    <\/div>\n\t                        <\/a>\n        <\/div>\n\t\t\t\t<\/div>\n\t\t\t\t<\/div>\n\t\t\t\t<\/div>\n\t\t\t\t\t<\/div>\n\t\t\t\t<\/div>\n\t\t\t\t<\/div>","protected":false},"excerpt":{"rendered":"<p>CRIANZA 8 meses en barricas de roble franc\u00e9s de 300 y 500 lts. POTENCIAL DE GUARDA 10 a\u00f1os NOTA DE CATA De color rojo rub\u00ed vivaz, con la intensidad t\u00edpica de esta variedad. En nariz se destaca el car\u00e1cter frutado con notas de cerezas frescas y notas de nuez, en armon\u00eda con notas de suaves [&hellip;]<\/p>","protected":false},"author":1,"featured_media":0,"parent":0,"menu_order":0,"comment_status":"closed","ping_status":"closed","template":"","meta":{"footnotes":""},"class_list":["post-3050","page","type-page","status-publish","hentry"],"blocksy_meta":[],"_links":{"self":[{"href":"https:\/\/bodegahcanale.com\/eng\/wp-json\/wp\/v2\/pages\/3050","targetHints":{"allow":["GET"]}}],"collection":[{"href":"https:\/\/bodegahcanale.com\/eng\/wp-json\/wp\/v2\/pages"}],"about":[{"href":"https:\/\/bodegahcanale.com\/eng\/wp-json\/wp\/v2\/types\/page"}],"author":[{"embeddable":true,"href":"https:\/\/bodegahcanale.com\/eng\/wp-json\/wp\/v2\/users\/1"}],"replies":[{"embeddable":true,"href":"https:\/\/bodegahcanale.com\/eng\/wp-json\/wp\/v2\/comments?post=3050"}],"version-history":[{"count":13,"href":"https:\/\/bodegahcanale.com\/eng\/wp-json\/wp\/v2\/pages\/3050\/revisions"}],"predecessor-version":[{"id":3069,"href":"https:\/\/bodegahcanale.com\/eng\/wp-json\/wp\/v2\/pages\/3050\/revisions\/3069"}],"wp:attachment":[{"href":"https:\/\/bodegahcanale.com\/eng\/wp-json\/wp\/v2\/media?parent=3050"}],"curies":[{"name":"wp","href":"https:\/\/api.w.org\/{rel}","templated":true}]}}