{"id":1332,"date":"2023-08-28T10:19:12","date_gmt":"2023-08-28T13:19:12","guid":{"rendered":"http:\/\/desabhc.ticma.com.ar\/?page_id=1332"},"modified":"2025-11-11T16:31:29","modified_gmt":"2025-11-11T19:31:29","slug":"barzi-canale","status":"publish","type":"page","link":"https:\/\/bodegahcanale.com\/eng\/barzi-canale\/","title":{"rendered":"Barzi Canale"},"content":{"rendered":"<div data-elementor-type=\"wp-page\" data-elementor-id=\"1332\" class=\"elementor elementor-1332\" data-elementor-post-type=\"page\">\n\t\t\t\t<div class=\"elementor-element elementor-element-58ad099 e-con-full e-flex e-con e-parent\" data-id=\"58ad099\" data-element_type=\"container\" data-settings=\"{&quot;background_background&quot;:&quot;classic&quot;}\">\n\t\t\t\t<\/div>\n\t\t<div class=\"elementor-element elementor-element-4eca806b e-flex e-con-boxed e-con e-parent\" data-id=\"4eca806b\" data-element_type=\"container\" data-settings=\"{&quot;background_background&quot;:&quot;classic&quot;}\">\n\t\t\t\t\t<div class=\"e-con-inner\">\n\t\t<div class=\"elementor-element elementor-element-1c4d49d8 e-flex e-con-boxed e-con e-child\" data-id=\"1c4d49d8\" data-element_type=\"container\">\n\t\t\t\t\t<div class=\"e-con-inner\">\n\t\t\t\t<div class=\"elementor-element elementor-element-7df34130 elementor-widget elementor-widget-heading\" data-id=\"7df34130\" data-element_type=\"widget\" data-widget_type=\"heading.default\">\n\t\t\t\t<div class=\"elementor-widget-container\">\n\t\t\t\t\t<h1 class=\"elementor-heading-title elementor-size-default\">BARZI CANALE BLEND DE FAMILIA<\/h1>\t\t\t\t<\/div>\n\t\t\t\t<\/div>\n\t\t\t\t<div class=\"elementor-element elementor-element-5effb84b elementor-widget elementor-widget-text-editor\" data-id=\"5effb84b\" data-element_type=\"widget\" data-widget_type=\"text-editor.default\">\n\t\t\t\t<div class=\"elementor-widget-container\">\n\t\t\t\t\t\t\t\t\t<p><span style=\"font-weight: 400;\">Un gran vino nacido de la historia, experiencia y evoluci\u00f3n de nuestra familia. Es sin\u00f3nimo <\/span><span style=\"font-weight: 400;\">de nuestra visi\u00f3n del futuro de Humberto Canale. Elaborado en partidas muy limitadas, se <\/span><span style=\"font-weight: 400;\">expresa moderno, de gran complejidad, cuerpo y frescura. Su inigualable personalidad y <\/span><span style=\"font-weight: 400;\">estilo repos\u00f3 en nuestra cava durante 16 meses luego de su crianza de 12 <\/span><span style=\"font-weight: 400;\">meses en barricas de roble franc\u00e9s<\/span><span style=\"font-weight: 400;\">.<\/span><\/p>\t\t\t\t\t\t\t\t<\/div>\n\t\t\t\t<\/div>\n\t\t\t\t\t<\/div>\n\t\t\t\t<\/div>\n\t\t\t\t\t<\/div>\n\t\t\t\t<\/div>\n\t\t<div class=\"elementor-element elementor-element-15a7d22b e-con-full e-flex e-con e-parent\" data-id=\"15a7d22b\" data-element_type=\"container\" data-settings=\"{&quot;background_background&quot;:&quot;classic&quot;}\">\n\t\t<div class=\"elementor-element elementor-element-1bb511c4 e-con-full e-flex e-con e-child\" data-id=\"1bb511c4\" data-element_type=\"container\">\n\t\t\t\t<div class=\"elementor-element elementor-element-3d832f15 animated-fast eael-infobox-content-align--center eael-infobox-shape-square eael-infobox-hover-img-shape-square elementor-invisible elementor-widget elementor-widget-eael-info-box\" data-id=\"3d832f15\" data-element_type=\"widget\" data-settings=\"{&quot;_animation&quot;:&quot;zoomIn&quot;,&quot;_animation_delay&quot;:100}\" data-widget_type=\"eael-info-box.default\">\n\t\t\t\t<div class=\"elementor-widget-container\">\n\t\t\t\t\t            <a href=\"https:\/\/bodegahcanale.com\/eng\/barzi-canale-blend\/\">\n\t            <div class=\"eael-infobox\">\n\t            <div class=\"infobox-icon elementor-animation-float\">\n\n                            <img decoding=\"async\" src=\"https:\/\/bodegahcanale.com\/wp-content\/uploads\/2023\/08\/BZOCK-1.png\" alt=\"\">\n            \n            \n            \n        <\/div>\n            <div class=\"infobox-content\">\n            <div>BARZI CANALE BLEND<\/div>        <\/div>\n            <\/div>\n\n\t\t            <\/a>\n\t\t\t\t\t\t<\/div>\n\t\t\t\t<\/div>\n\t\t\t\t<\/div>\n\t\t<div class=\"elementor-element elementor-element-1651935 e-con-full e-flex e-con e-child\" data-id=\"1651935\" data-element_type=\"container\">\n\t\t\t\t<div class=\"elementor-element elementor-element-f1d3745 animated-fast eael-infobox-content-align--center eael-infobox-shape-square eael-infobox-hover-img-shape-square elementor-invisible elementor-widget elementor-widget-eael-info-box\" data-id=\"f1d3745\" data-element_type=\"widget\" data-settings=\"{&quot;_animation&quot;:&quot;zoomIn&quot;,&quot;_animation_delay&quot;:100}\" data-widget_type=\"eael-info-box.default\">\n\t\t\t\t<div class=\"elementor-widget-container\">\n\t\t\t\t\t            <a href=\"https:\/\/bodegahcanale.com\/eng\/barzi-canale-pinot-noir\/\">\n\t            <div class=\"eael-infobox\">\n\t            <div class=\"infobox-icon elementor-animation-float\">\n\n                            <img decoding=\"async\" src=\"https:\/\/bodegahcanale.com\/wp-content\/uploads\/2025\/11\/BCAJUSTEBOT-e1762888841689.png\" alt=\"\">\n            \n            \n            \n        <\/div>\n            <div class=\"infobox-content\">\n            <div><p>BARZI CANALE PINOT NOIR<\/p><\/div>        <\/div>\n            <\/div>\n\n\t\t            <\/a>\n\t\t\t\t\t\t<\/div>\n\t\t\t\t<\/div>\n\t\t\t\t<\/div>\n\t\t\t\t<\/div>\n\t\t<div class=\"elementor-element elementor-element-33faa177 e-flex e-con-boxed e-con e-parent\" data-id=\"33faa177\" data-element_type=\"container\">\n\t\t\t\t\t<div class=\"e-con-inner\">\n\t\t\t\t<div class=\"elementor-element elementor-element-73e3fbe7 elementor-widget elementor-widget-image\" data-id=\"73e3fbe7\" data-element_type=\"widget\" data-widget_type=\"image.default\">\n\t\t\t\t<div class=\"elementor-widget-container\">\n\t\t\t\t\t\t\t\t\t\t\t\t\t\t\t<img decoding=\"async\" width=\"210\" height=\"210\" src=\"https:\/\/bodegahcanale.com\/wp-content\/uploads\/2023\/08\/iso-12.svg\" class=\"attachment-large size-large wp-image-716\" alt=\"\" \/>\t\t\t\t\t\t\t\t\t\t\t\t\t\t\t<\/div>\n\t\t\t\t<\/div>\n\t\t\t\t\t<\/div>\n\t\t\t\t<\/div>\n\t\t\t\t<\/div>","protected":false},"excerpt":{"rendered":"<p>BARZI CANALE BLEND DE FAMILIA Un gran vino nacido de la historia, experiencia y evoluci\u00f3n de nuestra familia. Es sin\u00f3nimo de nuestra visi\u00f3n del futuro de Humberto Canale. Elaborado en partidas muy limitadas, se expresa moderno, de gran complejidad, cuerpo y frescura. Su inigualable personalidad y estilo repos\u00f3 en nuestra cava durante 16 meses luego [&hellip;]<\/p>","protected":false},"author":1,"featured_media":0,"parent":0,"menu_order":0,"comment_status":"closed","ping_status":"closed","template":"","meta":{"footnotes":""},"class_list":["post-1332","page","type-page","status-publish","hentry"],"blocksy_meta":[],"_links":{"self":[{"href":"https:\/\/bodegahcanale.com\/eng\/wp-json\/wp\/v2\/pages\/1332","targetHints":{"allow":["GET"]}}],"collection":[{"href":"https:\/\/bodegahcanale.com\/eng\/wp-json\/wp\/v2\/pages"}],"about":[{"href":"https:\/\/bodegahcanale.com\/eng\/wp-json\/wp\/v2\/types\/page"}],"author":[{"embeddable":true,"href":"https:\/\/bodegahcanale.com\/eng\/wp-json\/wp\/v2\/users\/1"}],"replies":[{"embeddable":true,"href":"https:\/\/bodegahcanale.com\/eng\/wp-json\/wp\/v2\/comments?post=1332"}],"version-history":[{"count":31,"href":"https:\/\/bodegahcanale.com\/eng\/wp-json\/wp\/v2\/pages\/1332\/revisions"}],"predecessor-version":[{"id":3060,"href":"https:\/\/bodegahcanale.com\/eng\/wp-json\/wp\/v2\/pages\/1332\/revisions\/3060"}],"wp:attachment":[{"href":"https:\/\/bodegahcanale.com\/eng\/wp-json\/wp\/v2\/media?parent=1332"}],"curies":[{"name":"wp","href":"https:\/\/api.w.org\/{rel}","templated":true}]}}