{"id":1300,"date":"2023-08-25T19:24:36","date_gmt":"2023-08-25T22:24:36","guid":{"rendered":"http:\/\/desabhc.ticma.com.ar\/?page_id=1300"},"modified":"2024-12-16T10:39:48","modified_gmt":"2024-12-16T13:39:48","slug":"humberto-canale-gran-reserva-malbec","status":"publish","type":"page","link":"https:\/\/bodegahcanale.com\/eng\/humberto-canale-gran-reserva-malbec\/","title":{"rendered":"Humberto Canale Gran Reserva Malbec"},"content":{"rendered":"<div data-elementor-type=\"wp-page\" data-elementor-id=\"1300\" class=\"elementor elementor-1300\" data-elementor-post-type=\"page\">\n\t\t\t\t<div class=\"elementor-element elementor-element-6f8f4453 e-flex e-con-boxed e-con e-parent\" data-id=\"6f8f4453\" data-element_type=\"container\">\n\t\t\t\t\t<div class=\"e-con-inner\">\n\t\t<div class=\"elementor-element elementor-element-778c6922 e-con-full e-flex e-con e-child\" data-id=\"778c6922\" data-element_type=\"container\">\n\t\t\t\t<div class=\"elementor-element elementor-element-51cb3929 elementor-widget elementor-widget-image\" data-id=\"51cb3929\" data-element_type=\"widget\" data-widget_type=\"image.default\">\n\t\t\t\t<div class=\"elementor-widget-container\">\n\t\t\t\t\t\t\t\t\t\t\t\t\t\t\t<img fetchpriority=\"high\" decoding=\"async\" width=\"198\" height=\"772\" src=\"https:\/\/bodegahcanale.com\/wp-content\/uploads\/2023\/08\/Humberto-CanaleGRMBC2021.png\" class=\"attachment-full size-full wp-image-712\" alt=\"\" srcset=\"https:\/\/bodegahcanale.com\/wp-content\/uploads\/2023\/08\/Humberto-CanaleGRMBC2021.png 198w, https:\/\/bodegahcanale.com\/wp-content\/uploads\/2023\/08\/Humberto-CanaleGRMBC2021-77x300.png 77w\" sizes=\"(max-width: 198px) 100vw, 198px\" \/>\t\t\t\t\t\t\t\t\t\t\t\t\t\t\t<\/div>\n\t\t\t\t<\/div>\n\t\t\t\t<\/div>\n\t\t<div class=\"elementor-element elementor-element-112d10b9 e-con-full e-flex e-con e-child\" data-id=\"112d10b9\" data-element_type=\"container\">\n\t\t\t\t<div class=\"elementor-element elementor-element-2eb4df73 elementor-widget elementor-widget-heading\" data-id=\"2eb4df73\" data-element_type=\"widget\" data-widget_type=\"heading.default\">\n\t\t\t\t<div class=\"elementor-widget-container\">\n\t\t\t\t\t<h2 class=\"elementor-heading-title elementor-size-default\">COMPOSITION<\/h2>\t\t\t\t<\/div>\n\t\t\t\t<\/div>\n\t\t\t\t<div class=\"elementor-element elementor-element-5d5d7878 elementor-widget elementor-widget-text-editor\" data-id=\"5d5d7878\" data-element_type=\"widget\" data-widget_type=\"text-editor.default\">\n\t\t\t\t<div class=\"elementor-widget-container\">\n\t\t\t\t\t\t\t\t\t<p>Varietal 100%<\/p>\t\t\t\t\t\t\t\t<\/div>\n\t\t\t\t<\/div>\n\t\t\t\t<div class=\"elementor-element elementor-element-d918e19 elementor-widget elementor-widget-heading\" data-id=\"d918e19\" data-element_type=\"widget\" data-widget_type=\"heading.default\">\n\t\t\t\t<div class=\"elementor-widget-container\">\n\t\t\t\t\t<h2 class=\"elementor-heading-title elementor-size-default\">ORIGIN<\/h2>\t\t\t\t<\/div>\n\t\t\t\t<\/div>\n\t\t\t\t<div class=\"elementor-element elementor-element-4b3154be elementor-widget elementor-widget-text-editor\" data-id=\"4b3154be\" data-element_type=\"widget\" data-widget_type=\"text-editor.default\">\n\t\t\t\t<div class=\"elementor-widget-container\">\n\t\t\t\t\t\t\t\t\t<p><span style=\"font-weight: 400;\">Own vineyards in General Roca, Upper Valley of Rio Negro, Patagonia.<\/span><\/p>\t\t\t\t\t\t\t\t<\/div>\n\t\t\t\t<\/div>\n\t\t\t\t<div class=\"elementor-element elementor-element-5a7349e2 elementor-widget elementor-widget-heading\" data-id=\"5a7349e2\" data-element_type=\"widget\" data-widget_type=\"heading.default\">\n\t\t\t\t<div class=\"elementor-widget-container\">\n\t\t\t\t\t<h2 class=\"elementor-heading-title elementor-size-default\">SAVE<\/h2>\t\t\t\t<\/div>\n\t\t\t\t<\/div>\n\t\t\t\t<div class=\"elementor-element elementor-element-39977e5 elementor-widget elementor-widget-text-editor\" data-id=\"39977e5\" data-element_type=\"widget\" data-widget_type=\"text-editor.default\">\n\t\t\t\t<div class=\"elementor-widget-container\">\n\t\t\t\t\t\t\t\t\t<p>10 years<\/p>\t\t\t\t\t\t\t\t<\/div>\n\t\t\t\t<\/div>\n\t\t\t\t<div class=\"elementor-element elementor-element-b8f5eef elementor-widget elementor-widget-heading\" data-id=\"b8f5eef\" data-element_type=\"widget\" data-widget_type=\"heading.default\">\n\t\t\t\t<div class=\"elementor-widget-container\">\n\t\t\t\t\t<h2 class=\"elementor-heading-title elementor-size-default\">TASTING NOTES<\/h2>\t\t\t\t<\/div>\n\t\t\t\t<\/div>\n\t\t\t\t<div class=\"elementor-element elementor-element-7681b2ad elementor-widget elementor-widget-text-editor\" data-id=\"7681b2ad\" data-element_type=\"widget\" data-widget_type=\"text-editor.default\">\n\t\t\t\t<div class=\"elementor-widget-container\">\n\t\t\t\t\t\t\t\t\t<p><span style=\"font-weight: 400;\">Purplish red Color, intense and deep, very attractive. Remarkable notes of plums, strawberries and jams, with mixed notes of vanilla and toast, provided by its passage in barrel. In the mouth is a wine that has a good structure, full and long flavor, with a great power. A great wine, apt to be savored on the best occasions. Their character and personality make it indicated to associate with any dish.<\/span><\/p>\t\t\t\t\t\t\t\t<\/div>\n\t\t\t\t<\/div>\n\t\t\t\t<div class=\"elementor-element elementor-element-666bed90 elementor-widget elementor-widget-eael-creative-button\" data-id=\"666bed90\" data-element_type=\"widget\" data-widget_type=\"eael-creative-button.default\">\n\t\t\t\t<div class=\"elementor-widget-container\">\n\t\t\t\t\t        <div class=\"eael-creative-button-wrapper\">\n\n            <a class=\"eael-creative-button eael-creative-button--default\" href=\"http:\/\/bodegahcanale.com\/wp-content\/uploads\/2023\/11\/FICHA-HCgranReservaMALBEC_eng.pdf\" target=\"_blank\" data-text=\"\">\n\n\t    \n                <div class=\"creative-button-inner\">\n\n                    \n                    <span class=\"cretive-button-text\">DATA SHEET<\/span>\n\n                                    <\/div>\n\t                        <\/a>\n        <\/div>\n\t\t\t\t<\/div>\n\t\t\t\t<\/div>\n\t\t\t\t<div class=\"elementor-element elementor-element-f7a4322 elementor-widget elementor-widget-eael-creative-button\" data-id=\"f7a4322\" data-element_type=\"widget\" data-widget_type=\"eael-creative-button.default\">\n\t\t\t\t<div class=\"elementor-widget-container\">\n\t\t\t\t\t        <div class=\"eael-creative-button-wrapper\">\n\n            <a class=\"eael-creative-button eael-creative-button--default\" href=\"https:\/\/shop.bodegahcanale.com\/productos\/malbec-humberto-canale-gran-reserva-caja-x-6\/\" target=\"_blank\" data-text=\"\">\n\n\t    \n                <div class=\"creative-button-inner\">\n\n                    \n                    <span class=\"cretive-button-text\">COMPRAR<\/span>\n\n                                    <\/div>\n\t                        <\/a>\n        <\/div>\n\t\t\t\t<\/div>\n\t\t\t\t<\/div>\n\t\t\t\t<\/div>\n\t\t\t\t\t<\/div>\n\t\t\t\t<\/div>\n\t\t\t\t<\/div>","protected":false},"excerpt":{"rendered":"<p>COMPOSICI\u00d3N Varietal 100% ORIGEN Vi\u00f1edos propios en General Roca, Alto Valle de R\u00edo Negro, Patagonia. GUARDA 10 a\u00f1os NOTA DE CATA Color rojo viol\u00e1ceo, intenso y profundo, muy atractivo. Notable aroma a ciruelas, frutillas y confituras, que se mezclan con notas de vainilla y tostado, aportados por su paso en barrica. En boca es un [&hellip;]<\/p>","protected":false},"author":1,"featured_media":0,"parent":0,"menu_order":0,"comment_status":"closed","ping_status":"closed","template":"","meta":{"footnotes":""},"class_list":["post-1300","page","type-page","status-publish","hentry"],"blocksy_meta":[],"_links":{"self":[{"href":"https:\/\/bodegahcanale.com\/eng\/wp-json\/wp\/v2\/pages\/1300","targetHints":{"allow":["GET"]}}],"collection":[{"href":"https:\/\/bodegahcanale.com\/eng\/wp-json\/wp\/v2\/pages"}],"about":[{"href":"https:\/\/bodegahcanale.com\/eng\/wp-json\/wp\/v2\/types\/page"}],"author":[{"embeddable":true,"href":"https:\/\/bodegahcanale.com\/eng\/wp-json\/wp\/v2\/users\/1"}],"replies":[{"embeddable":true,"href":"https:\/\/bodegahcanale.com\/eng\/wp-json\/wp\/v2\/comments?post=1300"}],"version-history":[{"count":16,"href":"https:\/\/bodegahcanale.com\/eng\/wp-json\/wp\/v2\/pages\/1300\/revisions"}],"predecessor-version":[{"id":2861,"href":"https:\/\/bodegahcanale.com\/eng\/wp-json\/wp\/v2\/pages\/1300\/revisions\/2861"}],"wp:attachment":[{"href":"https:\/\/bodegahcanale.com\/eng\/wp-json\/wp\/v2\/media?parent=1300"}],"curies":[{"name":"wp","href":"https:\/\/api.w.org\/{rel}","templated":true}]}}